{"id":4842,"date":"2024-09-26T17:34:05","date_gmt":"2024-09-26T09:34:05","guid":{"rendered":"https:\/\/mongolia.com.co\/?post_type=product&#038;p=4842"},"modified":"2024-10-04T02:22:42","modified_gmt":"2024-10-03T18:22:42","slug":"viaje-de-invierno-a-mongolia","status":"publish","type":"product","link":"https:\/\/mongolia.com.co\/es\/visitas\/viaje-de-invierno-a-mongolia\/","title":{"rendered":"El pa\u00eds de las maravillas invernal"},"content":{"rendered":"<p>Experimente la magia de los paisajes invernales en esta inmersiva traves\u00eda de invierno de 12 d\u00edas por Mongolia. Desde las bulliciosas calles de Ul\u00e1n Bator hasta las serenas orillas del lago Khuvsgul, explorar\u00e1 las joyas ocultas de Mongolia bajo un manto de nieve. Cabalgue por bosques v\u00edrgenes, practique senderismo por volcanes inactivos y rel\u00e1jese al calor de las aguas termales naturales. Este viaje ofrece una mezcla inigualable de aventura, relajaci\u00f3n y exploraci\u00f3n cultural. Ya sea pescando en el hielo de lagos helados o recorriendo los antiguos pasos de Kharkorin, cada d\u00eda promete encuentros \u00fanicos con la impresionante naturaleza invernal de Mongolia.<\/p>","protected":false},"excerpt":{"rendered":"<p>Viva el m\u00e1gico invierno de Mongolia a trav\u00e9s de aventuras inolvidables, alojamientos panor\u00e1micos y exploraciones hist\u00f3ricas<\/p>","protected":false},"featured_media":4865,"comment_status":"open","ping_status":"closed","template":"","meta":{"_acf_changed":false,"iawp_total_views":1172},"product_brand":[],"product_cat":[17],"product_tag":[],"class_list":{"0":"post-4842","1":"product","2":"type-product","3":"status-publish","4":"has-post-thumbnail","6":"product_cat-tours","8":"first","9":"instock","10":"virtual","11":"sold-individually","12":"purchasable","13":"product-type-booking"},"acf":[],"_links":{"self":[{"href":"https:\/\/mongolia.com.co\/es\/wp-json\/wp\/v2\/product\/4842","targetHints":{"allow":["GET"]}}],"collection":[{"href":"https:\/\/mongolia.com.co\/es\/wp-json\/wp\/v2\/product"}],"about":[{"href":"https:\/\/mongolia.com.co\/es\/wp-json\/wp\/v2\/types\/product"}],"replies":[{"embeddable":true,"href":"https:\/\/mongolia.com.co\/es\/wp-json\/wp\/v2\/comments?post=4842"}],"version-history":[{"count":0,"href":"https:\/\/mongolia.com.co\/es\/wp-json\/wp\/v2\/product\/4842\/revisions"}],"wp:featuredmedia":[{"embeddable":true,"href":"https:\/\/mongolia.com.co\/es\/wp-json\/wp\/v2\/media\/4865"}],"wp:attachment":[{"href":"https:\/\/mongolia.com.co\/es\/wp-json\/wp\/v2\/media?parent=4842"}],"wp:term":[{"taxonomy":"product_brand","embeddable":true,"href":"https:\/\/mongolia.com.co\/es\/wp-json\/wp\/v2\/product_brand?post=4842"},{"taxonomy":"product_cat","embeddable":true,"href":"https:\/\/mongolia.com.co\/es\/wp-json\/wp\/v2\/product_cat?post=4842"},{"taxonomy":"product_tag","embeddable":true,"href":"https:\/\/mongolia.com.co\/es\/wp-json\/wp\/v2\/product_tag?post=4842"}],"curies":[{"name":"wp","href":"https:\/\/api.w.org\/{rel}","templated":true}]}}