{"id":5532,"date":"2025-12-02T19:09:11","date_gmt":"2025-12-02T11:09:11","guid":{"rendered":"https:\/\/mongolia.com.co\/?post_type=product&#038;p=5532"},"modified":"2025-12-08T17:32:33","modified_gmt":"2025-12-08T09:32:33","slug":"mongolia-por-tierra-gobi-eagle-hunters","status":"publish","type":"product","link":"https:\/\/mongolia.com.co\/es\/visitas\/mongolia-por-tierra-gobi-eagle-hunters\/","title":{"rendered":"Mongolia Loop a Khuvsgul, Altai y Gobi septentrional"},"content":{"rendered":"<p>Emb\u00e1rquese en lo \u00faltimo <a href=\"https:\/\/mongolia.com.co\/es\/\">Aventura 4\u00d74 en Mongolia<\/a> con <strong>SIXT Offroad<\/strong> y disfrute de una de las rutas por tierra m\u00e1s completas de Mongolia. Esta expedici\u00f3n en coche de 18 d\u00edas con extensiones opcionales est\u00e1 pensada para los viajeros que desean un aut\u00e9ntico viaje en coche por Mongolia: remoto, aut\u00e9ntico y repleto de paisajes \u00fanicos en la vida. Desde los profundos bosques y los caudalosos r\u00edos del norte de Mongolia hasta las inmensas dunas de arena, los lagos cristalinos y los picos de gran altitud del lejano oeste, \u00e9ste es un largo viaje por Mongolia dise\u00f1ado para mostrar toda la diversidad de la naturaleza salvaje del pa\u00eds. Mientras recorre este circuito por Mongolia en su Toyota Land Cruiser totalmente equipado <a href=\"https:\/\/mongolia.com.co\/es\/mongolia-alquiler-de-coches-selfdrive-tour\/\">Coche de alquiler 4\u00d74 Mongolia<\/a>, Atravesar\u00e1 estepas v\u00edrgenes, conducir\u00e1 por valles ocultos y llegar\u00e1 hasta cazadores de \u00e1guilas, familias n\u00f3madas y paisajes que pocos viajeros llegan a ver.<\/p>\n<p>Acampa bajo cielos nocturnos inmaculados, sigue las escarpadas pistas de Mongolia por tierra y disfruta de la libertad que s\u00f3lo un <a href=\"https:\/\/mongolia.com.co\/es\/\">Mongolia en coche<\/a> expedici\u00f3n puede ofrecer. Tanto si sue\u00f1as con un itinerario de tres semanas por Mongolia como si quieres ampliarlo a una expedici\u00f3n por tierra de un mes por Mongolia, esta ruta ofrece la m\u00e1xima aventura, inmersi\u00f3n cultural y el verdadero esp\u00edritu de la exploraci\u00f3n remota todoterreno.<\/p>\n<h3>Lo que ver\u00e1 en el gran Mongolia Loop a Khuvsgul, Altai y Gobi<\/h3>\n<p>Esta ruta por tierra de Mongolia conecta muchas de las maravillas naturales y culturales m\u00e1s extraordinarias del pa\u00eds. En el norte, llegar\u00e1 a la regi\u00f3n del lago Khuvsgul, parte de uno de los sistemas de agua dulce m\u00e1s limpios y largos del mundo, que fluye a trav\u00e9s de los r\u00edos Eg, Selenge y Orkhon. Estas aguas legendarias albergan la mayor especie de trucha del mundo, el taimen, lo que convierte a esta zona en la joya de la corona de cualquier viaje largo por Mongolia.<\/p>\n<p>A medida que su aventura en Mongolia 4\u00d74 contin\u00faa hacia el oeste, cruzar\u00e1 Altan Els, las dunas de arena m\u00e1s septentrionales de Mongolia y el \u00fanico lugar del planeta donde pastan juntos camellos bactrianos y peludos yaks.<\/p>\n<p>A continuaci\u00f3n, el viaje se adentra en las dram\u00e1ticas monta\u00f1as de Altai, una remota frontera de glaciares, los picos m\u00e1s altos de Mongolia, vastas cuencas y fauna emblem\u00e1tica, como la oveja salvaje m\u00e1s grande del mundo, el argal\u00ed de Altai, y el enorme \u00edbice de Altai. Esta regi\u00f3n es tambi\u00e9n la patria de los cazadores de \u00e1guilas kazajos, cuya tradici\u00f3n centenaria es uno de los aspectos culturales m\u00e1s destacados de cualquier circuito por Mongolia.<\/p>\n<p>En el sur, su expedici\u00f3n por Mongolia en 4\u00d74 le adentrar\u00e1 en el desierto de Gobi, h\u00e1bitat de camellos salvajes, leopardos de las nieves, osos, ant\u00edlopes e innumerables especies adaptadas al desierto. Estos dram\u00e1ticos contrastes hacen de esta expedici\u00f3n por tierra a Mongolia uno de los viajes en 4\u00d74 m\u00e1s ricos y variados de Asia.<\/p>","protected":false},"excerpt":{"rendered":"<p>Explore los paisajes m\u00e1s impresionantes de Mongolia, lejos de los caminos trillados.<\/p>","protected":false},"featured_media":5583,"comment_status":"open","ping_status":"closed","template":"","meta":{"_acf_changed":false,"iawp_total_views":273},"product_brand":[],"product_cat":[17],"product_tag":[],"class_list":{"0":"post-5532","1":"product","2":"type-product","3":"status-publish","4":"has-post-thumbnail","6":"product_cat-tours","8":"first","9":"instock","10":"virtual","11":"sold-individually","12":"purchasable","13":"product-type-booking"},"acf":[],"_links":{"self":[{"href":"https:\/\/mongolia.com.co\/es\/wp-json\/wp\/v2\/product\/5532","targetHints":{"allow":["GET"]}}],"collection":[{"href":"https:\/\/mongolia.com.co\/es\/wp-json\/wp\/v2\/product"}],"about":[{"href":"https:\/\/mongolia.com.co\/es\/wp-json\/wp\/v2\/types\/product"}],"replies":[{"embeddable":true,"href":"https:\/\/mongolia.com.co\/es\/wp-json\/wp\/v2\/comments?post=5532"}],"version-history":[{"count":36,"href":"https:\/\/mongolia.com.co\/es\/wp-json\/wp\/v2\/product\/5532\/revisions"}],"predecessor-version":[{"id":5635,"href":"https:\/\/mongolia.com.co\/es\/wp-json\/wp\/v2\/product\/5532\/revisions\/5635"}],"wp:featuredmedia":[{"embeddable":true,"href":"https:\/\/mongolia.com.co\/es\/wp-json\/wp\/v2\/media\/5583"}],"wp:attachment":[{"href":"https:\/\/mongolia.com.co\/es\/wp-json\/wp\/v2\/media?parent=5532"}],"wp:term":[{"taxonomy":"product_brand","embeddable":true,"href":"https:\/\/mongolia.com.co\/es\/wp-json\/wp\/v2\/product_brand?post=5532"},{"taxonomy":"product_cat","embeddable":true,"href":"https:\/\/mongolia.com.co\/es\/wp-json\/wp\/v2\/product_cat?post=5532"},{"taxonomy":"product_tag","embeddable":true,"href":"https:\/\/mongolia.com.co\/es\/wp-json\/wp\/v2\/product_tag?post=5532"}],"curies":[{"name":"wp","href":"https:\/\/api.w.org\/{rel}","templated":true}]}}