{"id":5616,"date":"2025-12-04T19:29:23","date_gmt":"2025-12-04T11:29:23","guid":{"rendered":"https:\/\/mongolia.com.co\/?post_type=product&#038;p=5616"},"modified":"2026-03-13T13:17:28","modified_gmt":"2026-03-13T05:17:28","slug":"bucle-de-mongolia-a-khuvsgul-altai-y-gobi-meridional","status":"publish","type":"product","link":"https:\/\/mongolia.com.co\/es\/visitas\/bucle-de-mongolia-a-khuvsgul-altai-y-gobi-meridional\/","title":{"rendered":"Mongolia Loop a Khuvsgul, Altai y Gobi meridional"},"content":{"rendered":"<h2 data-start=\"239\" data-end=\"322\"><strong data-start=\"241\" data-end=\"322\">3 Semanas Mongolia - La mejor expedici\u00f3n por tierra a trav\u00e9s del Norte, Oeste y Gobi<\/strong><\/h2>\n<p data-start=\"324\" data-end=\"747\">Embarcarse en la definitiva <strong data-start=\"349\" data-end=\"379\">3 semanas de aventura por Mongolia<\/strong> y descubra una de las rutas terrestres m\u00e1s completas jam\u00e1s creadas. Esta expedici\u00f3n de 21 d\u00edas, dise\u00f1ada para viajeros que buscan paisajes agrestes, encuentros aut\u00e9nticos y aut\u00e9ntica libertad en la naturaleza, le llevar\u00e1 por las regiones m\u00e1s emblem\u00e1ticas de Mongolia, desde el norte boscoso y el legendario lago Khuvsgul hasta las monta\u00f1as Altai de gran altitud y el vasto y cinematogr\u00e1fico desierto de Gobi.<\/p>\n<p data-start=\"749\" data-end=\"1129\">Tanto si viaja con un <a href=\"https:\/\/mongolia.com.co\/es\/mongolia-alquiler-de-coches-selfdrive-tour\/\">Coche de alquiler 4\u00d74<\/a> o unirse a una <a href=\"https:\/\/themongoliatour.com\/tours\/altai-tracks-to-eagle-hunters\/\" target=\"_blank\" rel=\"noopener\">Excursi\u00f3n guiada por Mongolia en coche a Altai<\/a>, Este <strong data-start=\"846\" data-end=\"880\">Itinerario de tres semanas por Mongolia<\/strong> muestra el pa\u00eds en su estado m\u00e1s salvaje. Seguir\u00e1 pistas remotas a trav\u00e9s de valles fluviales, dormir\u00e1 bajo cielos nocturnos brillantes, conocer\u00e1 a familias n\u00f3madas, visitar\u00e1 a cazadores de \u00e1guilas kazajos y atravesar\u00e1 entornos tan diversos que cada d\u00eda le parecer\u00e1 un mundo nuevo.<\/p>\n<p data-start=\"1131\" data-end=\"1530\">Esta ruta une los sistemas de agua dulce m\u00e1s puros de Mongolia en el norte, las dunas de arena dorada del noroeste y el sur, las mesetas volc\u00e1nicas, los picos alpinos de Altai, las antiguas regiones culturales y los espectaculares ca\u00f1ones y acantilados del Gobi. Si quiere conocer Mongolia en toda su dimensi\u00f3n, de norte a oeste y de sur a norte, este viaje le ayudar\u00e1 a descubrirla. <strong data-start=\"1429\" data-end=\"1453\">3 semanas por Mongolia<\/strong> ofrece el equilibrio perfecto entre aventura, cultura e impresionante naturaleza.<\/p>\n<h3 data-start=\"1537\" data-end=\"1598\"><strong data-start=\"1539\" data-end=\"1598\">Qu\u00e9 experimentar\u00e1 en esta ruta de 3 semanas por Mongolia<\/strong><\/h3>\n<h4 data-start=\"1600\" data-end=\"1648\"><strong data-start=\"1604\" data-end=\"1648\">V\u00edas navegables septentrionales y espacios naturales arbolados<\/strong><\/h4>\n<p data-start=\"1649\" data-end=\"2034\">Su viaje comienza siguiendo los hist\u00f3ricos sistemas fluviales de Selenge, Orkhon y Eg-part de una de las redes de agua dulce m\u00e1s limpias del mundo. El camino hacia el norte le conducir\u00e1 a la taiga virgen, a pac\u00edficos campamentos ribere\u00f1os y, finalmente, a la joya del norte de Mongolia: <strong data-start=\"1924\" data-end=\"1941\">Lago Khuvsgul<\/strong>, un pr\u00edstino lago alpino famoso por su profundidad, claridad y las espectaculares monta\u00f1as que lo rodean.<\/p>\n<h4 data-start=\"2036\" data-end=\"2090\"><strong data-start=\"2040\" data-end=\"2090\">Altan Els y la frontera occidental oculta de Mongolia<\/strong><\/h4>\n<p data-start=\"2091\" data-end=\"2434\">Cruzando hacia el oeste, llegar\u00e1s a <strong data-start=\"2128\" data-end=\"2141\">Altan Els<\/strong>, el sistema de dunas m\u00e1s septentrional de Mongolia y una zona de transici\u00f3n surrealista donde camellos, yaks y pastores n\u00f3madas comparten el mismo paisaje. A continuaci\u00f3n, la ruta se adentra en el poderoso <strong data-start=\"2313\" data-end=\"2332\">Monta\u00f1as Altai<\/strong>, El Parque Nacional de los Alpes, hogar de ovejas argal\u00edes salvajes, cabras montesas, glaciares y extensos valles modelados por milenios de viento y hielo.<\/p>\n<p data-start=\"2436\" data-end=\"2602\">Un punto culminante de cualquier viaje largo por Mongolia es conocer a los <strong data-start=\"2489\" data-end=\"2513\">Cazadores de \u00e1guilas kazajos<\/strong> de Bayan-Ulgii, guardianes de una de las \u00faltimas tradiciones de caza ancestrales que sobreviven en la Tierra.<\/p>\n<h4 data-start=\"2604\" data-end=\"2663\"><strong data-start=\"2608\" data-end=\"2663\">Uvs &amp; Uureg: Lagos de gran altitud de la Gran Cuenca<\/strong><\/h4>\n<p data-start=\"2664\" data-end=\"2927\">De Ulaangom y <strong data-start=\"2682\" data-end=\"2694\">Lago Uvs<\/strong>, el mayor lago de Mongolia, hasta las remotas aguas azules de <strong data-start=\"2755\" data-end=\"2769\">Lago Uureg<\/strong>, Esta parte de la ruta ofrece algunos de los paisajes alpinos m\u00e1s fotog\u00e9nicos del pa\u00eds. Aqu\u00ed, Mongolia parece no tener fin: agreste, vac\u00eda e imposiblemente bella.<\/p>\n<h4 data-start=\"2929\" data-end=\"2991\"><strong data-start=\"2933\" data-end=\"2991\">El desierto de Gobi: Dunas, ca\u00f1ones y templos de piedra silenciosos<\/strong><\/h4>\n<p data-start=\"2992\" data-end=\"3169\">A continuaci\u00f3n, su expedici\u00f3n de tres semanas por Mongolia se adentrar\u00e1 en el Gobi, un mundo de imponentes dunas, valles ocultos, fauna salvaje y paisajes prehist\u00f3ricos. Lo m\u00e1s destacado incluye:<\/p>\n<ul data-start=\"3171\" data-end=\"3383\">\n<li data-start=\"3171\" data-end=\"3216\">\n<p data-start=\"3173\" data-end=\"3216\"><strong data-start=\"3173\" data-end=\"3187\">Barunbayan<\/strong> y <strong data-start=\"3192\" data-end=\"3214\">Dunas de arena de Khongor<\/strong><\/p>\n<\/li>\n<li data-start=\"3217\" data-end=\"3258\">\n<p data-start=\"3219\" data-end=\"3258\">El profundo y fresco ca\u00f1\u00f3n de <strong data-start=\"3244\" data-end=\"3256\">Yolin Am<\/strong><\/p>\n<\/li>\n<li data-start=\"3259\" data-end=\"3322\">\n<p data-start=\"3261\" data-end=\"3322\">Los blancos acantilados de <strong data-start=\"3287\" data-end=\"3320\">Tsagaan Suvarga (Estupa Blanca)<\/strong><\/p>\n<\/li>\n<li data-start=\"3323\" data-end=\"3383\">\n<p data-start=\"3325\" data-end=\"3383\">Las antiguas formaciones gran\u00edticas de <strong data-start=\"3359\" data-end=\"3383\">Bagaa Gazriin Chuluu<\/strong><\/p>\n<\/li>\n<\/ul>\n<p data-start=\"3385\" data-end=\"3564\">Fin del viaje en <strong data-start=\"3407\" data-end=\"3431\">Parque Nacional de Terelj<\/strong>, En el camino de regreso a Mongolia, se encontrar\u00e1 con bosques, formaciones rocosas y amplias estepas, un cap\u00edtulo final ideal para tres semanas inolvidables a trav\u00e9s de Mongolia.<\/p>","protected":false},"excerpt":{"rendered":"<p>Explore los paisajes m\u00e1s impresionantes de Mongolia, lejos de los caminos trillados.<\/p>","protected":false},"featured_media":5627,"comment_status":"open","ping_status":"closed","template":"","meta":{"_acf_changed":false,"iawp_total_views":168},"product_brand":[],"product_cat":[17],"product_tag":[],"class_list":{"0":"post-5616","1":"product","2":"type-product","3":"status-publish","4":"has-post-thumbnail","6":"product_cat-tours","8":"first","9":"instock","10":"virtual","11":"sold-individually","12":"purchasable","13":"product-type-booking"},"acf":[],"_links":{"self":[{"href":"https:\/\/mongolia.com.co\/es\/wp-json\/wp\/v2\/product\/5616","targetHints":{"allow":["GET"]}}],"collection":[{"href":"https:\/\/mongolia.com.co\/es\/wp-json\/wp\/v2\/product"}],"about":[{"href":"https:\/\/mongolia.com.co\/es\/wp-json\/wp\/v2\/types\/product"}],"replies":[{"embeddable":true,"href":"https:\/\/mongolia.com.co\/es\/wp-json\/wp\/v2\/comments?post=5616"}],"version-history":[{"count":12,"href":"https:\/\/mongolia.com.co\/es\/wp-json\/wp\/v2\/product\/5616\/revisions"}],"predecessor-version":[{"id":5660,"href":"https:\/\/mongolia.com.co\/es\/wp-json\/wp\/v2\/product\/5616\/revisions\/5660"}],"wp:featuredmedia":[{"embeddable":true,"href":"https:\/\/mongolia.com.co\/es\/wp-json\/wp\/v2\/media\/5627"}],"wp:attachment":[{"href":"https:\/\/mongolia.com.co\/es\/wp-json\/wp\/v2\/media?parent=5616"}],"wp:term":[{"taxonomy":"product_brand","embeddable":true,"href":"https:\/\/mongolia.com.co\/es\/wp-json\/wp\/v2\/product_brand?post=5616"},{"taxonomy":"product_cat","embeddable":true,"href":"https:\/\/mongolia.com.co\/es\/wp-json\/wp\/v2\/product_cat?post=5616"},{"taxonomy":"product_tag","embeddable":true,"href":"https:\/\/mongolia.com.co\/es\/wp-json\/wp\/v2\/product_tag?post=5616"}],"curies":[{"name":"wp","href":"https:\/\/api.w.org\/{rel}","templated":true}]}}