{"id":5744,"date":"2026-03-13T12:58:24","date_gmt":"2026-03-13T04:58:24","guid":{"rendered":"https:\/\/mongolia.com.co\/?post_type=product&#038;p=5744"},"modified":"2026-03-17T21:24:45","modified_gmt":"2026-03-17T13:24:45","slug":"lo-mas-destacado-de-mongolia","status":"publish","type":"product","link":"https:\/\/mongolia.com.co\/es\/visitas\/lo-mas-destacado-de-mongolia\/","title":{"rendered":"Lo m\u00e1s destacado de Mongolia"},"content":{"rendered":"<p>Este <a href=\"https:\/\/mongolia.com.co\/es\/?page_id=953\">Mongolia en coche<\/a> te lleva por los paisajes m\u00e1s impresionantes de Mongolia central en diez d\u00edas: desde las vastas estepas que rodean Ul\u00e1n Bator hasta el verde valle del Orkhon y los tranquilos lagos de la regi\u00f3n de Arkhangai.<\/p>\n<p>Poco despu\u00e9s de su llegada, experimentar\u00e1 sus primeras impresiones espectaculares de formaciones gran\u00edticas, valles abiertos y cultura n\u00f3mada con la monumental estatua de Chinggis Khan y el Parque Nacional de Gorkhi Terelj.<br \/>\nA medida que contin\u00fae su viaje, descubrir\u00e1 la diversa geolog\u00eda del pa\u00eds: las sorprendentes formaciones rocosas de Baga Gazriin Chuluu, las suaves dunas de Elsen Tasarkhai y los vastos paisajes fluviales del valle de Orkhon, protegido por la UNESCO. Por el camino, conocer\u00e1 a familias n\u00f3madas, experimentar\u00e1 modos de vida tradicionales y disfrutar\u00e1 del especial silencio y la inmensidad de la naturaleza mongola.<br \/>\nEl viaje combina experiencias activas en la naturaleza con hitos culturales: caminatas por paisajes volc\u00e1nicos, relajaci\u00f3n en las aguas termales de Tsenkher, una visita a la capital hist\u00f3rica, Karakorum, y al monasterio de Erdene Zuu. En el lago Ugii, podr\u00e1 disfrutar de apacibles atardeceres y excelentes oportunidades de observaci\u00f3n de aves antes de ver en libertad a los raros caballos de Przewalski en el Parque Nacional de Khustai.<\/p>\n<p>Este viaje es ideal para viajeros que deseen descubrir los famosos lugares m\u00e1s destacados de Mongolia de forma flexible e intensiva. Usted conduce de forma independiente, pero acompa\u00f1ado de un detallado briefing y apoyo a distancia, y viaja a trav\u00e9s de paisajes en constante cambio: desde estepas y arenas hasta valles fluviales y mesetas alpinas. Un viaje lleno de contrastes, experiencias en la naturaleza y encuentros aut\u00e9nticos que proporciona una visi\u00f3n profunda del coraz\u00f3n original de Mongolia.<\/p>","protected":false},"excerpt":{"rendered":"<p>Explore los lugares m\u00e1s destacados de Mongolia en un fascinante viaje en coche.<\/p>","protected":false},"featured_media":4069,"comment_status":"open","ping_status":"closed","template":"","meta":{"_acf_changed":false,"iawp_total_views":183},"product_brand":[],"product_cat":[17],"product_tag":[],"class_list":{"0":"post-5744","1":"product","2":"type-product","3":"status-publish","4":"has-post-thumbnail","6":"product_cat-tours","8":"first","9":"instock","10":"virtual","11":"sold-individually","12":"purchasable","13":"product-type-booking"},"acf":[],"_links":{"self":[{"href":"https:\/\/mongolia.com.co\/es\/wp-json\/wp\/v2\/product\/5744","targetHints":{"allow":["GET"]}}],"collection":[{"href":"https:\/\/mongolia.com.co\/es\/wp-json\/wp\/v2\/product"}],"about":[{"href":"https:\/\/mongolia.com.co\/es\/wp-json\/wp\/v2\/types\/product"}],"replies":[{"embeddable":true,"href":"https:\/\/mongolia.com.co\/es\/wp-json\/wp\/v2\/comments?post=5744"}],"version-history":[{"count":17,"href":"https:\/\/mongolia.com.co\/es\/wp-json\/wp\/v2\/product\/5744\/revisions"}],"predecessor-version":[{"id":5819,"href":"https:\/\/mongolia.com.co\/es\/wp-json\/wp\/v2\/product\/5744\/revisions\/5819"}],"wp:featuredmedia":[{"embeddable":true,"href":"https:\/\/mongolia.com.co\/es\/wp-json\/wp\/v2\/media\/4069"}],"wp:attachment":[{"href":"https:\/\/mongolia.com.co\/es\/wp-json\/wp\/v2\/media?parent=5744"}],"wp:term":[{"taxonomy":"product_brand","embeddable":true,"href":"https:\/\/mongolia.com.co\/es\/wp-json\/wp\/v2\/product_brand?post=5744"},{"taxonomy":"product_cat","embeddable":true,"href":"https:\/\/mongolia.com.co\/es\/wp-json\/wp\/v2\/product_cat?post=5744"},{"taxonomy":"product_tag","embeddable":true,"href":"https:\/\/mongolia.com.co\/es\/wp-json\/wp\/v2\/product_tag?post=5744"}],"curies":[{"name":"wp","href":"https:\/\/api.w.org\/{rel}","templated":true}]}}