{"id":5908,"date":"2026-04-12T21:28:03","date_gmt":"2026-04-12T13:28:03","guid":{"rendered":"https:\/\/mongolia.com.co\/?post_type=product&#038;p=5908"},"modified":"2026-04-12T22:39:59","modified_gmt":"2026-04-12T14:39:59","slug":"retiro-en-la-naturaleza","status":"publish","type":"product","link":"https:\/\/mongolia.com.co\/es\/visitas\/retiro-en-la-naturaleza\/","title":{"rendered":"Retiro en la naturaleza"},"content":{"rendered":"<p class=\"section-body\">Elsen Taserkhai \u2014 tambi\u00e9n conocido como el \u201cMini Gobi\u201d \u2014 es un extenso arco de dunas de arena enclavado entre monta\u00f1as y estepas, a pocas horas de Ulaanbaatar. Este retiro de 6 d\u00edas est\u00e1 dise\u00f1ado para viajeros que desean reducir el ritmo: sin visitas tur\u00edsticas de un lado a otro, sin horarios forzados. Tus d\u00edas son para que los llenes con paseos en camello al amanecer, largas caminatas por las dunas, noches con una familia n\u00f3mada, o simplemente sin hacer nada en absoluto. Para aquellos que desean m\u00e1s, un men\u00fa de experiencias de reserva previa \u2014 desde cenas de cordero a la luz de las velas hasta fotograf\u00eda guiada de gatos de Pallas \u2014 siempre est\u00e1 disponible.<\/p>\n<p>&nbsp;<\/p>\n<p class=\"section-body\">El paquete se puede reservar como una experiencia totalmente privada, o una vez al a\u00f1o como una salida en grupo reducido, donde se organizan e incluyen dos actividades seleccionadas al d\u00eda.<\/p>","protected":false},"excerpt":{"rendered":"<p>Disfruta de una semana de naturaleza, amplios espacios abiertos, silencio y actividades energizantes.<\/p>","protected":false},"featured_media":5911,"comment_status":"open","ping_status":"closed","template":"","meta":{"_acf_changed":false,"iawp_total_views":54},"product_brand":[],"product_cat":[17],"product_tag":[],"class_list":{"0":"post-5908","1":"product","2":"type-product","3":"status-publish","4":"has-post-thumbnail","6":"product_cat-tours","8":"first","9":"instock","10":"virtual","11":"sold-individually","12":"purchasable","13":"product-type-booking"},"acf":[],"_links":{"self":[{"href":"https:\/\/mongolia.com.co\/es\/wp-json\/wp\/v2\/product\/5908","targetHints":{"allow":["GET"]}}],"collection":[{"href":"https:\/\/mongolia.com.co\/es\/wp-json\/wp\/v2\/product"}],"about":[{"href":"https:\/\/mongolia.com.co\/es\/wp-json\/wp\/v2\/types\/product"}],"replies":[{"embeddable":true,"href":"https:\/\/mongolia.com.co\/es\/wp-json\/wp\/v2\/comments?post=5908"}],"version-history":[{"count":18,"href":"https:\/\/mongolia.com.co\/es\/wp-json\/wp\/v2\/product\/5908\/revisions"}],"predecessor-version":[{"id":5967,"href":"https:\/\/mongolia.com.co\/es\/wp-json\/wp\/v2\/product\/5908\/revisions\/5967"}],"wp:featuredmedia":[{"embeddable":true,"href":"https:\/\/mongolia.com.co\/es\/wp-json\/wp\/v2\/media\/5911"}],"wp:attachment":[{"href":"https:\/\/mongolia.com.co\/es\/wp-json\/wp\/v2\/media?parent=5908"}],"wp:term":[{"taxonomy":"product_brand","embeddable":true,"href":"https:\/\/mongolia.com.co\/es\/wp-json\/wp\/v2\/product_brand?post=5908"},{"taxonomy":"product_cat","embeddable":true,"href":"https:\/\/mongolia.com.co\/es\/wp-json\/wp\/v2\/product_cat?post=5908"},{"taxonomy":"product_tag","embeddable":true,"href":"https:\/\/mongolia.com.co\/es\/wp-json\/wp\/v2\/product_tag?post=5908"}],"curies":[{"name":"wp","href":"https:\/\/api.w.org\/{rel}","templated":true}]}}