{"id":890,"date":"2024-02-01T09:19:35","date_gmt":"2024-02-01T09:19:35","guid":{"rendered":"https:\/\/mongolia.com.co\/?post_type=product&#038;p=890"},"modified":"2025-12-04T19:26:34","modified_gmt":"2025-12-04T11:26:34","slug":"mejora-del-seguro","status":"publish","type":"product","link":"https:\/\/mongolia.com.co\/es\/visitas\/mejora-del-seguro\/","title":{"rendered":"Mejora del seguro"},"content":{"rendered":"","protected":false},"excerpt":{"rendered":"<p>Exenci\u00f3n de Da\u00f1os por P\u00e9rdida con franquicia reducida a 503EUR, Protecci\u00f3n de Grava, Protecci\u00f3n de Arena y Ceniza, Protecci\u00f3n de Neum\u00e1ticos y Parabrisas, Protecci\u00f3n en Carretera.<\/p>","protected":false},"featured_media":891,"comment_status":"open","ping_status":"closed","template":"","meta":{"_acf_changed":false,"iawp_total_views":66},"product_brand":[],"product_cat":[19],"product_tag":[],"class_list":{"0":"post-890","1":"product","2":"type-product","3":"status-publish","4":"has-post-thumbnail","6":"product_cat-tour-upgrades","8":"first","9":"instock","10":"virtual","11":"purchasable","12":"product-type-simple"},"acf":[],"_links":{"self":[{"href":"https:\/\/mongolia.com.co\/es\/wp-json\/wp\/v2\/product\/890","targetHints":{"allow":["GET"]}}],"collection":[{"href":"https:\/\/mongolia.com.co\/es\/wp-json\/wp\/v2\/product"}],"about":[{"href":"https:\/\/mongolia.com.co\/es\/wp-json\/wp\/v2\/types\/product"}],"replies":[{"embeddable":true,"href":"https:\/\/mongolia.com.co\/es\/wp-json\/wp\/v2\/comments?post=890"}],"version-history":[{"count":0,"href":"https:\/\/mongolia.com.co\/es\/wp-json\/wp\/v2\/product\/890\/revisions"}],"wp:featuredmedia":[{"embeddable":true,"href":"https:\/\/mongolia.com.co\/es\/wp-json\/wp\/v2\/media\/891"}],"wp:attachment":[{"href":"https:\/\/mongolia.com.co\/es\/wp-json\/wp\/v2\/media?parent=890"}],"wp:term":[{"taxonomy":"product_brand","embeddable":true,"href":"https:\/\/mongolia.com.co\/es\/wp-json\/wp\/v2\/product_brand?post=890"},{"taxonomy":"product_cat","embeddable":true,"href":"https:\/\/mongolia.com.co\/es\/wp-json\/wp\/v2\/product_cat?post=890"},{"taxonomy":"product_tag","embeddable":true,"href":"https:\/\/mongolia.com.co\/es\/wp-json\/wp\/v2\/product_tag?post=890"}],"curies":[{"name":"wp","href":"https:\/\/api.w.org\/{rel}","templated":true}]}}