{"id":5841,"date":"2026-04-01T22:13:11","date_gmt":"2026-04-01T14:13:11","guid":{"rendered":"https:\/\/mongolia.com.co\/?page_id=5841"},"modified":"2026-04-01T22:44:03","modified_gmt":"2026-04-01T14:44:03","slug":"visites-en-mongolie","status":"publish","type":"page","link":"https:\/\/mongolia.com.co\/fr\/visites-en-mongolie\/","title":{"rendered":"Voyages en Mongolie"},"content":{"rendered":"","protected":false},"excerpt":{"rendered":"<p>D\u00e9couvrez les sensations que procurent les circuits tout-terrain en Mongolie. Naviguez \u00e0 travers de vastes paysages, rencontrez des nomades et d\u00e9couvrez des sites anciens gr\u00e2ce \u00e0 nos voyages en 4\u00d74 guid\u00e9s par des experts.<\/p>","protected":false},"author":2,"featured_media":527,"parent":0,"menu_order":0,"comment_status":"closed","ping_status":"closed","template":"","meta":{"_acf_changed":false,"iawp_total_views":17,"footnotes":""},"class_list":["post-5841","page","type-page","status-publish","has-post-thumbnail","hentry"],"acf":[],"_links":{"self":[{"href":"https:\/\/mongolia.com.co\/fr\/wp-json\/wp\/v2\/pages\/5841","targetHints":{"allow":["GET"]}}],"collection":[{"href":"https:\/\/mongolia.com.co\/fr\/wp-json\/wp\/v2\/pages"}],"about":[{"href":"https:\/\/mongolia.com.co\/fr\/wp-json\/wp\/v2\/types\/page"}],"author":[{"embeddable":true,"href":"https:\/\/mongolia.com.co\/fr\/wp-json\/wp\/v2\/users\/2"}],"replies":[{"embeddable":true,"href":"https:\/\/mongolia.com.co\/fr\/wp-json\/wp\/v2\/comments?post=5841"}],"version-history":[{"count":14,"href":"https:\/\/mongolia.com.co\/fr\/wp-json\/wp\/v2\/pages\/5841\/revisions"}],"predecessor-version":[{"id":5867,"href":"https:\/\/mongolia.com.co\/fr\/wp-json\/wp\/v2\/pages\/5841\/revisions\/5867"}],"wp:featuredmedia":[{"embeddable":true,"href":"https:\/\/mongolia.com.co\/fr\/wp-json\/wp\/v2\/media\/527"}],"wp:attachment":[{"href":"https:\/\/mongolia.com.co\/fr\/wp-json\/wp\/v2\/media?parent=5841"}],"curies":[{"name":"wp","href":"https:\/\/api.w.org\/{rel}","templated":true}]}}