{"id":1032,"date":"2024-02-08T15:43:15","date_gmt":"2024-02-08T15:43:15","guid":{"rendered":"https:\/\/mongolia.com.co\/?post_type=product&#038;p=1032"},"modified":"2024-10-04T02:22:43","modified_gmt":"2024-10-03T18:22:43","slug":"sables-du-gobi","status":"publish","type":"product","link":"https:\/\/mongolia.com.co\/fr\/tournees\/sables-du-gobi\/","title":{"rendered":"Sables de Gobi"},"content":{"rendered":"<p>D\u00e9couvrez le c\u0153ur de la Mongolie avec le circuit des Sables de Gobi, une aventure tout-terrain de 6 jours qui vous emm\u00e8ne des rues anim\u00e9es d'Oulan-Bator aux dunes majestueuses du d\u00e9sert de Gobi. Avec un m\u00e9lange de routes difficiles, d'immersion culturelle et de merveilles naturelles \u00e0 couper le souffle, ce voyage promet une exp\u00e9rience inoubliable \u00e0 travers la beaut\u00e9 sauvage de la Mongolie.<\/p>","protected":false},"excerpt":{"rendered":"<p>Une aventure de 6 jours \u00e0 travers les paysages sauvages de la Mongolie, d'Oulan-Bator au d\u00e9sert de Gobi.<\/p>","protected":false},"featured_media":1033,"comment_status":"open","ping_status":"closed","template":"","meta":{"_acf_changed":false,"iawp_total_views":2491},"product_brand":[],"product_cat":[17],"product_tag":[],"class_list":{"0":"post-1032","1":"product","2":"type-product","3":"status-publish","4":"has-post-thumbnail","6":"product_cat-tours","8":"first","9":"instock","10":"virtual","11":"sold-individually","12":"purchasable","13":"product-type-booking"},"acf":[],"_links":{"self":[{"href":"https:\/\/mongolia.com.co\/fr\/wp-json\/wp\/v2\/product\/1032","targetHints":{"allow":["GET"]}}],"collection":[{"href":"https:\/\/mongolia.com.co\/fr\/wp-json\/wp\/v2\/product"}],"about":[{"href":"https:\/\/mongolia.com.co\/fr\/wp-json\/wp\/v2\/types\/product"}],"replies":[{"embeddable":true,"href":"https:\/\/mongolia.com.co\/fr\/wp-json\/wp\/v2\/comments?post=1032"}],"version-history":[{"count":0,"href":"https:\/\/mongolia.com.co\/fr\/wp-json\/wp\/v2\/product\/1032\/revisions"}],"wp:featuredmedia":[{"embeddable":true,"href":"https:\/\/mongolia.com.co\/fr\/wp-json\/wp\/v2\/media\/1033"}],"wp:attachment":[{"href":"https:\/\/mongolia.com.co\/fr\/wp-json\/wp\/v2\/media?parent=1032"}],"wp:term":[{"taxonomy":"product_brand","embeddable":true,"href":"https:\/\/mongolia.com.co\/fr\/wp-json\/wp\/v2\/product_brand?post=1032"},{"taxonomy":"product_cat","embeddable":true,"href":"https:\/\/mongolia.com.co\/fr\/wp-json\/wp\/v2\/product_cat?post=1032"},{"taxonomy":"product_tag","embeddable":true,"href":"https:\/\/mongolia.com.co\/fr\/wp-json\/wp\/v2\/product_tag?post=1032"}],"curies":[{"name":"wp","href":"https:\/\/api.w.org\/{rel}","templated":true}]}}