{"id":1433,"date":"2024-02-21T18:07:32","date_gmt":"2024-02-21T18:07:32","guid":{"rendered":"https:\/\/mongolia.com.co\/?post_type=product&#038;p=1433"},"modified":"2024-10-04T02:22:42","modified_gmt":"2024-10-03T18:22:42","slug":"mongolie-sauvage","status":"publish","type":"product","link":"https:\/\/mongolia.com.co\/fr\/tournees\/mongolie-sauvage\/","title":{"rendered":"La Mongolie sauvage"},"content":{"rendered":"<p>D\u00e9couvrez le c\u0153ur de la Mongolie sauvage au cours d'une aventure qui vous m\u00e8nera des rues anim\u00e9es d'Oulan-Bator aux vastes \u00e9tendues du d\u00e9sert de Gobi. D\u00e9couvrez le frisson des dunes de Khongorin Els, le myst\u00e8re des falaises enflamm\u00e9es et la s\u00e9r\u00e9nit\u00e9 du lac Khar Nuur. S\u00e9journez dans des camps Ger traditionnels, partagez des moments avec des familles nomades et immergez-vous dans la riche culture et les paysages \u00e9poustouflants de la Mongolie. Ce voyage offre un m\u00e9lange in\u00e9gal\u00e9 d'aventure, de nature et d'immersion culturelle dans l'une des destinations les plus extraordinaires au monde.<\/p>\n<p>Si vous avez des questions <a href=\"#contact-us\">contactez-nous ici<\/a> ou nous envoyer un courriel \u00e0 l'adresse suivante<br \/>\n<a href=\"mailto:contact@mongolia.com.co\">contact@mongolia.com.co<\/a><\/p>","protected":false},"excerpt":{"rendered":"<p>Une aventure de 20 jours en Mongolie, o\u00f9 l'immersion culturelle et les paysages \u00e0 couper le souffle se conjuguent pour cr\u00e9er un voyage inoubliable.<\/p>","protected":false},"featured_media":1434,"comment_status":"open","ping_status":"closed","template":"","meta":{"_acf_changed":false,"iawp_total_views":1004},"product_brand":[],"product_cat":[17],"product_tag":[],"class_list":{"0":"post-1433","1":"product","2":"type-product","3":"status-publish","4":"has-post-thumbnail","6":"product_cat-tours","8":"first","9":"instock","10":"virtual","11":"sold-individually","12":"purchasable","13":"product-type-booking"},"acf":[],"_links":{"self":[{"href":"https:\/\/mongolia.com.co\/fr\/wp-json\/wp\/v2\/product\/1433","targetHints":{"allow":["GET"]}}],"collection":[{"href":"https:\/\/mongolia.com.co\/fr\/wp-json\/wp\/v2\/product"}],"about":[{"href":"https:\/\/mongolia.com.co\/fr\/wp-json\/wp\/v2\/types\/product"}],"replies":[{"embeddable":true,"href":"https:\/\/mongolia.com.co\/fr\/wp-json\/wp\/v2\/comments?post=1433"}],"version-history":[{"count":0,"href":"https:\/\/mongolia.com.co\/fr\/wp-json\/wp\/v2\/product\/1433\/revisions"}],"wp:featuredmedia":[{"embeddable":true,"href":"https:\/\/mongolia.com.co\/fr\/wp-json\/wp\/v2\/media\/1434"}],"wp:attachment":[{"href":"https:\/\/mongolia.com.co\/fr\/wp-json\/wp\/v2\/media?parent=1433"}],"wp:term":[{"taxonomy":"product_brand","embeddable":true,"href":"https:\/\/mongolia.com.co\/fr\/wp-json\/wp\/v2\/product_brand?post=1433"},{"taxonomy":"product_cat","embeddable":true,"href":"https:\/\/mongolia.com.co\/fr\/wp-json\/wp\/v2\/product_cat?post=1433"},{"taxonomy":"product_tag","embeddable":true,"href":"https:\/\/mongolia.com.co\/fr\/wp-json\/wp\/v2\/product_tag?post=1433"}],"curies":[{"name":"wp","href":"https:\/\/api.w.org\/{rel}","templated":true}]}}