{"id":3607,"date":"2026-03-16T13:20:51","date_gmt":"2026-03-16T05:20:51","guid":{"rendered":"https:\/\/mongolia.com.co\/?post_type=product&#038;p=3607"},"modified":"2026-03-17T22:26:24","modified_gmt":"2026-03-17T14:26:24","slug":"gobi-vers-le-nord-de-la-mongolie","status":"publish","type":"product","link":"https:\/\/mongolia.com.co\/fr\/tournees\/gobi-vers-le-nord-de-la-mongolie\/","title":{"rendered":"Mongolie hors des sentiers battus \u2013 Gobi, Steppes &amp; Nord"},"content":{"rendered":"<p>Cette exp\u00e9dition en Mongolie en voiture vous emm\u00e8ne loin des sentiers battus, \u00e0 travers certains des paysages les plus spectaculaires et les plus recul\u00e9s du pays. Pendant deux semaines inoubliables, vous partirez des vastes steppes pr\u00e8s d'Oulan-Bator pour rejoindre les dunes ondulantes du Gobi, les terres historiques de l'Empire mongol et les for\u00eats sauvages du nord, en s\u00e9journant en chemin dans quelques-uns des meilleurs lodges de Mongolie.<\/p>\n<p>Peu apr\u00e8s votre arriv\u00e9e, votre aventure commence par les sites les plus embl\u00e9matiques de Mongolie : la monumentale statue de Chinggis Khan et les spectaculaires formations granitiques du parc national de Terelj. Alors que l'asphalte s'efface derri\u00e8re vous, la v\u00e9ritable exploration commence. Votre itin\u00e9raire en 4\u00d74 traverse des vall\u00e9es cach\u00e9es, des affleurements rocheux et des steppes ouvertes o\u00f9 les bergers nomades suivent encore d'anciennes traditions et o\u00f9 la faune se prom\u00e8ne librement.<\/p>\n<p>En voyageant plus profond\u00e9ment dans le pays, vous rencontrerez les contrastes saisissants de la Mongolie : les formations rocheuses surr\u00e9alistes de Baga Gazriin Chuluu, les dunes dor\u00e9es d'Elsen Tasarkhai dans le \u201cMini Gobi\u201d, et les paysages historiques entourant Karakorum et le monast\u00e8re d'Erdene Zuu. En chemin, vous rencontrerez des familles nomades, ferez l'exp\u00e9rience de la vie traditionnelle des troupeaux et d\u00e9couvrirez le silence profond et l'immensit\u00e9 qui font de la Mongolie l'une des derni\u00e8res grandes destinations sauvages du monde.<\/p>\n<p>Plus au nord, le paysage se transforme en vall\u00e9es fluviales luxuriantes, en montagnes bois\u00e9es et en cours d'eau cristallins. Dans la r\u00e9gion recul\u00e9e de Bulgan, vous s\u00e9journerez dans un magnifique lodge au bord de la rivi\u00e8re Eg, un paradis intact c\u00e9l\u00e8bre pour sa faune, sa nature intacte et son l\u00e9gendaire poisson taimen. Ici, les excursions en rafting, les randonn\u00e9es pittoresques et les soir\u00e9es autour d'un feu de camp r\u00e9v\u00e8lent une facette plus calme et rarement visit\u00e9e de la Mongolie.<\/p>\n<p>Ce circuit allie l'aventure de la conduite tout-terrain \u00e0 la d\u00e9couverte culturelle et \u00e0 des moments de pure d\u00e9tente. Des camps soigneusement s\u00e9lectionn\u00e9s, des s\u00e9jours en yourte traditionnelle et quelques-uns des meilleurs lodges de Mongolie garantissent le confort tout en restant immerg\u00e9s dans la nature. Gr\u00e2ce \u00e0 un guidage d\u00e9taill\u00e9 et \u00e0 une assistance tout au long du voyage, vous explorez la Mongolie de mani\u00e8re ind\u00e9pendante tout en d\u00e9couvrant ses r\u00e9gions les plus authentiques et les plus \u00e9poustouflantes. Un voyage con\u00e7u pour les voyageurs en qu\u00eate d'aventure, de libert\u00e9 et d'un lien profond avec les paysages sauvages et la culture nomade intemporelle de la Mongolie.<\/p>","protected":false},"excerpt":{"rendered":"<p>Embarquez pour un voyage hors des sentiers battus \u00e0 travers la Mongolie, des dunes de sable de Gobi aux vall\u00e9es fluviales sauvages, en s\u00e9journant dans les meilleurs lodges de Mongolie.<\/p>","protected":false},"featured_media":5788,"comment_status":"open","ping_status":"closed","template":"","meta":{"_acf_changed":false,"iawp_total_views":60},"product_brand":[],"product_cat":[17],"product_tag":[],"class_list":{"0":"post-3607","1":"product","2":"type-product","3":"status-publish","4":"has-post-thumbnail","6":"product_cat-tours","8":"first","9":"instock","10":"virtual","11":"sold-individually","12":"purchasable","13":"product-type-booking"},"acf":[],"_links":{"self":[{"href":"https:\/\/mongolia.com.co\/fr\/wp-json\/wp\/v2\/product\/3607","targetHints":{"allow":["GET"]}}],"collection":[{"href":"https:\/\/mongolia.com.co\/fr\/wp-json\/wp\/v2\/product"}],"about":[{"href":"https:\/\/mongolia.com.co\/fr\/wp-json\/wp\/v2\/types\/product"}],"replies":[{"embeddable":true,"href":"https:\/\/mongolia.com.co\/fr\/wp-json\/wp\/v2\/comments?post=3607"}],"version-history":[{"count":41,"href":"https:\/\/mongolia.com.co\/fr\/wp-json\/wp\/v2\/product\/3607\/revisions"}],"predecessor-version":[{"id":5830,"href":"https:\/\/mongolia.com.co\/fr\/wp-json\/wp\/v2\/product\/3607\/revisions\/5830"}],"wp:featuredmedia":[{"embeddable":true,"href":"https:\/\/mongolia.com.co\/fr\/wp-json\/wp\/v2\/media\/5788"}],"wp:attachment":[{"href":"https:\/\/mongolia.com.co\/fr\/wp-json\/wp\/v2\/media?parent=3607"}],"wp:term":[{"taxonomy":"product_brand","embeddable":true,"href":"https:\/\/mongolia.com.co\/fr\/wp-json\/wp\/v2\/product_brand?post=3607"},{"taxonomy":"product_cat","embeddable":true,"href":"https:\/\/mongolia.com.co\/fr\/wp-json\/wp\/v2\/product_cat?post=3607"},{"taxonomy":"product_tag","embeddable":true,"href":"https:\/\/mongolia.com.co\/fr\/wp-json\/wp\/v2\/product_tag?post=3607"}],"curies":[{"name":"wp","href":"https:\/\/api.w.org\/{rel}","templated":true}]}}