{"id":3914,"date":"2024-05-23T14:52:48","date_gmt":"2024-05-23T14:52:48","guid":{"rendered":"https:\/\/mongolia.com.co\/?post_type=product&#038;p=3914"},"modified":"2024-10-04T12:22:37","modified_gmt":"2024-10-04T04:22:37","slug":"boucle-de-mongolie-du-nord","status":"publish","type":"product","link":"https:\/\/mongolia.com.co\/fr\/tournees\/boucle-de-mongolie-du-nord\/","title":{"rendered":"Boucle de la Mongolie septentrionale"},"content":{"rendered":"<p>Embarquez pour une aventure hors route exaltante de 14 jours \u00e0 travers les paysages du nord de la Mongolie. D\u00e9couvrez les sensations que procure la travers\u00e9e de terrains vari\u00e9s, depuis les lacs sereins et les anciens monast\u00e8res jusqu'aux vastes dunes de sable et aux volcans majestueux. Ce circuit offre un m\u00e9lange unique d'immersion culturelle et d'aventure en plein air, parfait pour ceux qui recherchent une v\u00e9ritable escapade mongole.<\/p>","protected":false},"excerpt":{"rendered":"<p>Embarquez pour un voyage hors route de 14 jours \u00e0 travers les paysages \u00e0 couper le souffle de la Mongolie du Nord, sa riche culture et ses camps de g\u00e9rontes traditionnels.<\/p>","protected":false},"featured_media":3988,"comment_status":"open","ping_status":"closed","template":"","meta":{"_acf_changed":false,"iawp_total_views":1233},"product_brand":[],"product_cat":[17],"product_tag":[36],"class_list":{"0":"post-3914","1":"product","2":"type-product","3":"status-publish","4":"has-post-thumbnail","6":"product_cat-tours","7":"product_tag-northern-mongolia-loop","9":"first","10":"instock","11":"virtual","12":"sold-individually","13":"purchasable","14":"product-type-booking"},"acf":[],"_links":{"self":[{"href":"https:\/\/mongolia.com.co\/fr\/wp-json\/wp\/v2\/product\/3914","targetHints":{"allow":["GET"]}}],"collection":[{"href":"https:\/\/mongolia.com.co\/fr\/wp-json\/wp\/v2\/product"}],"about":[{"href":"https:\/\/mongolia.com.co\/fr\/wp-json\/wp\/v2\/types\/product"}],"replies":[{"embeddable":true,"href":"https:\/\/mongolia.com.co\/fr\/wp-json\/wp\/v2\/comments?post=3914"}],"version-history":[{"count":0,"href":"https:\/\/mongolia.com.co\/fr\/wp-json\/wp\/v2\/product\/3914\/revisions"}],"wp:featuredmedia":[{"embeddable":true,"href":"https:\/\/mongolia.com.co\/fr\/wp-json\/wp\/v2\/media\/3988"}],"wp:attachment":[{"href":"https:\/\/mongolia.com.co\/fr\/wp-json\/wp\/v2\/media?parent=3914"}],"wp:term":[{"taxonomy":"product_brand","embeddable":true,"href":"https:\/\/mongolia.com.co\/fr\/wp-json\/wp\/v2\/product_brand?post=3914"},{"taxonomy":"product_cat","embeddable":true,"href":"https:\/\/mongolia.com.co\/fr\/wp-json\/wp\/v2\/product_cat?post=3914"},{"taxonomy":"product_tag","embeddable":true,"href":"https:\/\/mongolia.com.co\/fr\/wp-json\/wp\/v2\/product_tag?post=3914"}],"curies":[{"name":"wp","href":"https:\/\/api.w.org\/{rel}","templated":true}]}}