{"id":413,"date":"2024-01-26T11:15:18","date_gmt":"2024-01-26T11:15:18","guid":{"rendered":"https:\/\/mongolia.com.co\/?post_type=product&#038;p=413"},"modified":"2025-08-21T19:35:58","modified_gmt":"2025-08-21T11:35:58","slug":"de-la-steppe-au-gobi","status":"publish","type":"product","link":"https:\/\/mongolia.com.co\/fr\/tournees\/de-la-steppe-au-gobi\/","title":{"rendered":"Des steppes au Gobi"},"content":{"rendered":"<p>D\u00e9couvrez la magie des steppes et des dunes de Mongolie lors de ce voyage de 15 jours \u00e0 travers la Mongolie centrale et le d\u00e9sert de Gobi. Rencontrez des chevaux sauvages dans le parc national de Khustai et ressentez le frisson de la conduite hors route dans des paysages immenses et sauvages. Admirez la richesse culturelle des anciens monast\u00e8res et des sites historiques. Des sables murmurants des dunes de Khongor \u00e0 la s\u00e9r\u00e9nit\u00e9 spirituelle du monast\u00e8re d'Ongii, chaque jour est un nouveau chapitre de d\u00e9couverte.<\/p>","protected":false},"excerpt":{"rendered":"<p>D\u00e9couvrez la beaut\u00e9 sauvage de la Mongolie lors d'une exp\u00e9dition hors route de 15 jours des steppes au d\u00e9sert de Gobi.<\/p>","protected":false},"featured_media":5360,"comment_status":"open","ping_status":"closed","template":"","meta":{"_acf_changed":false,"iawp_total_views":1430},"product_brand":[],"product_cat":[17],"product_tag":[],"class_list":{"0":"post-413","1":"product","2":"type-product","3":"status-publish","4":"has-post-thumbnail","6":"product_cat-tours","8":"first","9":"instock","10":"virtual","11":"sold-individually","12":"purchasable","13":"product-type-booking"},"acf":[],"_links":{"self":[{"href":"https:\/\/mongolia.com.co\/fr\/wp-json\/wp\/v2\/product\/413","targetHints":{"allow":["GET"]}}],"collection":[{"href":"https:\/\/mongolia.com.co\/fr\/wp-json\/wp\/v2\/product"}],"about":[{"href":"https:\/\/mongolia.com.co\/fr\/wp-json\/wp\/v2\/types\/product"}],"replies":[{"embeddable":true,"href":"https:\/\/mongolia.com.co\/fr\/wp-json\/wp\/v2\/comments?post=413"}],"version-history":[{"count":6,"href":"https:\/\/mongolia.com.co\/fr\/wp-json\/wp\/v2\/product\/413\/revisions"}],"predecessor-version":[{"id":5361,"href":"https:\/\/mongolia.com.co\/fr\/wp-json\/wp\/v2\/product\/413\/revisions\/5361"}],"wp:featuredmedia":[{"embeddable":true,"href":"https:\/\/mongolia.com.co\/fr\/wp-json\/wp\/v2\/media\/5360"}],"wp:attachment":[{"href":"https:\/\/mongolia.com.co\/fr\/wp-json\/wp\/v2\/media?parent=413"}],"wp:term":[{"taxonomy":"product_brand","embeddable":true,"href":"https:\/\/mongolia.com.co\/fr\/wp-json\/wp\/v2\/product_brand?post=413"},{"taxonomy":"product_cat","embeddable":true,"href":"https:\/\/mongolia.com.co\/fr\/wp-json\/wp\/v2\/product_cat?post=413"},{"taxonomy":"product_tag","embeddable":true,"href":"https:\/\/mongolia.com.co\/fr\/wp-json\/wp\/v2\/product_tag?post=413"}],"curies":[{"name":"wp","href":"https:\/\/api.w.org\/{rel}","templated":true}]}}