{"id":4842,"date":"2024-09-26T17:34:05","date_gmt":"2024-09-26T09:34:05","guid":{"rendered":"https:\/\/mongolia.com.co\/?post_type=product&#038;p=4842"},"modified":"2024-10-04T02:22:42","modified_gmt":"2024-10-03T18:22:42","slug":"voyage-dhiver-en-mongolie","status":"publish","type":"product","link":"https:\/\/mongolia.com.co\/fr\/tournees\/voyage-dhiver-en-mongolie\/","title":{"rendered":"Pays des merveilles"},"content":{"rendered":"<p>D\u00e9couvrez la magie des paysages hivernaux lors de ce circuit immersif de 12 jours en Mongolie. Des rues anim\u00e9es d'Oulan-Bator aux rives sereines du lac Khuvsgul, vous explorerez les joyaux cach\u00e9s de la Mongolie sous un manteau de neige. Montez \u00e0 cheval dans des for\u00eats vierges, randonnez sur des volcans endormis et d\u00e9tendez-vous dans la chaleur de sources chaudes naturelles. Ce voyage offre un m\u00e9lange in\u00e9gal\u00e9 d'aventure, de d\u00e9tente et d'exploration culturelle. Qu'il s'agisse de p\u00eacher sur les lacs gel\u00e9s ou de marcher sur les anciennes marches de Kharkorin, chaque jour promet des rencontres uniques avec l'\u00e9poustouflante nature hivernale de la Mongolie.<\/p>","protected":false},"excerpt":{"rendered":"<p>D\u00e9couvrez l'hiver magique de la Mongolie \u00e0 travers des aventures inoubliables, des lodges pittoresques et des explorations historiques.<\/p>","protected":false},"featured_media":4865,"comment_status":"open","ping_status":"closed","template":"","meta":{"_acf_changed":false,"iawp_total_views":1192},"product_brand":[],"product_cat":[17],"product_tag":[],"class_list":{"0":"post-4842","1":"product","2":"type-product","3":"status-publish","4":"has-post-thumbnail","6":"product_cat-tours","8":"first","9":"instock","10":"virtual","11":"sold-individually","12":"purchasable","13":"product-type-booking"},"acf":[],"_links":{"self":[{"href":"https:\/\/mongolia.com.co\/fr\/wp-json\/wp\/v2\/product\/4842","targetHints":{"allow":["GET"]}}],"collection":[{"href":"https:\/\/mongolia.com.co\/fr\/wp-json\/wp\/v2\/product"}],"about":[{"href":"https:\/\/mongolia.com.co\/fr\/wp-json\/wp\/v2\/types\/product"}],"replies":[{"embeddable":true,"href":"https:\/\/mongolia.com.co\/fr\/wp-json\/wp\/v2\/comments?post=4842"}],"version-history":[{"count":0,"href":"https:\/\/mongolia.com.co\/fr\/wp-json\/wp\/v2\/product\/4842\/revisions"}],"wp:featuredmedia":[{"embeddable":true,"href":"https:\/\/mongolia.com.co\/fr\/wp-json\/wp\/v2\/media\/4865"}],"wp:attachment":[{"href":"https:\/\/mongolia.com.co\/fr\/wp-json\/wp\/v2\/media?parent=4842"}],"wp:term":[{"taxonomy":"product_brand","embeddable":true,"href":"https:\/\/mongolia.com.co\/fr\/wp-json\/wp\/v2\/product_brand?post=4842"},{"taxonomy":"product_cat","embeddable":true,"href":"https:\/\/mongolia.com.co\/fr\/wp-json\/wp\/v2\/product_cat?post=4842"},{"taxonomy":"product_tag","embeddable":true,"href":"https:\/\/mongolia.com.co\/fr\/wp-json\/wp\/v2\/product_tag?post=4842"}],"curies":[{"name":"wp","href":"https:\/\/api.w.org\/{rel}","templated":true}]}}