{"id":5532,"date":"2025-12-02T19:09:11","date_gmt":"2025-12-02T11:09:11","guid":{"rendered":"https:\/\/mongolia.com.co\/?post_type=product&#038;p=5532"},"modified":"2025-12-08T17:32:33","modified_gmt":"2025-12-08T09:32:33","slug":"voyage-en-mongolie-par-voie-terrestre-chasseurs-daigles-du-gobi","status":"publish","type":"product","link":"https:\/\/mongolia.com.co\/fr\/tournees\/voyage-en-mongolie-par-voie-terrestre-chasseurs-daigles-du-gobi\/","title":{"rendered":"Boucle mongole vers Khuvsgul, l'Alta\u00ef et le Gobi septentrional"},"content":{"rendered":"<p>Embarquez pour l'ultime <a href=\"https:\/\/mongolia.com.co\/fr\/\">Aventure en 4\u00d74 en Mongolie<\/a> avec <strong>SIXT Offroad<\/strong> et d\u00e9couvrez l'un des itin\u00e9raires terrestres les plus complets de Mongolie disponibles aujourd'hui. Cette exp\u00e9dition de 18 jours en voiture avec des extensions optionnelles est con\u00e7ue pour les voyageurs qui veulent un v\u00e9ritable voyage en voiture en Mongolie - \u00e9loign\u00e9, authentique et rempli de paysages uniques. Des for\u00eats profondes et des rivi\u00e8res rapides du nord de la Mongolie aux vastes dunes de sable, aux lacs de cristal et aux sommets de haute altitude de l'extr\u00eame ouest, il s'agit d'un long circuit en Mongolie con\u00e7u pour pr\u00e9senter toute la diversit\u00e9 de la nature sauvage du pays. En parcourant cette boucle de Mongolie \u00e0 bord de votre Toyota Land Cruiser enti\u00e8rement \u00e9quip\u00e9e, vous d\u00e9couvrirez des paysages d'une grande beaut\u00e9 et d'une grande diversit\u00e9. <a href=\"https:\/\/mongolia.com.co\/fr\/mongolie-location-de-voitures-flotte-de-voitures-circuit-autotour\/\">Voiture de location 4\u00d74 Mongolie<\/a>, Vous traverserez des steppes vierges, des vall\u00e9es cach\u00e9es et rencontrerez des chasseurs d'aigles, des familles nomades et des paysages que peu de voyageurs ont l'occasion de voir.<\/p>\n<p>Campez sous des cieux nocturnes immacul\u00e9s, suivez les pistes accident\u00e9es de Mongolie et profitez de la libert\u00e9 que seule une voiture de tourisme peut vous offrir. <a href=\"https:\/\/mongolia.com.co\/fr\/\">autotour Mongolie<\/a> L'itin\u00e9raire de la Mongolie est l'une des plus belles exp\u00e9ditions que l'on puisse imaginer. Que vous r\u00eaviez d'un itin\u00e9raire de trois semaines en Mongolie ou que vous souhaitiez l'\u00e9tendre \u00e0 une exp\u00e9dition terrestre d'un mois en Mongolie, cet itin\u00e9raire offre un maximum d'aventure, d'immersion culturelle et le v\u00e9ritable esprit de l'exploration hors route.<\/p>\n<h3>Ce que vous verrez lors de la grande boucle de Mongolie vers Khuvsgul, l'Alta\u00ef et le Gobi<\/h3>\n<p>Cet itin\u00e9raire terrestre en Mongolie relie plusieurs des merveilles naturelles et culturelles les plus extraordinaires du pays. Dans le nord, vous atteindrez la r\u00e9gion du lac Khuvsgul, qui fait partie de l'un des syst\u00e8mes d'eau douce les plus propres et les plus longs du monde, avec les rivi\u00e8res Eg, Selenge et Orkhon. Ces eaux l\u00e9gendaires abritent la plus grande esp\u00e8ce de truite au monde, le ta\u00efmen, ce qui fait de cette r\u00e9gion un joyau de la couronne de tout long voyage en Mongolie.<\/p>\n<p>Alors que votre aventure en 4\u00d74 en Mongolie se poursuit vers l'ouest, vous traverserez les Altan Els, les dunes de sable les plus septentrionales de Mongolie et le seul endroit au monde o\u00f9 les chameaux de Bactriane et les yacks hirsutes paissent c\u00f4te \u00e0 c\u00f4te.<\/p>\n<p>Le voyage s'\u00e9l\u00e8ve ensuite dans les spectaculaires montagnes de l'Alta\u00ef, une fronti\u00e8re recul\u00e9e de glaciers, des plus hauts sommets de Mongolie, de vastes bassins et d'une faune embl\u00e9matique comme le plus grand mouton sauvage du monde, l'argali de l'Alta\u00ef, et l'imposant bouquetin de l'Alta\u00ef. Cette r\u00e9gion est \u00e9galement la patrie des chasseurs d'aigles kazakhs, dont la tradition s\u00e9culaire constitue l'un des \u00e9l\u00e9ments culturels les plus marquants de tout circuit en Mongolie.<\/p>\n<p>Au sud, votre exp\u00e9dition en 4x4 en Mongolie vous emm\u00e8ne dans le d\u00e9sert de Gobi, qui abrite des chameaux sauvages, des l\u00e9opards des neiges, des ours, des antilopes et d'innombrables esp\u00e8ces adapt\u00e9es au d\u00e9sert. Ces contrastes spectaculaires font de cette exp\u00e9dition terrestre en Mongolie l'un des voyages en 4\u00d74 les plus riches et les plus vari\u00e9s d'Asie.<\/p>","protected":false},"excerpt":{"rendered":"<p>Explorez les plus beaux paysages de Mongolie, loin des sentiers battus !<\/p>","protected":false},"featured_media":5583,"comment_status":"open","ping_status":"closed","template":"","meta":{"_acf_changed":false,"iawp_total_views":273},"product_brand":[],"product_cat":[17],"product_tag":[],"class_list":{"0":"post-5532","1":"product","2":"type-product","3":"status-publish","4":"has-post-thumbnail","6":"product_cat-tours","8":"first","9":"instock","10":"virtual","11":"sold-individually","12":"purchasable","13":"product-type-booking"},"acf":[],"_links":{"self":[{"href":"https:\/\/mongolia.com.co\/fr\/wp-json\/wp\/v2\/product\/5532","targetHints":{"allow":["GET"]}}],"collection":[{"href":"https:\/\/mongolia.com.co\/fr\/wp-json\/wp\/v2\/product"}],"about":[{"href":"https:\/\/mongolia.com.co\/fr\/wp-json\/wp\/v2\/types\/product"}],"replies":[{"embeddable":true,"href":"https:\/\/mongolia.com.co\/fr\/wp-json\/wp\/v2\/comments?post=5532"}],"version-history":[{"count":36,"href":"https:\/\/mongolia.com.co\/fr\/wp-json\/wp\/v2\/product\/5532\/revisions"}],"predecessor-version":[{"id":5635,"href":"https:\/\/mongolia.com.co\/fr\/wp-json\/wp\/v2\/product\/5532\/revisions\/5635"}],"wp:featuredmedia":[{"embeddable":true,"href":"https:\/\/mongolia.com.co\/fr\/wp-json\/wp\/v2\/media\/5583"}],"wp:attachment":[{"href":"https:\/\/mongolia.com.co\/fr\/wp-json\/wp\/v2\/media?parent=5532"}],"wp:term":[{"taxonomy":"product_brand","embeddable":true,"href":"https:\/\/mongolia.com.co\/fr\/wp-json\/wp\/v2\/product_brand?post=5532"},{"taxonomy":"product_cat","embeddable":true,"href":"https:\/\/mongolia.com.co\/fr\/wp-json\/wp\/v2\/product_cat?post=5532"},{"taxonomy":"product_tag","embeddable":true,"href":"https:\/\/mongolia.com.co\/fr\/wp-json\/wp\/v2\/product_tag?post=5532"}],"curies":[{"name":"wp","href":"https:\/\/api.w.org\/{rel}","templated":true}]}}