{"id":5616,"date":"2025-12-04T19:29:23","date_gmt":"2025-12-04T11:29:23","guid":{"rendered":"https:\/\/mongolia.com.co\/?post_type=product&#038;p=5616"},"modified":"2026-03-13T13:17:28","modified_gmt":"2026-03-13T05:17:28","slug":"boucle-de-mongolie-vers-khuvsgul-altai-et-gobi-meridional","status":"publish","type":"product","link":"https:\/\/mongolia.com.co\/fr\/tournees\/boucle-de-mongolie-vers-khuvsgul-altai-et-gobi-meridional\/","title":{"rendered":"Boucle mongole vers Khuvsgul, l'Alta\u00ef et le Gobi m\u00e9ridional"},"content":{"rendered":"<h2 data-start=\"239\" data-end=\"322\"><strong data-start=\"241\" data-end=\"322\">3 semaines en Mongolie - L'exp\u00e9dition terrestre ultime \u00e0 travers le Nord, l'Ouest et le Gobi<\/strong><\/h2>\n<p data-start=\"324\" data-end=\"747\">Embarquement d\u00e9finitif <strong data-start=\"349\" data-end=\"379\">3 semaines d'aventure en Mongolie<\/strong> et d\u00e9couvrez l'un des itin\u00e9raires terrestres les plus complets jamais cr\u00e9\u00e9s. Cette exp\u00e9dition de 21 jours, con\u00e7ue pour les voyageurs \u00e0 la recherche de paysages bruts, de rencontres authentiques et d'une v\u00e9ritable libert\u00e9 dans la nature sauvage, vous emm\u00e8ne \u00e0 travers les r\u00e9gions les plus embl\u00e9matiques de la Mongolie, du nord forestier et du l\u00e9gendaire lac Khuvsgul aux montagnes de haute altitude de l'Alta\u00ef, en passant par le vaste et cin\u00e9matographique d\u00e9sert de Gobi.<\/p>\n<p data-start=\"749\" data-end=\"1129\">Que vous voyagiez avec un v\u00e9hicule enti\u00e8rement \u00e9quip\u00e9 <a href=\"https:\/\/mongolia.com.co\/fr\/mongolie-location-de-voitures-flotte-de-voitures-circuit-autotour\/\">Voiture de location 4\u00d74<\/a> ou en rejoignant un <a href=\"https:\/\/themongoliatour.com\/tours\/altai-tracks-to-eagle-hunters\/\" target=\"_blank\" rel=\"noopener\">Visite guid\u00e9e de la Mongolie en voiture dans l'Alta\u00ef<\/a>, ce <strong data-start=\"846\" data-end=\"880\">itin\u00e9raire de trois semaines en Mongolie<\/strong> pr\u00e9sente le pays sous son aspect le plus sauvage. Vous suivrez des pistes isol\u00e9es \u00e0 travers les vall\u00e9es fluviales, dormirez sous des cieux nocturnes \u00e9clatants, rencontrerez des familles nomades, rendrez visite \u00e0 des chasseurs d'aigles kazakhs et traverserez des environnements si divers que chaque jour vous donnera l'impression d'\u00eatre dans un nouveau monde.<\/p>\n<p data-start=\"1131\" data-end=\"1530\">Cet itin\u00e9raire relie les syst\u00e8mes d'eau douce les plus purs de Mongolie dans le nord, les dunes de sable dor\u00e9 du nord-ouest et du sud, les plateaux volcaniques, les sommets alpins de l'Alta\u00ef, les anciennes r\u00e9gions culturelles et les canyons et falaises spectaculaires du Gobi. Si vous souhaitez d\u00e9couvrir la Mongolie dans toute son ampleur - du nord \u00e0 l'ouest et au sud -, ce guide est fait pour vous. <strong data-start=\"1429\" data-end=\"1453\">Circuit de 3 semaines en Mongolie<\/strong> offre un \u00e9quilibre parfait entre l'aventure, la culture et la nature \u00e0 couper le souffle.<\/p>\n<h3 data-start=\"1537\" data-end=\"1598\"><strong data-start=\"1539\" data-end=\"1598\">Ce que vous vivrez lors de cet itin\u00e9raire de 3 semaines en Mongolie<\/strong><\/h3>\n<h4 data-start=\"1600\" data-end=\"1648\"><strong data-start=\"1604\" data-end=\"1648\">Voies navigables et for\u00eats sauvages du Nord<\/strong><\/h4>\n<p data-start=\"1649\" data-end=\"2034\">Votre voyage commence en suivant les r\u00e9seaux fluviaux historiques de Selenge, Orkhon et Eg-part, l'un des r\u00e9seaux d'eau douce les plus propres au monde. La route vers le nord vous conduit dans la ta\u00efga intacte, dans des camps paisibles au bord des rivi\u00e8res et enfin dans le joyau de la Mongolie septentrionale : <strong data-start=\"1924\" data-end=\"1941\">Lac Khuvsgul<\/strong>, Ce lac alpin vierge est r\u00e9put\u00e9 pour sa profondeur, sa clart\u00e9 et les montagnes spectaculaires qui l'entourent.<\/p>\n<h4 data-start=\"2036\" data-end=\"2090\"><strong data-start=\"2040\" data-end=\"2090\">Altan Els et la fronti\u00e8re occidentale cach\u00e9e de la Mongolie<\/strong><\/h4>\n<p data-start=\"2091\" data-end=\"2434\">En traversant l'ouest, vous atteindrez <strong data-start=\"2128\" data-end=\"2141\">Altan Els<\/strong>, Il s'agit du syst\u00e8me de dunes le plus septentrional de Mongolie et d'une zone de transition surr\u00e9aliste o\u00f9 les chameaux, les yaks et les bergers nomades partagent le m\u00eame paysage. L'itin\u00e9raire grimpe ensuite dans la puissante <strong data-start=\"2313\" data-end=\"2332\">Montagnes de l'Alta\u00ef<\/strong>, Il s'agit d'une r\u00e9gion o\u00f9 l'on trouve des mouflons sauvages, des bouquetins, des glaciers et de vastes vall\u00e9es fa\u00e7onn\u00e9es par des mill\u00e9naires de vent et de glace.<\/p>\n<p data-start=\"2436\" data-end=\"2602\">L'un des points forts de tout long voyage en Mongolie est la rencontre avec les <strong data-start=\"2489\" data-end=\"2513\">Chasseurs d'aigles kazakhs<\/strong> de Bayan-Ulgi, gardiens de l'une des derni\u00e8res anciennes traditions de chasse sur Terre.<\/p>\n<h4 data-start=\"2604\" data-end=\"2663\"><strong data-start=\"2608\" data-end=\"2663\">Uvs &amp; Uureg : Lacs d'altitude du Grand Bassin<\/strong><\/h4>\n<p data-start=\"2664\" data-end=\"2927\">De Ulaangom et <strong data-start=\"2682\" data-end=\"2694\">Lac Uvs<\/strong>, le plus grand lac de Mongolie, jusqu'aux eaux bleues recul\u00e9es de <strong data-start=\"2755\" data-end=\"2769\">Lac Uureg<\/strong>, La Mongolie est un pays de montagnes, et cette partie de la route offre certains des paysages alpins les plus photog\u00e9niques du pays. Ici, la Mongolie semble infinie : elle est vierge, vide et incroyablement belle.<\/p>\n<h4 data-start=\"2929\" data-end=\"2991\"><strong data-start=\"2933\" data-end=\"2991\">Le d\u00e9sert de Gobi : Dunes, canyons et temples de pierre silencieux<\/strong><\/h4>\n<p data-start=\"2992\" data-end=\"3169\">Votre exp\u00e9dition de trois semaines en Mongolie se dirige ensuite vers le sud, dans le Gobi, pour entrer dans un monde de dunes imposantes, de vall\u00e9es cach\u00e9es, de faune et de paysages pr\u00e9historiques. Les points forts de cette exp\u00e9dition sont les suivants :<\/p>\n<ul data-start=\"3171\" data-end=\"3383\">\n<li data-start=\"3171\" data-end=\"3216\">\n<p data-start=\"3173\" data-end=\"3216\"><strong data-start=\"3173\" data-end=\"3187\">Barunbayan<\/strong> et <strong data-start=\"3192\" data-end=\"3214\">Dunes de sable de Khongor<\/strong><\/p>\n<\/li>\n<li data-start=\"3217\" data-end=\"3258\">\n<p data-start=\"3219\" data-end=\"3258\">Le canyon profond et frais de <strong data-start=\"3244\" data-end=\"3256\">Yolin Am<\/strong><\/p>\n<\/li>\n<li data-start=\"3259\" data-end=\"3322\">\n<p data-start=\"3261\" data-end=\"3322\">Les falaises d'un blanc \u00e9clatant de <strong data-start=\"3287\" data-end=\"3320\">Tsagaan Suvarga (Stupa blanc)<\/strong><\/p>\n<\/li>\n<li data-start=\"3323\" data-end=\"3383\">\n<p data-start=\"3325\" data-end=\"3383\">Les anciennes formations granitiques de <strong data-start=\"3359\" data-end=\"3383\">Bagaa Gazriin Chuluu<\/strong><\/p>\n<\/li>\n<\/ul>\n<p data-start=\"3385\" data-end=\"3564\">Fin du voyage en <strong data-start=\"3407\" data-end=\"3431\">Parc national de Terelj<\/strong>, Le lendemain, vous retrouvez des for\u00eats, des formations rocheuses et de vastes \u00e9tendues de steppe - un chapitre final id\u00e9al pour trois semaines inoubliables \u00e0 travers la Mongolie.<\/p>","protected":false},"excerpt":{"rendered":"<p>Explorez les plus beaux paysages de Mongolie, loin des sentiers battus !<\/p>","protected":false},"featured_media":5627,"comment_status":"open","ping_status":"closed","template":"","meta":{"_acf_changed":false,"iawp_total_views":171},"product_brand":[],"product_cat":[17],"product_tag":[],"class_list":{"0":"post-5616","1":"product","2":"type-product","3":"status-publish","4":"has-post-thumbnail","6":"product_cat-tours","8":"first","9":"instock","10":"virtual","11":"sold-individually","12":"purchasable","13":"product-type-booking"},"acf":[],"_links":{"self":[{"href":"https:\/\/mongolia.com.co\/fr\/wp-json\/wp\/v2\/product\/5616","targetHints":{"allow":["GET"]}}],"collection":[{"href":"https:\/\/mongolia.com.co\/fr\/wp-json\/wp\/v2\/product"}],"about":[{"href":"https:\/\/mongolia.com.co\/fr\/wp-json\/wp\/v2\/types\/product"}],"replies":[{"embeddable":true,"href":"https:\/\/mongolia.com.co\/fr\/wp-json\/wp\/v2\/comments?post=5616"}],"version-history":[{"count":12,"href":"https:\/\/mongolia.com.co\/fr\/wp-json\/wp\/v2\/product\/5616\/revisions"}],"predecessor-version":[{"id":5660,"href":"https:\/\/mongolia.com.co\/fr\/wp-json\/wp\/v2\/product\/5616\/revisions\/5660"}],"wp:featuredmedia":[{"embeddable":true,"href":"https:\/\/mongolia.com.co\/fr\/wp-json\/wp\/v2\/media\/5627"}],"wp:attachment":[{"href":"https:\/\/mongolia.com.co\/fr\/wp-json\/wp\/v2\/media?parent=5616"}],"wp:term":[{"taxonomy":"product_brand","embeddable":true,"href":"https:\/\/mongolia.com.co\/fr\/wp-json\/wp\/v2\/product_brand?post=5616"},{"taxonomy":"product_cat","embeddable":true,"href":"https:\/\/mongolia.com.co\/fr\/wp-json\/wp\/v2\/product_cat?post=5616"},{"taxonomy":"product_tag","embeddable":true,"href":"https:\/\/mongolia.com.co\/fr\/wp-json\/wp\/v2\/product_tag?post=5616"}],"curies":[{"name":"wp","href":"https:\/\/api.w.org\/{rel}","templated":true}]}}