{"id":5744,"date":"2026-03-13T12:58:24","date_gmt":"2026-03-13T04:58:24","guid":{"rendered":"https:\/\/mongolia.com.co\/?post_type=product&#038;p=5744"},"modified":"2026-03-17T21:24:45","modified_gmt":"2026-03-17T13:24:45","slug":"les-points-forts-de-la-mongolie","status":"publish","type":"product","link":"https:\/\/mongolia.com.co\/fr\/tournees\/les-points-forts-de-la-mongolie\/","title":{"rendered":"Les points forts de la Mongolie"},"content":{"rendered":"<p>Le pr\u00e9sent <a href=\"https:\/\/mongolia.com.co\/fr\/?page_id=953\">Visite de la Mongolie en voiture<\/a> vous fait d\u00e9couvrir en dix jours les paysages les plus impressionnants de la Mongolie centrale, des vastes steppes autour d'Oulan-Bator \u00e0 la vall\u00e9e verdoyante de l'Orkhon, en passant par les lacs tranquilles de la r\u00e9gion de l'Arkhanga\u00ef.<\/p>\n<p>Peu apr\u00e8s votre arriv\u00e9e, vous aurez vos premi\u00e8res impressions spectaculaires de formations granitiques, de vall\u00e9es ouvertes et de culture nomade avec la statue monumentale de Chinggis Khan et le parc national de Gorkhi Terelj.<br \/>\nEn poursuivant votre voyage, vous d\u00e9couvrirez la g\u00e9ologie vari\u00e9e du pays : les formations rocheuses saisissantes de Baga Gazriin Chuluu, les douces dunes d'Elsen Tasarkhai et les vastes paysages fluviaux de la vall\u00e9e de l'Orkhon, prot\u00e9g\u00e9e par l'UNESCO. En chemin, vous rencontrerez des familles nomades, d\u00e9couvrirez les modes de vie traditionnels et profiterez du silence et de l'immensit\u00e9 de la nature mongole.<br \/>\nCe voyage combine des exp\u00e9riences actives dans la nature et des moments culturels forts : randonn\u00e9es \u00e0 travers des paysages volcaniques, relaxation dans les sources d'eau chaude de Tsenkher, visite de la capitale historique Karakorum et du monast\u00e8re d'Erdene Zuu. Au lac Ugii, vous pourrez profiter de paisibles couchers de soleil et d'excellentes occasions d'observer les oiseaux avant de voir les rares chevaux de Przewalski en libert\u00e9 dans le parc national de Khustai.<\/p>\n<p>Ce circuit est id\u00e9al pour les voyageurs qui souhaitent d\u00e9couvrir les c\u00e9l\u00e8bres points forts de la Mongolie d'une mani\u00e8re flexible et intensive. Vous conduisez de mani\u00e8re ind\u00e9pendante, mais vous \u00eates accompagn\u00e9 d'un briefing d\u00e9taill\u00e9 et d'une assistance \u00e0 distance, et vous voyagez \u00e0 travers des paysages en constante \u00e9volution - des steppes et du sable aux vall\u00e9es fluviales et aux plateaux alpins. Un voyage plein de contrastes, d'exp\u00e9riences de la nature et de rencontres authentiques qui donne un aper\u00e7u profond du c\u0153ur original de la Mongolie.<\/p>","protected":false},"excerpt":{"rendered":"<p>D\u00e9couvrez les hauts lieux de la Mongolie lors d'un fascinant circuit en voiture !<\/p>","protected":false},"featured_media":4069,"comment_status":"open","ping_status":"closed","template":"","meta":{"_acf_changed":false,"iawp_total_views":183},"product_brand":[],"product_cat":[17],"product_tag":[],"class_list":{"0":"post-5744","1":"product","2":"type-product","3":"status-publish","4":"has-post-thumbnail","6":"product_cat-tours","8":"first","9":"instock","10":"virtual","11":"sold-individually","12":"purchasable","13":"product-type-booking"},"acf":[],"_links":{"self":[{"href":"https:\/\/mongolia.com.co\/fr\/wp-json\/wp\/v2\/product\/5744","targetHints":{"allow":["GET"]}}],"collection":[{"href":"https:\/\/mongolia.com.co\/fr\/wp-json\/wp\/v2\/product"}],"about":[{"href":"https:\/\/mongolia.com.co\/fr\/wp-json\/wp\/v2\/types\/product"}],"replies":[{"embeddable":true,"href":"https:\/\/mongolia.com.co\/fr\/wp-json\/wp\/v2\/comments?post=5744"}],"version-history":[{"count":17,"href":"https:\/\/mongolia.com.co\/fr\/wp-json\/wp\/v2\/product\/5744\/revisions"}],"predecessor-version":[{"id":5819,"href":"https:\/\/mongolia.com.co\/fr\/wp-json\/wp\/v2\/product\/5744\/revisions\/5819"}],"wp:featuredmedia":[{"embeddable":true,"href":"https:\/\/mongolia.com.co\/fr\/wp-json\/wp\/v2\/media\/4069"}],"wp:attachment":[{"href":"https:\/\/mongolia.com.co\/fr\/wp-json\/wp\/v2\/media?parent=5744"}],"wp:term":[{"taxonomy":"product_brand","embeddable":true,"href":"https:\/\/mongolia.com.co\/fr\/wp-json\/wp\/v2\/product_brand?post=5744"},{"taxonomy":"product_cat","embeddable":true,"href":"https:\/\/mongolia.com.co\/fr\/wp-json\/wp\/v2\/product_cat?post=5744"},{"taxonomy":"product_tag","embeddable":true,"href":"https:\/\/mongolia.com.co\/fr\/wp-json\/wp\/v2\/product_tag?post=5744"}],"curies":[{"name":"wp","href":"https:\/\/api.w.org\/{rel}","templated":true}]}}