{"id":5908,"date":"2026-04-12T21:28:03","date_gmt":"2026-04-12T13:28:03","guid":{"rendered":"https:\/\/mongolia.com.co\/?post_type=product&#038;p=5908"},"modified":"2026-04-12T22:39:59","modified_gmt":"2026-04-12T14:39:59","slug":"retraite-nature","status":"publish","type":"product","link":"https:\/\/mongolia.com.co\/fr\/tournees\/retraite-nature\/","title":{"rendered":"Retraite dans la nature"},"content":{"rendered":"<p class=\"section-body\">Elsen Taserkhai \u2014 \u00e9galement connu sous le nom de \u201c mini Gobi \u201d \u2014 est une \u00e9tendue de dunes de sable nich\u00e9e entre montagnes et steppe, \u00e0 quelques heures d'Oulan-Bator. Cette retraite de 6 jours est con\u00e7ue pour les voyageurs qui souhaitent ralentir : pas de visites touristiques qui se succ\u00e8dent, pas d'horaires impos\u00e9s. Vos journ\u00e9es vous appartiennent, vous pouvez les remplir avec des balades \u00e0 dos de chameau au lever du soleil, de longues promenades dans les dunes, des soir\u00e9es en famille nomade, ou simplement ne rien faire du tout. Pour ceux qui en veulent plus, un menu d'exp\u00e9riences pr\u00e9-r\u00e9servables \u2014 de d\u00eeners d'agneau aux chandelles \u00e0 la photographie guid\u00e9e du chat de Pallas \u2014 est toujours disponible.<\/p>\n<p>&nbsp;<\/p>\n<p class=\"section-body\">Le forfait est r\u00e9servable en tant qu'exp\u00e9rience enti\u00e8rement priv\u00e9e, ou une fois par an en d\u00e9part en petit groupe o\u00f9 deux activit\u00e9s organis\u00e9es par jour sont pr\u00e9vues et incluses.<\/p>","protected":false},"excerpt":{"rendered":"<p>Profitez d'une semaine de nature, de grands espaces, de silence et d'activit\u00e9s \u00e9nergisantes.<\/p>","protected":false},"featured_media":5911,"comment_status":"open","ping_status":"closed","template":"","meta":{"_acf_changed":false,"iawp_total_views":54},"product_brand":[],"product_cat":[17],"product_tag":[],"class_list":{"0":"post-5908","1":"product","2":"type-product","3":"status-publish","4":"has-post-thumbnail","6":"product_cat-tours","8":"first","9":"instock","10":"virtual","11":"sold-individually","12":"purchasable","13":"product-type-booking"},"acf":[],"_links":{"self":[{"href":"https:\/\/mongolia.com.co\/fr\/wp-json\/wp\/v2\/product\/5908","targetHints":{"allow":["GET"]}}],"collection":[{"href":"https:\/\/mongolia.com.co\/fr\/wp-json\/wp\/v2\/product"}],"about":[{"href":"https:\/\/mongolia.com.co\/fr\/wp-json\/wp\/v2\/types\/product"}],"replies":[{"embeddable":true,"href":"https:\/\/mongolia.com.co\/fr\/wp-json\/wp\/v2\/comments?post=5908"}],"version-history":[{"count":18,"href":"https:\/\/mongolia.com.co\/fr\/wp-json\/wp\/v2\/product\/5908\/revisions"}],"predecessor-version":[{"id":5967,"href":"https:\/\/mongolia.com.co\/fr\/wp-json\/wp\/v2\/product\/5908\/revisions\/5967"}],"wp:featuredmedia":[{"embeddable":true,"href":"https:\/\/mongolia.com.co\/fr\/wp-json\/wp\/v2\/media\/5911"}],"wp:attachment":[{"href":"https:\/\/mongolia.com.co\/fr\/wp-json\/wp\/v2\/media?parent=5908"}],"wp:term":[{"taxonomy":"product_brand","embeddable":true,"href":"https:\/\/mongolia.com.co\/fr\/wp-json\/wp\/v2\/product_brand?post=5908"},{"taxonomy":"product_cat","embeddable":true,"href":"https:\/\/mongolia.com.co\/fr\/wp-json\/wp\/v2\/product_cat?post=5908"},{"taxonomy":"product_tag","embeddable":true,"href":"https:\/\/mongolia.com.co\/fr\/wp-json\/wp\/v2\/product_tag?post=5908"}],"curies":[{"name":"wp","href":"https:\/\/api.w.org\/{rel}","templated":true}]}}