{"id":39,"date":"2024-01-23T17:22:25","date_gmt":"2024-01-23T17:22:25","guid":{"rendered":"https:\/\/mongolia.com.co\/?post_type=product&#038;p=39"},"modified":"2024-10-04T02:22:43","modified_gmt":"2024-10-03T18:22:43","slug":"missione-kharakorum","status":"publish","type":"product","link":"https:\/\/mongolia.com.co\/it\/tour\/missione-kharakorum\/","title":{"rendered":"Ricerca di Kharakorum"},"content":{"rendered":"<p>Siete pronti a risvegliare il vostro spirito di avventura e a immergervi nella bellezza incontaminata della Mongolia centrale? SIXT Autonoleggio vi invita a una spedizione di 5 giorni che \u00e8 pi\u00f9 di un viaggio in auto: \u00e8 un viaggio nel tempo e nel territorio. Dalle sussurranti praterie del Parco Nazionale di Khustai, dove vive il maestoso cavallo di Przewalski, alle mistiche rovine di Kharakorum, l'antica capitale mongola, ogni chilometro racconta una storia. Questo non \u00e8 solo un tour, \u00e8 un'esperienza.<\/p>","protected":false},"excerpt":{"rendered":"<p>Scoprite la magia della Mongolia centrale: tour di 5 giorni in auto con SIXT<\/p>","protected":false},"featured_media":94,"comment_status":"open","ping_status":"closed","template":"","meta":{"_acf_changed":false,"iawp_total_views":1971},"product_brand":[],"product_cat":[17],"product_tag":[],"class_list":{"0":"post-39","1":"product","2":"type-product","3":"status-publish","4":"has-post-thumbnail","6":"product_cat-tours","8":"first","9":"instock","10":"virtual","11":"sold-individually","12":"purchasable","13":"product-type-booking"},"acf":[],"_links":{"self":[{"href":"https:\/\/mongolia.com.co\/it\/wp-json\/wp\/v2\/product\/39","targetHints":{"allow":["GET"]}}],"collection":[{"href":"https:\/\/mongolia.com.co\/it\/wp-json\/wp\/v2\/product"}],"about":[{"href":"https:\/\/mongolia.com.co\/it\/wp-json\/wp\/v2\/types\/product"}],"replies":[{"embeddable":true,"href":"https:\/\/mongolia.com.co\/it\/wp-json\/wp\/v2\/comments?post=39"}],"version-history":[{"count":0,"href":"https:\/\/mongolia.com.co\/it\/wp-json\/wp\/v2\/product\/39\/revisions"}],"wp:featuredmedia":[{"embeddable":true,"href":"https:\/\/mongolia.com.co\/it\/wp-json\/wp\/v2\/media\/94"}],"wp:attachment":[{"href":"https:\/\/mongolia.com.co\/it\/wp-json\/wp\/v2\/media?parent=39"}],"wp:term":[{"taxonomy":"product_brand","embeddable":true,"href":"https:\/\/mongolia.com.co\/it\/wp-json\/wp\/v2\/product_brand?post=39"},{"taxonomy":"product_cat","embeddable":true,"href":"https:\/\/mongolia.com.co\/it\/wp-json\/wp\/v2\/product_cat?post=39"},{"taxonomy":"product_tag","embeddable":true,"href":"https:\/\/mongolia.com.co\/it\/wp-json\/wp\/v2\/product_tag?post=39"}],"curies":[{"name":"wp","href":"https:\/\/api.w.org\/{rel}","templated":true}]}}