{"id":5532,"date":"2025-12-02T19:09:11","date_gmt":"2025-12-02T11:09:11","guid":{"rendered":"https:\/\/mongolia.com.co\/?post_type=product&#038;p=5532"},"modified":"2025-12-08T17:32:33","modified_gmt":"2025-12-08T09:32:33","slug":"tour-via-terra-in-mongolia-cacciatori-di-aquile-del-gobi","status":"publish","type":"product","link":"https:\/\/mongolia.com.co\/it\/tour\/tour-via-terra-in-mongolia-cacciatori-di-aquile-del-gobi\/","title":{"rendered":"Anello della Mongolia verso Khuvsgul, Altai e Gobi settentrionale"},"content":{"rendered":"<p>Imbarcatevi nel viaggio definitivo <a href=\"https:\/\/mongolia.com.co\/it\/\">Avventura in Mongolia in 4\u00d74<\/a> con <strong>SIXT Offroad<\/strong> e sperimentate uno degli itinerari via terra in Mongolia pi\u00f9 completi oggi disponibili. Questa spedizione self drive di 18 giorni con estensioni opzionali \u00e8 pensata per i viaggiatori che desiderano un vero viaggio self drive in Mongolia: remoto, autentico e ricco di paesaggi unici nella vita. Dalle profonde foreste e dai fiumi che scorrono veloci nel nord della Mongolia alle vaste dune di sabbia, ai laghi cristallini e alle vette d'alta quota dell'estremo ovest, questo \u00e8 un lungo tour della Mongolia progettato per mostrare l'intera diversit\u00e0 della natura selvaggia del Paese. Durante la navigazione di questo tour della Mongolia a bordo del vostro Toyota Land Cruiser completamente attrezzato <a href=\"https:\/\/mongolia.com.co\/it\/mongolia-noleggio-auto-flotta-auto-tour-selfdrive\/\">Auto a noleggio 4\u00d74 Mongolia<\/a>, Attraverserete steppe incontaminate, guiderete attraverso valli nascoste e raggiungerete cacciatori di aquile, famiglie nomadi e paesaggi che pochi viaggiatori vedono.<\/p>\n<p>Accampatevi sotto cieli notturni incontaminati, seguite i sentieri accidentati della Mongolia e godete della libert\u00e0 che solo un <a href=\"https:\/\/mongolia.com.co\/it\/\">Mongolia in auto<\/a> spedizione pu\u00f2 offrire. Sia che stiate sognando un itinerario di tre settimane in Mongolia o che vogliate ampliarlo in una spedizione via terra di un mese, questo itinerario offre il massimo dell'avventura, dell'immersione culturale e del vero spirito dell'esplorazione remota in fuoristrada.<\/p>\n<h3>Cosa vedrete durante il grande giro della Mongolia a Khuvsgul, Altai e Gobi<\/h3>\n<p>Questo itinerario via terra in Mongolia collega molte delle pi\u00f9 straordinarie meraviglie naturali e culturali del Paese. A nord, raggiungerete la regione del lago Khuvsgul, parte di uno dei sistemi d'acqua dolce pi\u00f9 puliti e pi\u00f9 lunghi del mondo, che scorre attraverso i fiumi Eg, Selenge e Orkhon. Queste acque leggendarie ospitano la specie di trota pi\u00f9 grande del mondo, il taimen, rendendo quest'area un gioiello della corona di qualsiasi lungo tour della Mongolia.<\/p>\n<p>Mentre la vostra avventura in Mongolia 4\u00d74 prosegue verso ovest, attraverserete l'Altan Els, le dune di sabbia pi\u00f9 settentrionali della Mongolia e l'unico luogo al mondo in cui cammelli bactriani e yak arruffati pascolano fianco a fianco.<\/p>\n<p>Il viaggio sale poi verso i drammatici Monti Altai, una frontiera remota fatta di ghiacciai, delle vette pi\u00f9 alte della Mongolia, di vasti bacini e di una fauna iconica come la pecora selvatica pi\u00f9 grande del mondo, l'argali dell'Altai, e il massiccio stambecco dell'Altai. Questa regione \u00e8 anche la patria dei cacciatori di aquile kazaki, la cui tradizione secolare \u00e8 uno dei punti di forza culturali di qualsiasi itinerario in Mongolia.<\/p>\n<p>A sud, la vostra spedizione in auto in Mongolia vi porter\u00e0 nel variegato deserto del Gobi, habitat di cammelli selvatici, leopardi delle nevi, orsi, antilopi e innumerevoli specie adattate al deserto. Questi contrasti drammatici fanno di questa spedizione via terra in Mongolia uno dei viaggi in 4\u00d74 pi\u00f9 ricchi e variegati dell'Asia.<\/p>","protected":false},"excerpt":{"rendered":"<p>Esplorate i paesaggi pi\u00f9 belli della Mongolia lontano dai sentieri battuti!<\/p>","protected":false},"featured_media":5583,"comment_status":"open","ping_status":"closed","template":"","meta":{"_acf_changed":false,"iawp_total_views":271},"product_brand":[],"product_cat":[17],"product_tag":[],"class_list":{"0":"post-5532","1":"product","2":"type-product","3":"status-publish","4":"has-post-thumbnail","6":"product_cat-tours","8":"first","9":"instock","10":"virtual","11":"sold-individually","12":"purchasable","13":"product-type-booking"},"acf":[],"_links":{"self":[{"href":"https:\/\/mongolia.com.co\/it\/wp-json\/wp\/v2\/product\/5532","targetHints":{"allow":["GET"]}}],"collection":[{"href":"https:\/\/mongolia.com.co\/it\/wp-json\/wp\/v2\/product"}],"about":[{"href":"https:\/\/mongolia.com.co\/it\/wp-json\/wp\/v2\/types\/product"}],"replies":[{"embeddable":true,"href":"https:\/\/mongolia.com.co\/it\/wp-json\/wp\/v2\/comments?post=5532"}],"version-history":[{"count":36,"href":"https:\/\/mongolia.com.co\/it\/wp-json\/wp\/v2\/product\/5532\/revisions"}],"predecessor-version":[{"id":5635,"href":"https:\/\/mongolia.com.co\/it\/wp-json\/wp\/v2\/product\/5532\/revisions\/5635"}],"wp:featuredmedia":[{"embeddable":true,"href":"https:\/\/mongolia.com.co\/it\/wp-json\/wp\/v2\/media\/5583"}],"wp:attachment":[{"href":"https:\/\/mongolia.com.co\/it\/wp-json\/wp\/v2\/media?parent=5532"}],"wp:term":[{"taxonomy":"product_brand","embeddable":true,"href":"https:\/\/mongolia.com.co\/it\/wp-json\/wp\/v2\/product_brand?post=5532"},{"taxonomy":"product_cat","embeddable":true,"href":"https:\/\/mongolia.com.co\/it\/wp-json\/wp\/v2\/product_cat?post=5532"},{"taxonomy":"product_tag","embeddable":true,"href":"https:\/\/mongolia.com.co\/it\/wp-json\/wp\/v2\/product_tag?post=5532"}],"curies":[{"name":"wp","href":"https:\/\/api.w.org\/{rel}","templated":true}]}}