{"id":5616,"date":"2025-12-04T19:29:23","date_gmt":"2025-12-04T11:29:23","guid":{"rendered":"https:\/\/mongolia.com.co\/?post_type=product&#038;p=5616"},"modified":"2026-03-13T13:17:28","modified_gmt":"2026-03-13T05:17:28","slug":"anello-della-mongolia-a-khuvsgul-altai-e-gobi-meridionale","status":"publish","type":"product","link":"https:\/\/mongolia.com.co\/it\/tour\/anello-della-mongolia-a-khuvsgul-altai-e-gobi-meridionale\/","title":{"rendered":"Anello della Mongolia verso Khuvsgul, Altai e Gobi meridionale"},"content":{"rendered":"<h2 data-start=\"239\" data-end=\"322\"><strong data-start=\"241\" data-end=\"322\">3 settimane in Mongolia - L'ultima spedizione via terra attraverso il Nord, l'Ovest e il Gobi<\/strong><\/h2>\n<p data-start=\"324\" data-end=\"747\">Imbarcarsi per il definitivo <strong data-start=\"349\" data-end=\"379\">3 settimane di tour d'avventura in Mongolia<\/strong> e scoprire uno degli itinerari via terra pi\u00f9 completi mai creati. Questa spedizione di 21 giorni, pensata per i viaggiatori in cerca di paesaggi selvaggi, incontri autentici e vera libert\u00e0 selvaggia, vi porter\u00e0 attraverso le regioni pi\u00f9 iconiche della Mongolia, dal nord boscoso e dal leggendario lago Khuvsgul ai monti Altai d'alta quota e al vasto e cinematografico deserto del Gobi.<\/p>\n<p data-start=\"749\" data-end=\"1129\">Sia che viaggiate con una macchina completamente attrezzata <a href=\"https:\/\/mongolia.com.co\/it\/mongolia-noleggio-auto-flotta-auto-tour-selfdrive\/\">Auto a noleggio 4\u00d74<\/a> o di aderire ad un <a href=\"https:\/\/themongoliatour.com\/tours\/altai-tracks-to-eagle-hunters\/\" target=\"_blank\" rel=\"noopener\">tour guidato della Mongolia in auto ad Altai<\/a>, questo <strong data-start=\"846\" data-end=\"880\">Itinerario di tre settimane in Mongolia<\/strong> mostra il Paese nel suo aspetto pi\u00f9 selvaggio. Seguirete piste remote attraverso le valli fluviali, dormirete sotto cieli notturni brillanti, incontrerete famiglie nomadi, visiterete cacciatori di aquile kazaki e attraverserete ambienti cos\u00ec diversi che ogni giorno vi sembrer\u00e0 un mondo nuovo.<\/p>\n<p data-start=\"1131\" data-end=\"1530\">Questo itinerario collega i sistemi di acqua dolce pi\u00f9 puri della Mongolia nel nord, le dune di sabbia dorata del nord-ovest e del sud, gli altopiani vulcanici, le vette alpine dell'Altai, le antiche regioni culturali e i drammatici canyon e le scogliere del Gobi. Se volete vivere la Mongolia in tutta la sua ampiezza, dal nord all'ovest e al sud, questo \u00e8 un viaggio che vi permetter\u00e0 di scoprire il mondo. <strong data-start=\"1429\" data-end=\"1453\">Tour di 3 settimane in Mongolia<\/strong> offre il perfetto equilibrio tra avventura, cultura e natura mozzafiato.<\/p>\n<h3 data-start=\"1537\" data-end=\"1598\"><strong data-start=\"1539\" data-end=\"1598\">Cosa proverete in questo itinerario di 3 settimane in Mongolia<\/strong><\/h3>\n<h4 data-start=\"1600\" data-end=\"1648\"><strong data-start=\"1604\" data-end=\"1648\">Vie d'acqua settentrionali e foreste selvagge<\/strong><\/h4>\n<p data-start=\"1649\" data-end=\"2034\">Il viaggio inizia seguendo gli storici sistemi fluviali di Selenge, Orkhon ed Eg-part, una delle reti di acqua dolce pi\u00f9 pulite al mondo. La strada verso nord vi conduce nella taiga incontaminata, in tranquilli accampamenti lungo il fiume e infine nel gioiello della Mongolia settentrionale: <strong data-start=\"1924\" data-end=\"1941\">Lago Khuvsgul<\/strong>, un lago alpino incontaminato rinomato per la sua profondit\u00e0, la sua limpidezza e le drammatiche montagne circostanti.<\/p>\n<h4 data-start=\"2036\" data-end=\"2090\"><strong data-start=\"2040\" data-end=\"2090\">Altan Els e la frontiera occidentale nascosta della Mongolia<\/strong><\/h4>\n<p data-start=\"2091\" data-end=\"2434\">Attraversando la zona ovest, si arriva a <strong data-start=\"2128\" data-end=\"2141\">Altan Els<\/strong>, il sistema di dune pi\u00f9 settentrionale della Mongolia e una surreale zona di transizione dove cammelli, yak e pastori nomadi condividono lo stesso paesaggio. L'itinerario sale poi verso l'imponente <strong data-start=\"2313\" data-end=\"2332\">Monti Altai<\/strong>, che ospita pecore argali selvatiche, stambecchi, ghiacciai e ampie vallate modellate da millenni di vento e ghiaccio.<\/p>\n<p data-start=\"2436\" data-end=\"2602\">Uno dei punti salienti di ogni lungo tour della Mongolia \u00e8 l'incontro con i <strong data-start=\"2489\" data-end=\"2513\">Cacciatori di aquile del Kazakistan<\/strong> di Bayan-Ulgii, custodi di una delle ultime antiche tradizioni di caccia sopravvissute sulla Terra.<\/p>\n<h4 data-start=\"2604\" data-end=\"2663\"><strong data-start=\"2608\" data-end=\"2663\">Uvs e Uureg: laghi d'alta quota del Grande Bacino<\/strong><\/h4>\n<p data-start=\"2664\" data-end=\"2927\">Da Ulaangom e <strong data-start=\"2682\" data-end=\"2694\">Lago Uvs<\/strong>, il pi\u00f9 grande lago della Mongolia, fino alle remote acque blu di <strong data-start=\"2755\" data-end=\"2769\">Lago Uureg<\/strong>, Questa parte del percorso offre alcuni dei paesaggi alpini pi\u00f9 fotogenici del Paese. Qui, la Mongolia sembra infinita: spoglia, vuota e incredibilmente bella.<\/p>\n<h4 data-start=\"2929\" data-end=\"2991\"><strong data-start=\"2933\" data-end=\"2991\">Il deserto del Gobi: Dune, canyon e templi di pietra silenziosi<\/strong><\/h4>\n<p data-start=\"2992\" data-end=\"3169\">La vostra spedizione di tre settimane in Mongolia si dirige poi a sud verso il Gobi, entrando in un mondo di dune imponenti, valli nascoste, fauna selvatica e paesaggi preistorici. I punti salienti includono:<\/p>\n<ul data-start=\"3171\" data-end=\"3383\">\n<li data-start=\"3171\" data-end=\"3216\">\n<p data-start=\"3173\" data-end=\"3216\"><strong data-start=\"3173\" data-end=\"3187\">Barunbayan<\/strong> e <strong data-start=\"3192\" data-end=\"3214\">Dune di sabbia di Khongor<\/strong><\/p>\n<\/li>\n<li data-start=\"3217\" data-end=\"3258\">\n<p data-start=\"3219\" data-end=\"3258\">Il profondo e fresco canyon di <strong data-start=\"3244\" data-end=\"3256\">Yolin Am<\/strong><\/p>\n<\/li>\n<li data-start=\"3259\" data-end=\"3322\">\n<p data-start=\"3261\" data-end=\"3322\">Le bianche scogliere di <strong data-start=\"3287\" data-end=\"3320\">Tsagaan Suvarga (Stupa bianco)<\/strong><\/p>\n<\/li>\n<li data-start=\"3323\" data-end=\"3383\">\n<p data-start=\"3325\" data-end=\"3383\">Le antiche formazioni granitiche di <strong data-start=\"3359\" data-end=\"3383\">Bagaa Gazriin Chuluu<\/strong><\/p>\n<\/li>\n<\/ul>\n<p data-start=\"3385\" data-end=\"3564\">Terminare il viaggio in <strong data-start=\"3407\" data-end=\"3431\">Parco nazionale di Terelj<\/strong>, Si ritorna alle foreste, alle formazioni rocciose e all'ampia steppa: un capitolo ideale per chiudere tre settimane indimenticabili attraverso la Mongolia.<\/p>","protected":false},"excerpt":{"rendered":"<p>Esplorate i paesaggi pi\u00f9 belli della Mongolia lontano dai sentieri battuti!<\/p>","protected":false},"featured_media":5627,"comment_status":"open","ping_status":"closed","template":"","meta":{"_acf_changed":false,"iawp_total_views":171},"product_brand":[],"product_cat":[17],"product_tag":[],"class_list":{"0":"post-5616","1":"product","2":"type-product","3":"status-publish","4":"has-post-thumbnail","6":"product_cat-tours","8":"first","9":"instock","10":"virtual","11":"sold-individually","12":"purchasable","13":"product-type-booking"},"acf":[],"_links":{"self":[{"href":"https:\/\/mongolia.com.co\/it\/wp-json\/wp\/v2\/product\/5616","targetHints":{"allow":["GET"]}}],"collection":[{"href":"https:\/\/mongolia.com.co\/it\/wp-json\/wp\/v2\/product"}],"about":[{"href":"https:\/\/mongolia.com.co\/it\/wp-json\/wp\/v2\/types\/product"}],"replies":[{"embeddable":true,"href":"https:\/\/mongolia.com.co\/it\/wp-json\/wp\/v2\/comments?post=5616"}],"version-history":[{"count":12,"href":"https:\/\/mongolia.com.co\/it\/wp-json\/wp\/v2\/product\/5616\/revisions"}],"predecessor-version":[{"id":5660,"href":"https:\/\/mongolia.com.co\/it\/wp-json\/wp\/v2\/product\/5616\/revisions\/5660"}],"wp:featuredmedia":[{"embeddable":true,"href":"https:\/\/mongolia.com.co\/it\/wp-json\/wp\/v2\/media\/5627"}],"wp:attachment":[{"href":"https:\/\/mongolia.com.co\/it\/wp-json\/wp\/v2\/media?parent=5616"}],"wp:term":[{"taxonomy":"product_brand","embeddable":true,"href":"https:\/\/mongolia.com.co\/it\/wp-json\/wp\/v2\/product_brand?post=5616"},{"taxonomy":"product_cat","embeddable":true,"href":"https:\/\/mongolia.com.co\/it\/wp-json\/wp\/v2\/product_cat?post=5616"},{"taxonomy":"product_tag","embeddable":true,"href":"https:\/\/mongolia.com.co\/it\/wp-json\/wp\/v2\/product_tag?post=5616"}],"curies":[{"name":"wp","href":"https:\/\/api.w.org\/{rel}","templated":true}]}}