{"id":5532,"date":"2025-12-02T19:09:11","date_gmt":"2025-12-02T11:09:11","guid":{"rendered":"https:\/\/mongolia.com.co\/?post_type=product&#038;p=5532"},"modified":"2025-12-08T17:32:33","modified_gmt":"2025-12-08T09:32:33","slug":"mongolie-overland-tour-gobi-adelaarsjagers","status":"publish","type":"product","link":"https:\/\/mongolia.com.co\/nl\/rondleidingen\/mongolie-overland-tour-gobi-adelaarsjagers\/","title":{"rendered":"Mongoli\u00eb rondreis naar Khuvsgul, Altai en noordelijke Gobi"},"content":{"rendered":"<p>Begin aan de ultieme <a href=\"https:\/\/mongolia.com.co\/nl\/\">Mongoli\u00eb 4\u00d74 avontuur<\/a> met <strong>SIXT Offroad<\/strong> en ervaar een van de meest complete Mongoli\u00eb overland routes die vandaag beschikbaar zijn. Deze 18-daagse self-drive expeditie met optionele uitbreidingen is gemaakt voor reizigers die een echte Mongoli\u00eb self-drive reis willen - afgelegen, authentiek en vol met unieke landschappen. Van de diepe bossen en snelstromende rivieren in het noorden van Mongoli\u00eb tot de uitgestrekte zandduinen, kristalheldere meren en hoge bergtoppen in het uiterste westen, dit is een lange Mongoli\u00eb tour die ontworpen is om de volledige diversiteit van de wildernis van het land te laten zien. Terwijl je deze rondreis door Mongoli\u00eb maakt in je volledig uitgeruste Toyota Land Cruiser <a href=\"https:\/\/mongolia.com.co\/nl\/mongolie-autoverhuur-autovloot-selfdrive-tour\/\">4\u00d74 huurauto Mongoli\u00eb<\/a>, Je doorkruist ongerepte steppe, rijdt door verborgen valleien en komt in contact met adelaarsjagers, nomadenfamilies en landschappen die maar weinig reizigers ooit te zien krijgen.<\/p>\n<p>Kampeer onder een ongerepte nachthemel, volg de ruige Mongoolse landpaden en geniet van de vrijheid die alleen een <a href=\"https:\/\/mongolia.com.co\/nl\/\">self drive Mongoli\u00eb<\/a> expeditie kan bieden. Of je nu droomt van een drie weken durende Mongoli\u00eb reis of het wilt uitbreiden tot een maand durende Mongoli\u00eb over land expeditie, deze route biedt maximaal avontuur, culturele onderdompeling en de ware geest van afgelegen off-road exploratie.<\/p>\n<h3>Wat je te zien krijgt op de grote Mongoli\u00eb rondreis naar Khuvsgul, Altai en Gobi<\/h3>\n<p>Deze route door Mongoli\u00eb verbindt veel van de meest bijzondere natuurlijke en culturele wonderen van het land. In het noorden bereik je de regio van het Khuvsgul meer, dat deel uitmaakt van een van de schoonste en langst verbonden zoetwatersystemen ter wereld en stroomt door de Eg, Selenge en Orkhon rivieren. Deze legendarische wateren zijn het thuis van 's werelds grootste forelsoort, de taimen, waardoor dit gebied een kroonjuweel is van elke lange rondreis door Mongoli\u00eb.<\/p>\n<p>Terwijl je 4\u00d74 avontuur in Mongoli\u00eb verder westwaarts gaat, doorkruis je Altan Els, de meest noordelijke zandduinen in Mongoli\u00eb en de enige plek op aarde waar Bactrische kamelen en ruige yaks zij aan zij grazen.<\/p>\n<p>De reis gaat dan naar het dramatische Altai gebergte, een afgelegen grensgebied met gletsjers, de hoogste toppen van Mongoli\u00eb, uitgestrekte bekkens en iconische wilde dieren zoals het grootste wilde schaap ter wereld, de Altai argali, en de enorme Altai steenbok. Deze regio is ook het thuisland van de Kazachse adelaarjagers, wier eeuwenoude traditie een van de krachtigste culturele hoogtepunten is van elke Mongoli\u00eb rondreis.<\/p>\n<p>In het zuiden brengt je self drive expeditie in Mongoli\u00eb je naar de gevarieerde Gobiwoestijn, het leefgebied van wilde kamelen, sneeuwluipaarden, beren, antilopen en talloze aan de woestijn aangepaste diersoorten. Deze dramatische contrasten maken deze Mongoli\u00eb over land expeditie een van de rijkste en meest gevarieerde 4\u00d74 reizen in Azi\u00eb.<\/p>","protected":false},"excerpt":{"rendered":"<p>Verken de mooiste landschappen van Mongoli\u00eb, ver van de gebaande paden!<\/p>","protected":false},"featured_media":5583,"comment_status":"open","ping_status":"closed","template":"","meta":{"_acf_changed":false,"iawp_total_views":277},"product_brand":[],"product_cat":[17],"product_tag":[],"class_list":{"0":"post-5532","1":"product","2":"type-product","3":"status-publish","4":"has-post-thumbnail","6":"product_cat-tours","8":"first","9":"instock","10":"virtual","11":"sold-individually","12":"purchasable","13":"product-type-booking"},"acf":[],"_links":{"self":[{"href":"https:\/\/mongolia.com.co\/nl\/wp-json\/wp\/v2\/product\/5532","targetHints":{"allow":["GET"]}}],"collection":[{"href":"https:\/\/mongolia.com.co\/nl\/wp-json\/wp\/v2\/product"}],"about":[{"href":"https:\/\/mongolia.com.co\/nl\/wp-json\/wp\/v2\/types\/product"}],"replies":[{"embeddable":true,"href":"https:\/\/mongolia.com.co\/nl\/wp-json\/wp\/v2\/comments?post=5532"}],"version-history":[{"count":36,"href":"https:\/\/mongolia.com.co\/nl\/wp-json\/wp\/v2\/product\/5532\/revisions"}],"predecessor-version":[{"id":5635,"href":"https:\/\/mongolia.com.co\/nl\/wp-json\/wp\/v2\/product\/5532\/revisions\/5635"}],"wp:featuredmedia":[{"embeddable":true,"href":"https:\/\/mongolia.com.co\/nl\/wp-json\/wp\/v2\/media\/5583"}],"wp:attachment":[{"href":"https:\/\/mongolia.com.co\/nl\/wp-json\/wp\/v2\/media?parent=5532"}],"wp:term":[{"taxonomy":"product_brand","embeddable":true,"href":"https:\/\/mongolia.com.co\/nl\/wp-json\/wp\/v2\/product_brand?post=5532"},{"taxonomy":"product_cat","embeddable":true,"href":"https:\/\/mongolia.com.co\/nl\/wp-json\/wp\/v2\/product_cat?post=5532"},{"taxonomy":"product_tag","embeddable":true,"href":"https:\/\/mongolia.com.co\/nl\/wp-json\/wp\/v2\/product_tag?post=5532"}],"curies":[{"name":"wp","href":"https:\/\/api.w.org\/{rel}","templated":true}]}}