{"id":5868,"date":"2026-04-01T23:57:27","date_gmt":"2026-04-01T15:57:27","guid":{"rendered":"https:\/\/mongolia.com.co\/?page_id=5868"},"modified":"2026-04-01T23:57:32","modified_gmt":"2026-04-01T15:57:32","slug":"gobi-desert-tour","status":"publish","type":"page","link":"https:\/\/mongolia.com.co\/pl\/gobi-desert-tour\/","title":{"rendered":"Wycieczka po pustyni Gobi"},"content":{"rendered":"","protected":false},"excerpt":{"rendered":"<p>Odkryj dreszczyk emocji podczas offroadowych wycieczek po Mongolii. Poruszaj si\u0119 po rozleg\u0142ych krajobrazach, spotykaj nomad\u00f3w i odkrywaj staro\u017cytne miejsca dzi\u0119ki naszym wycieczkom 4 \u00d7 4 z przewodnikiem.<\/p>","protected":false},"author":2,"featured_media":527,"parent":0,"menu_order":0,"comment_status":"closed","ping_status":"closed","template":"","meta":{"_acf_changed":false,"iawp_total_views":5,"footnotes":""},"class_list":["post-5868","page","type-page","status-publish","has-post-thumbnail","hentry"],"acf":[],"_links":{"self":[{"href":"https:\/\/mongolia.com.co\/pl\/wp-json\/wp\/v2\/pages\/5868","targetHints":{"allow":["GET"]}}],"collection":[{"href":"https:\/\/mongolia.com.co\/pl\/wp-json\/wp\/v2\/pages"}],"about":[{"href":"https:\/\/mongolia.com.co\/pl\/wp-json\/wp\/v2\/types\/page"}],"author":[{"embeddable":true,"href":"https:\/\/mongolia.com.co\/pl\/wp-json\/wp\/v2\/users\/2"}],"replies":[{"embeddable":true,"href":"https:\/\/mongolia.com.co\/pl\/wp-json\/wp\/v2\/comments?post=5868"}],"version-history":[{"count":3,"href":"https:\/\/mongolia.com.co\/pl\/wp-json\/wp\/v2\/pages\/5868\/revisions"}],"predecessor-version":[{"id":5871,"href":"https:\/\/mongolia.com.co\/pl\/wp-json\/wp\/v2\/pages\/5868\/revisions\/5871"}],"wp:featuredmedia":[{"embeddable":true,"href":"https:\/\/mongolia.com.co\/pl\/wp-json\/wp\/v2\/media\/527"}],"wp:attachment":[{"href":"https:\/\/mongolia.com.co\/pl\/wp-json\/wp\/v2\/media?parent=5868"}],"curies":[{"name":"wp","href":"https:\/\/api.w.org\/{rel}","templated":true}]}}