{"id":938,"date":"2024-02-01T10:28:44","date_gmt":"2024-02-01T10:28:44","guid":{"rendered":"https:\/\/mongolia.com.co\/?page_id=938"},"modified":"2026-04-02T14:21:10","modified_gmt":"2026-04-02T06:21:10","slug":"home","status":"publish","type":"page","link":"https:\/\/mongolia.com.co\/pl\/?page_id=953","title":{"rendered":"Strona g\u0142\u00f3wna"},"content":{"rendered":"","protected":false},"excerpt":{"rendered":"<p>Odkryj dreszczyk emocji podczas offroadowych wycieczek po Mongolii. Poruszaj si\u0119 po rozleg\u0142ych krajobrazach, spotykaj nomad\u00f3w i odkrywaj staro\u017cytne miejsca dzi\u0119ki naszym wycieczkom 4 \u00d7 4 z przewodnikiem.<\/p>","protected":false},"author":1,"featured_media":527,"parent":0,"menu_order":0,"comment_status":"closed","ping_status":"closed","template":"","meta":{"_acf_changed":false,"iawp_total_views":28982,"footnotes":""},"class_list":["post-938","page","type-page","status-publish","has-post-thumbnail","hentry"],"acf":[],"_links":{"self":[{"href":"https:\/\/mongolia.com.co\/pl\/wp-json\/wp\/v2\/pages\/938","targetHints":{"allow":["GET"]}}],"collection":[{"href":"https:\/\/mongolia.com.co\/pl\/wp-json\/wp\/v2\/pages"}],"about":[{"href":"https:\/\/mongolia.com.co\/pl\/wp-json\/wp\/v2\/types\/page"}],"author":[{"embeddable":true,"href":"https:\/\/mongolia.com.co\/pl\/wp-json\/wp\/v2\/users\/1"}],"replies":[{"embeddable":true,"href":"https:\/\/mongolia.com.co\/pl\/wp-json\/wp\/v2\/comments?post=938"}],"version-history":[{"count":16,"href":"https:\/\/mongolia.com.co\/pl\/wp-json\/wp\/v2\/pages\/938\/revisions"}],"predecessor-version":[{"id":5896,"href":"https:\/\/mongolia.com.co\/pl\/wp-json\/wp\/v2\/pages\/938\/revisions\/5896"}],"wp:featuredmedia":[{"embeddable":true,"href":"https:\/\/mongolia.com.co\/pl\/wp-json\/wp\/v2\/media\/527"}],"wp:attachment":[{"href":"https:\/\/mongolia.com.co\/pl\/wp-json\/wp\/v2\/media?parent=938"}],"curies":[{"name":"wp","href":"https:\/\/api.w.org\/{rel}","templated":true}]}}