{"id":1032,"date":"2024-02-08T15:43:15","date_gmt":"2024-02-08T15:43:15","guid":{"rendered":"https:\/\/mongolia.com.co\/?post_type=product&#038;p=1032"},"modified":"2024-10-04T02:22:43","modified_gmt":"2024-10-03T18:22:43","slug":"piaski-gobi","status":"publish","type":"product","link":"https:\/\/mongolia.com.co\/pl\/wycieczki\/piaski-gobi\/","title":{"rendered":"Piaski Gobi"},"content":{"rendered":"<p>Odkryj serce Mongolii podczas wycieczki Gobi Sands, 6-dniowej przygody offroadowej, kt\u00f3ra zabierze Ci\u0119 z t\u0119tni\u0105cych \u017cyciem ulic U\u0142an Bator do majestatycznych wydm pustyni Gobi. Dzi\u0119ki po\u0142\u0105czeniu trudnych jazd, zanurzenia w kulturze i zapieraj\u0105cych dech w piersiach cud\u00f3w natury, ta podr\u00f3\u017c obiecuje niezapomniane wra\u017cenia z nieokie\u0142znanego pi\u0119kna Mongolii.<\/p>","protected":false},"excerpt":{"rendered":"<p>6-dniowa przygoda przez dzikie krajobrazy Mongolii od U\u0142an Bator po pustyni\u0119 Gobi.<\/p>","protected":false},"featured_media":1033,"comment_status":"open","ping_status":"closed","template":"","meta":{"_acf_changed":false,"iawp_total_views":2626},"product_brand":[],"product_cat":[17],"product_tag":[],"class_list":{"0":"post-1032","1":"product","2":"type-product","3":"status-publish","4":"has-post-thumbnail","6":"product_cat-tours","8":"first","9":"instock","10":"virtual","11":"sold-individually","12":"purchasable","13":"product-type-booking"},"acf":[],"_links":{"self":[{"href":"https:\/\/mongolia.com.co\/pl\/wp-json\/wp\/v2\/product\/1032","targetHints":{"allow":["GET"]}}],"collection":[{"href":"https:\/\/mongolia.com.co\/pl\/wp-json\/wp\/v2\/product"}],"about":[{"href":"https:\/\/mongolia.com.co\/pl\/wp-json\/wp\/v2\/types\/product"}],"replies":[{"embeddable":true,"href":"https:\/\/mongolia.com.co\/pl\/wp-json\/wp\/v2\/comments?post=1032"}],"version-history":[{"count":0,"href":"https:\/\/mongolia.com.co\/pl\/wp-json\/wp\/v2\/product\/1032\/revisions"}],"wp:featuredmedia":[{"embeddable":true,"href":"https:\/\/mongolia.com.co\/pl\/wp-json\/wp\/v2\/media\/1033"}],"wp:attachment":[{"href":"https:\/\/mongolia.com.co\/pl\/wp-json\/wp\/v2\/media?parent=1032"}],"wp:term":[{"taxonomy":"product_brand","embeddable":true,"href":"https:\/\/mongolia.com.co\/pl\/wp-json\/wp\/v2\/product_brand?post=1032"},{"taxonomy":"product_cat","embeddable":true,"href":"https:\/\/mongolia.com.co\/pl\/wp-json\/wp\/v2\/product_cat?post=1032"},{"taxonomy":"product_tag","embeddable":true,"href":"https:\/\/mongolia.com.co\/pl\/wp-json\/wp\/v2\/product_tag?post=1032"}],"curies":[{"name":"wp","href":"https:\/\/api.w.org\/{rel}","templated":true}]}}