{"id":1433,"date":"2024-02-21T18:07:32","date_gmt":"2024-02-21T18:07:32","guid":{"rendered":"https:\/\/mongolia.com.co\/?post_type=product&#038;p=1433"},"modified":"2024-10-04T02:22:42","modified_gmt":"2024-10-03T18:22:42","slug":"dzika-mongolia","status":"publish","type":"product","link":"https:\/\/mongolia.com.co\/pl\/wycieczki\/dzika-mongolia\/","title":{"rendered":"Dzika Mongolia"},"content":{"rendered":"<p>Odkryj serce dzikiej Mongolii podczas przygody, kt\u00f3ra zabierze Ci\u0119 z t\u0119tni\u0105cych \u017cyciem ulic U\u0142an Bator na rozleg\u0142\u0105 pustyni\u0119 Gobi. Prze\u017cyj dreszczyk emocji na wydmach Khongorin Els, tajemnic\u0119 P\u0142on\u0105cych Klif\u00f3w i spok\u00f3j jeziora Khar Nuur. Zatrzymaj si\u0119 w tradycyjnych obozach Ger, dziel chwile z rodzinami nomad\u00f3w i zanurz si\u0119 w bogatej kulturze i osza\u0142amiaj\u0105cych krajobrazach Mongolii. Ta podr\u00f3\u017c oferuje niezr\u00f3wnane po\u0142\u0105czenie przygody, przyrody i zanurzenia w kulturze w jednym z najbardziej niezwyk\u0142ych miejsc na \u015bwiecie.<\/p>\n<p>W razie jakichkolwiek pyta\u0144 <a href=\"#contact-us\">skontaktuj si\u0119 z nami tutaj<\/a> lub napisz do nas na adres<br \/>\n<a href=\"mailto:contact@mongolia.com.co\">contact@mongolia.com.co<\/a><\/p>","protected":false},"excerpt":{"rendered":"<p>20-dniowa przygoda w Mongolii, gdzie zanurzenie w kulturze i zapieraj\u0105ce dech w piersiach krajobrazy \u0142\u0105cz\u0105 si\u0119, tworz\u0105c niezapomnian\u0105 podr\u00f3\u017c.<\/p>","protected":false},"featured_media":1434,"comment_status":"open","ping_status":"closed","template":"","meta":{"_acf_changed":false,"iawp_total_views":1002},"product_brand":[],"product_cat":[17],"product_tag":[],"class_list":{"0":"post-1433","1":"product","2":"type-product","3":"status-publish","4":"has-post-thumbnail","6":"product_cat-tours","8":"first","9":"instock","10":"virtual","11":"sold-individually","12":"purchasable","13":"product-type-booking"},"acf":[],"_links":{"self":[{"href":"https:\/\/mongolia.com.co\/pl\/wp-json\/wp\/v2\/product\/1433","targetHints":{"allow":["GET"]}}],"collection":[{"href":"https:\/\/mongolia.com.co\/pl\/wp-json\/wp\/v2\/product"}],"about":[{"href":"https:\/\/mongolia.com.co\/pl\/wp-json\/wp\/v2\/types\/product"}],"replies":[{"embeddable":true,"href":"https:\/\/mongolia.com.co\/pl\/wp-json\/wp\/v2\/comments?post=1433"}],"version-history":[{"count":0,"href":"https:\/\/mongolia.com.co\/pl\/wp-json\/wp\/v2\/product\/1433\/revisions"}],"wp:featuredmedia":[{"embeddable":true,"href":"https:\/\/mongolia.com.co\/pl\/wp-json\/wp\/v2\/media\/1434"}],"wp:attachment":[{"href":"https:\/\/mongolia.com.co\/pl\/wp-json\/wp\/v2\/media?parent=1433"}],"wp:term":[{"taxonomy":"product_brand","embeddable":true,"href":"https:\/\/mongolia.com.co\/pl\/wp-json\/wp\/v2\/product_brand?post=1433"},{"taxonomy":"product_cat","embeddable":true,"href":"https:\/\/mongolia.com.co\/pl\/wp-json\/wp\/v2\/product_cat?post=1433"},{"taxonomy":"product_tag","embeddable":true,"href":"https:\/\/mongolia.com.co\/pl\/wp-json\/wp\/v2\/product_tag?post=1433"}],"curies":[{"name":"wp","href":"https:\/\/api.w.org\/{rel}","templated":true}]}}