{"id":2387,"date":"2024-03-16T13:37:13","date_gmt":"2024-03-16T13:37:13","guid":{"rendered":"https:\/\/mongolia.com.co\/?post_type=product&#038;p=2387"},"modified":"2024-10-04T02:22:42","modified_gmt":"2024-10-03T18:22:42","slug":"imperia-orlow","status":"publish","type":"product","link":"https:\/\/mongolia.com.co\/pl\/wycieczki\/imperia-orlow\/","title":{"rendered":"Eagle Hunters &amp; Empires"},"content":{"rendered":"<p>Wyrusz w 14-dniow\u0105 epick\u0105 przygod\u0119 przez serce Mongolii, aby odwiedzi\u0107 koczowniczych \u0142owc\u00f3w or\u0142\u00f3w. Podr\u00f3\u017c, kt\u00f3ra \u0142\u0105czy staro\u017cytne z nieokie\u0142znanym, spokojne ze spektakularnym. Od t\u0119tni\u0105cych \u017cyciem ulic U\u0142an Bator po szepcz\u0105ce piaski Elsen Taserkhai, ta wycieczka obiecuje zanurzenie si\u0119 w g\u0142\u0119bokim pi\u0119knie Mongolii i bogatym gobelinie kulturowym. Przeja\u017cd\u017cka z dzikimi ko\u0144mi w cieniu Parku Narodowego Khustai, stanie w zachwycie w duchowym klasztorze Erdene Zu i dzielenie si\u0119 opowie\u015bciami pod gwiazdami z koczowniczymi rodzinami. Ka\u017cdy dzie\u0144 rozwija si\u0119 jak rozdzia\u0142 z pami\u0119tnika poszukiwacza przyg\u00f3d, zapraszaj\u0105c do napisania w\u0142asnej historii po\u015br\u00f3d bezkresnego nieba i rozleg\u0142ych krajobraz\u00f3w Mongolii.<\/p>","protected":false},"excerpt":{"rendered":"<p>14-dniowa przygoda w Mongolii, gdzie staro\u017cytne krajobrazy spotykaj\u0105 si\u0119 z ponadczasowymi tradycjami<\/p>","protected":false},"featured_media":2554,"comment_status":"open","ping_status":"closed","template":"","meta":{"_acf_changed":false,"iawp_total_views":1727},"product_brand":[],"product_cat":[17],"product_tag":[],"class_list":{"0":"post-2387","1":"product","2":"type-product","3":"status-publish","4":"has-post-thumbnail","6":"product_cat-tours","8":"first","9":"instock","10":"virtual","11":"sold-individually","12":"purchasable","13":"product-type-booking"},"acf":[],"_links":{"self":[{"href":"https:\/\/mongolia.com.co\/pl\/wp-json\/wp\/v2\/product\/2387","targetHints":{"allow":["GET"]}}],"collection":[{"href":"https:\/\/mongolia.com.co\/pl\/wp-json\/wp\/v2\/product"}],"about":[{"href":"https:\/\/mongolia.com.co\/pl\/wp-json\/wp\/v2\/types\/product"}],"replies":[{"embeddable":true,"href":"https:\/\/mongolia.com.co\/pl\/wp-json\/wp\/v2\/comments?post=2387"}],"version-history":[{"count":1,"href":"https:\/\/mongolia.com.co\/pl\/wp-json\/wp\/v2\/product\/2387\/revisions"}],"predecessor-version":[{"id":5719,"href":"https:\/\/mongolia.com.co\/pl\/wp-json\/wp\/v2\/product\/2387\/revisions\/5719"}],"wp:featuredmedia":[{"embeddable":true,"href":"https:\/\/mongolia.com.co\/pl\/wp-json\/wp\/v2\/media\/2554"}],"wp:attachment":[{"href":"https:\/\/mongolia.com.co\/pl\/wp-json\/wp\/v2\/media?parent=2387"}],"wp:term":[{"taxonomy":"product_brand","embeddable":true,"href":"https:\/\/mongolia.com.co\/pl\/wp-json\/wp\/v2\/product_brand?post=2387"},{"taxonomy":"product_cat","embeddable":true,"href":"https:\/\/mongolia.com.co\/pl\/wp-json\/wp\/v2\/product_cat?post=2387"},{"taxonomy":"product_tag","embeddable":true,"href":"https:\/\/mongolia.com.co\/pl\/wp-json\/wp\/v2\/product_tag?post=2387"}],"curies":[{"name":"wp","href":"https:\/\/api.w.org\/{rel}","templated":true}]}}