{"id":3607,"date":"2026-03-16T13:20:51","date_gmt":"2026-03-16T05:20:51","guid":{"rendered":"https:\/\/mongolia.com.co\/?post_type=product&#038;p=3607"},"modified":"2026-03-17T22:26:24","modified_gmt":"2026-03-17T14:26:24","slug":"gobi-na-polnocna-mongolie","status":"publish","type":"product","link":"https:\/\/mongolia.com.co\/pl\/wycieczki\/gobi-na-polnocna-mongolie\/","title":{"rendered":"Mongolia poza utartym szlakiem \u2013 Gobi, stepy i p\u00f3\u0142noc"},"content":{"rendered":"<p>Ta samodzielna wyprawa do Mongolii zabierze Ci\u0119 daleko od utartych szlak\u00f3w przez jedne z najbardziej spektakularnych i odleg\u0142ych krajobraz\u00f3w tego kraju. W ci\u0105gu dw\u00f3ch niezapomnianych tygodni wyruszysz z rozleg\u0142ych step\u00f3w w pobli\u017cu U\u0142an Bator na faluj\u0105ce wydmy Gobi, historyczne tereny Imperium Mongolskiego i dzikie p\u00f3\u0142nocne lasy - zatrzymuj\u0105c si\u0119 po drodze w jednych z najlepszych domk\u00f3w w Mongolii.<\/p>\n<p>Wkr\u00f3tce po przybyciu na miejsce rozpocznie si\u0119 przygoda z najbardziej charakterystycznymi zabytkami Mongolii: monumentalnym pos\u0105giem Czyngis-chana i dramatycznymi granitowymi formacjami Parku Narodowego Terelj. Gdy asfalt znika za tob\u0105, zaczyna si\u0119 prawdziwa eksploracja. Trasa 4\u00d74 prowadzi przez ukryte doliny, skaliste wychodnie i otwarty step, gdzie koczowniczy pasterze nadal przestrzegaj\u0105 staro\u017cytnych tradycji, a dzika przyroda w\u0119druje swobodnie.<\/p>\n<p>Podr\u00f3\u017cuj\u0105c w g\u0142\u0105b kraju, napotkasz uderzaj\u0105ce kontrasty Mongolii: surrealistyczne formacje skalne Baga Gazriin Chuluu, z\u0142ote wydmy Elsen Tasarkhai w \u201cMini Gobi\u201d oraz historyczne krajobrazy otaczaj\u0105ce Karakorum i klasztor Erdene Zuu. Po drodze spotkasz rodziny nomad\u00f3w, do\u015bwiadczysz tradycyjnego \u017cycia pasterskiego i odkryjesz g\u0142\u0119bok\u0105 cisz\u0119 i ogrom, kt\u00f3re sprawiaj\u0105, \u017ce Mongolia jest jednym z ostatnich wspania\u0142ych miejsc na \u015bwiecie.<\/p>\n<p>Dalej na p\u00f3\u0142noc sceneria zmienia si\u0119 w bujne doliny rzeczne, zalesione g\u00f3ry i krystalicznie czyste drogi wodne. W odleg\u0142ym regionie Bulgan zatrzymasz si\u0119 w pi\u0119knym domku nad rzek\u0105 Eg - nietkni\u0119tym raju s\u0142yn\u0105cym z dzikiej przyrody, dziewiczej natury i legendarnych ryb taimen. Tutaj rafting, malownicze w\u0119dr\u00f3wki i wieczory przy ognisku ujawniaj\u0105 spokojniejsz\u0105 i rzadko odwiedzan\u0105 stron\u0119 Mongolii.<\/p>\n<p>Ta wycieczka \u0142\u0105czy pe\u0142n\u0105 przyg\u00f3d jazd\u0119 terenow\u0105 z odkrywaniem kultury i chwilami czystego relaksu. Starannie dobrane obozy, tradycyjne pobyty w gerach i jedne z najlepszych schronisk w Mongolii zapewniaj\u0105 komfort, pozostaj\u0105c zanurzonym w naturze. Dzi\u0119ki szczeg\u00f3\u0142owym wskaz\u00f3wkom dotycz\u0105cym trasy i wsparciu podczas ca\u0142ej podr\u00f3\u017cy, mo\u017cesz odkrywa\u0107 Mongoli\u0119 niezale\u017cnie, jednocze\u015bnie do\u015bwiadczaj\u0105c jej najbardziej autentycznych i zapieraj\u0105cych dech w piersiach region\u00f3w. Podr\u00f3\u017c przeznaczona dla podr\u00f3\u017cnik\u00f3w poszukuj\u0105cych przygody, wolno\u015bci i g\u0142\u0119bokiego po\u0142\u0105czenia z dzikimi krajobrazami Mongolii i ponadczasow\u0105 kultur\u0105 nomad\u00f3w.<\/p>","protected":false},"excerpt":{"rendered":"<p>Wyrusz w podr\u00f3\u017c poza utartymi szlakami przez Mongoli\u0119, od wydm Gobi po dzikie doliny rzeczne, zatrzymuj\u0105c si\u0119 w najlepszych domkach w Mongolii.<\/p>","protected":false},"featured_media":5788,"comment_status":"open","ping_status":"closed","template":"","meta":{"_acf_changed":false,"iawp_total_views":60},"product_brand":[],"product_cat":[17],"product_tag":[],"class_list":{"0":"post-3607","1":"product","2":"type-product","3":"status-publish","4":"has-post-thumbnail","6":"product_cat-tours","8":"first","9":"instock","10":"virtual","11":"sold-individually","12":"purchasable","13":"product-type-booking"},"acf":[],"_links":{"self":[{"href":"https:\/\/mongolia.com.co\/pl\/wp-json\/wp\/v2\/product\/3607","targetHints":{"allow":["GET"]}}],"collection":[{"href":"https:\/\/mongolia.com.co\/pl\/wp-json\/wp\/v2\/product"}],"about":[{"href":"https:\/\/mongolia.com.co\/pl\/wp-json\/wp\/v2\/types\/product"}],"replies":[{"embeddable":true,"href":"https:\/\/mongolia.com.co\/pl\/wp-json\/wp\/v2\/comments?post=3607"}],"version-history":[{"count":41,"href":"https:\/\/mongolia.com.co\/pl\/wp-json\/wp\/v2\/product\/3607\/revisions"}],"predecessor-version":[{"id":5830,"href":"https:\/\/mongolia.com.co\/pl\/wp-json\/wp\/v2\/product\/3607\/revisions\/5830"}],"wp:featuredmedia":[{"embeddable":true,"href":"https:\/\/mongolia.com.co\/pl\/wp-json\/wp\/v2\/media\/5788"}],"wp:attachment":[{"href":"https:\/\/mongolia.com.co\/pl\/wp-json\/wp\/v2\/media?parent=3607"}],"wp:term":[{"taxonomy":"product_brand","embeddable":true,"href":"https:\/\/mongolia.com.co\/pl\/wp-json\/wp\/v2\/product_brand?post=3607"},{"taxonomy":"product_cat","embeddable":true,"href":"https:\/\/mongolia.com.co\/pl\/wp-json\/wp\/v2\/product_cat?post=3607"},{"taxonomy":"product_tag","embeddable":true,"href":"https:\/\/mongolia.com.co\/pl\/wp-json\/wp\/v2\/product_tag?post=3607"}],"curies":[{"name":"wp","href":"https:\/\/api.w.org\/{rel}","templated":true}]}}