{"id":3816,"date":"2024-03-28T07:03:53","date_gmt":"2024-03-28T07:03:53","guid":{"rendered":"https:\/\/mongolia.com.co\/?post_type=product&#038;p=3816"},"modified":"2024-10-04T02:22:42","modified_gmt":"2024-10-03T18:22:42","slug":"od-polnocnych-jezior-do-poludniowych-piaskow","status":"publish","type":"product","link":"https:\/\/mongolia.com.co\/pl\/wycieczki\/od-polnocnych-jezior-do-poludniowych-piaskow\/","title":{"rendered":"Od p\u00f3\u0142nocnych jezior do po\u0142udniowych piask\u00f3w"},"content":{"rendered":"<p>Wyrusz na niezapomnian\u0105 19-dniow\u0105 wycieczk\u0119 przygodow\u0105 do Mongolii przez serce kraju, od t\u0119tni\u0105cych \u017cyciem ulic U\u0142an Bator po spokojne przestrzenie pustyni Gobi. Przemierzaj surowe krajobrazy, odkrywaj staro\u017cytne wulkany i zrelaksuj si\u0119 nad krystalicznie czystymi jeziorami, zanurzaj\u0105c si\u0119 w \u015bwiecie, w kt\u00f3rym przygoda nie zna granic. Ka\u017cdy dzie\u0144 obiecuje now\u0105 przygod\u0119, niezale\u017cnie od tego, czy jest to w\u0119dr\u00f3wka po u\u015bpionych wulkanach, sp\u0142yw kajakowy po dziewiczych wodach, czy te\u017c prze\u017cycie dreszczyku emocji podczas przeja\u017cd\u017cki na wielb\u0142\u0105dzie przez P\u0142on\u0105ce Klify. Zanurz si\u0119 w koczowniczym stylu \u017cycia, zanurzaj\u0105c si\u0119 w gor\u0105cych \u017ar\u00f3d\u0142ach pod rozgwie\u017cd\u017conym niebem i budz\u0105c si\u0119 na zapieraj\u0105ce dech w piersiach wschody s\u0142o\u0144ca nad rozleg\u0142ymi wydmami. Ta wycieczka to nie tylko podr\u00f3\u017c przez Mongoli\u0119; to podr\u00f3\u017c do serca jej krajobraz\u00f3w, kultury i bezgranicznych przyg\u00f3d.<\/p>","protected":false},"excerpt":{"rendered":"<p>Przygoda z p\u00f3\u0142nocy na po\u0142udnie staro\u017cytnych krajobraz\u00f3w i kultur nomad\u00f3w w niezapomnianej podr\u00f3\u017cy.<\/p>","protected":false},"featured_media":3844,"comment_status":"open","ping_status":"closed","template":"","meta":{"_acf_changed":false,"iawp_total_views":1034},"product_brand":[],"product_cat":[17],"product_tag":[37],"class_list":{"0":"post-3816","1":"product","2":"type-product","3":"status-publish","4":"has-post-thumbnail","6":"product_cat-tours","7":"product_tag-northern-lakes-to-southern-sands","9":"first","10":"instock","11":"virtual","12":"sold-individually","13":"purchasable","14":"product-type-booking"},"acf":[],"_links":{"self":[{"href":"https:\/\/mongolia.com.co\/pl\/wp-json\/wp\/v2\/product\/3816","targetHints":{"allow":["GET"]}}],"collection":[{"href":"https:\/\/mongolia.com.co\/pl\/wp-json\/wp\/v2\/product"}],"about":[{"href":"https:\/\/mongolia.com.co\/pl\/wp-json\/wp\/v2\/types\/product"}],"replies":[{"embeddable":true,"href":"https:\/\/mongolia.com.co\/pl\/wp-json\/wp\/v2\/comments?post=3816"}],"version-history":[{"count":0,"href":"https:\/\/mongolia.com.co\/pl\/wp-json\/wp\/v2\/product\/3816\/revisions"}],"wp:featuredmedia":[{"embeddable":true,"href":"https:\/\/mongolia.com.co\/pl\/wp-json\/wp\/v2\/media\/3844"}],"wp:attachment":[{"href":"https:\/\/mongolia.com.co\/pl\/wp-json\/wp\/v2\/media?parent=3816"}],"wp:term":[{"taxonomy":"product_brand","embeddable":true,"href":"https:\/\/mongolia.com.co\/pl\/wp-json\/wp\/v2\/product_brand?post=3816"},{"taxonomy":"product_cat","embeddable":true,"href":"https:\/\/mongolia.com.co\/pl\/wp-json\/wp\/v2\/product_cat?post=3816"},{"taxonomy":"product_tag","embeddable":true,"href":"https:\/\/mongolia.com.co\/pl\/wp-json\/wp\/v2\/product_tag?post=3816"}],"curies":[{"name":"wp","href":"https:\/\/api.w.org\/{rel}","templated":true}]}}