{"id":39,"date":"2024-01-23T17:22:25","date_gmt":"2024-01-23T17:22:25","guid":{"rendered":"https:\/\/mongolia.com.co\/?post_type=product&#038;p=39"},"modified":"2024-10-04T02:22:43","modified_gmt":"2024-10-03T18:22:43","slug":"zadanie-kharakorum","status":"publish","type":"product","link":"https:\/\/mongolia.com.co\/pl\/wycieczki\/zadanie-kharakorum\/","title":{"rendered":"Kharakorum Quest"},"content":{"rendered":"<p>Czy jeste\u015b gotowy, aby obudzi\u0107 w sobie ducha przygody i zanurzy\u0107 si\u0119 w nietkni\u0119tym pi\u0119knie Mongolii \u015arodkowej? SIXT Car Rental zaprasza na 5-dniow\u0105 wypraw\u0119, kt\u00f3ra jest czym\u015b wi\u0119cej ni\u017c tylko przeja\u017cd\u017ck\u0105 - to podr\u00f3\u017c w czasie i terenie. Od szepcz\u0105cych \u0142\u0105k Parku Narodowego Khustai, domu majestatycznego konia Przewalskiego, po mistyczne ruiny Kharakorum, staro\u017cytnej stolicy Mongo\u0142\u00f3w, ka\u017cda mila rozwija histori\u0119. To nie jest zwyk\u0142a wycieczka, to do\u015bwiadczenie.<\/p>","protected":false},"excerpt":{"rendered":"<p>Do\u015bwiadcz magii Mongolii \u015arodkowej: 5-dniowa wycieczka z w\u0142asnym kierowc\u0105 z SIXT<\/p>","protected":false},"featured_media":94,"comment_status":"open","ping_status":"closed","template":"","meta":{"_acf_changed":false,"iawp_total_views":1931},"product_brand":[],"product_cat":[17],"product_tag":[],"class_list":{"0":"post-39","1":"product","2":"type-product","3":"status-publish","4":"has-post-thumbnail","6":"product_cat-tours","8":"first","9":"instock","10":"virtual","11":"sold-individually","12":"purchasable","13":"product-type-booking"},"acf":[],"_links":{"self":[{"href":"https:\/\/mongolia.com.co\/pl\/wp-json\/wp\/v2\/product\/39","targetHints":{"allow":["GET"]}}],"collection":[{"href":"https:\/\/mongolia.com.co\/pl\/wp-json\/wp\/v2\/product"}],"about":[{"href":"https:\/\/mongolia.com.co\/pl\/wp-json\/wp\/v2\/types\/product"}],"replies":[{"embeddable":true,"href":"https:\/\/mongolia.com.co\/pl\/wp-json\/wp\/v2\/comments?post=39"}],"version-history":[{"count":0,"href":"https:\/\/mongolia.com.co\/pl\/wp-json\/wp\/v2\/product\/39\/revisions"}],"wp:featuredmedia":[{"embeddable":true,"href":"https:\/\/mongolia.com.co\/pl\/wp-json\/wp\/v2\/media\/94"}],"wp:attachment":[{"href":"https:\/\/mongolia.com.co\/pl\/wp-json\/wp\/v2\/media?parent=39"}],"wp:term":[{"taxonomy":"product_brand","embeddable":true,"href":"https:\/\/mongolia.com.co\/pl\/wp-json\/wp\/v2\/product_brand?post=39"},{"taxonomy":"product_cat","embeddable":true,"href":"https:\/\/mongolia.com.co\/pl\/wp-json\/wp\/v2\/product_cat?post=39"},{"taxonomy":"product_tag","embeddable":true,"href":"https:\/\/mongolia.com.co\/pl\/wp-json\/wp\/v2\/product_tag?post=39"}],"curies":[{"name":"wp","href":"https:\/\/api.w.org\/{rel}","templated":true}]}}