{"id":3914,"date":"2024-05-23T14:52:48","date_gmt":"2024-05-23T14:52:48","guid":{"rendered":"https:\/\/mongolia.com.co\/?post_type=product&#038;p=3914"},"modified":"2024-10-04T12:22:37","modified_gmt":"2024-10-04T04:22:37","slug":"petla-mongolia-polnocna","status":"publish","type":"product","link":"https:\/\/mongolia.com.co\/pl\/wycieczki\/petla-mongolia-polnocna\/","title":{"rendered":"P\u0119tla p\u00f3\u0142nocnej Mongolii"},"content":{"rendered":"<p>Wyrusz na ekscytuj\u0105c\u0105 14-dniow\u0105 przygod\u0119 offroadow\u0105 przez krajobrazy p\u00f3\u0142nocnej Mongolii. Poczuj dreszczyk emocji przemierzaj\u0105c zr\u00f3\u017cnicowane tereny, od spokojnych jezior i staro\u017cytnych klasztor\u00f3w po rozleg\u0142e wydmy i majestatyczne wulkany. Ta wycieczka oferuje wyj\u0105tkowe po\u0142\u0105czenie zanurzenia w kulturze i przygody na \u015bwie\u017cym powietrzu, idealne dla tych, kt\u00f3rzy szukaj\u0105 prawdziwej mongolskiej eskapady.<\/p>","protected":false},"excerpt":{"rendered":"<p>Wyrusz w 14-dniow\u0105 podr\u00f3\u017c offroadow\u0105 przez zapieraj\u0105ce dech w piersiach krajobrazy p\u00f3\u0142nocnej Mongolii, bogat\u0105 kultur\u0119 i tradycyjne obozy ger.<\/p>","protected":false},"featured_media":3988,"comment_status":"open","ping_status":"closed","template":"","meta":{"_acf_changed":false,"iawp_total_views":1248},"product_brand":[],"product_cat":[17],"product_tag":[36],"class_list":{"0":"post-3914","1":"product","2":"type-product","3":"status-publish","4":"has-post-thumbnail","6":"product_cat-tours","7":"product_tag-northern-mongolia-loop","9":"first","10":"instock","11":"virtual","12":"sold-individually","13":"purchasable","14":"product-type-booking"},"acf":[],"_links":{"self":[{"href":"https:\/\/mongolia.com.co\/pl\/wp-json\/wp\/v2\/product\/3914","targetHints":{"allow":["GET"]}}],"collection":[{"href":"https:\/\/mongolia.com.co\/pl\/wp-json\/wp\/v2\/product"}],"about":[{"href":"https:\/\/mongolia.com.co\/pl\/wp-json\/wp\/v2\/types\/product"}],"replies":[{"embeddable":true,"href":"https:\/\/mongolia.com.co\/pl\/wp-json\/wp\/v2\/comments?post=3914"}],"version-history":[{"count":0,"href":"https:\/\/mongolia.com.co\/pl\/wp-json\/wp\/v2\/product\/3914\/revisions"}],"wp:featuredmedia":[{"embeddable":true,"href":"https:\/\/mongolia.com.co\/pl\/wp-json\/wp\/v2\/media\/3988"}],"wp:attachment":[{"href":"https:\/\/mongolia.com.co\/pl\/wp-json\/wp\/v2\/media?parent=3914"}],"wp:term":[{"taxonomy":"product_brand","embeddable":true,"href":"https:\/\/mongolia.com.co\/pl\/wp-json\/wp\/v2\/product_brand?post=3914"},{"taxonomy":"product_cat","embeddable":true,"href":"https:\/\/mongolia.com.co\/pl\/wp-json\/wp\/v2\/product_cat?post=3914"},{"taxonomy":"product_tag","embeddable":true,"href":"https:\/\/mongolia.com.co\/pl\/wp-json\/wp\/v2\/product_tag?post=3914"}],"curies":[{"name":"wp","href":"https:\/\/api.w.org\/{rel}","templated":true}]}}