{"id":413,"date":"2024-01-26T11:15:18","date_gmt":"2024-01-26T11:15:18","guid":{"rendered":"https:\/\/mongolia.com.co\/?post_type=product&#038;p=413"},"modified":"2025-08-21T19:35:58","modified_gmt":"2025-08-21T11:35:58","slug":"stepy-mongolskie-do-gobi","status":"publish","type":"product","link":"https:\/\/mongolia.com.co\/pl\/wycieczki\/stepy-mongolskie-do-gobi\/","title":{"rendered":"Stepy w g\u0142\u0105b Gobi"},"content":{"rendered":"<p>Do\u015bwiadcz magii step\u00f3w i wydm Mongolii podczas tej 15-dniowej podr\u00f3\u017cy przez Mongoli\u0119 \u015arodkow\u0105 i pustyni\u0119 Gobi. Spotkaj dzikie konie w Parku Narodowym Khustai i poczuj dreszczyk emocji podczas jazdy terenowej w rozleg\u0142ych, nieokie\u0142znanych krajobrazach. Rozkoszuj si\u0119 bogactwem kulturowym staro\u017cytnych klasztor\u00f3w i historycznych miejsc. Od szepcz\u0105cych piask\u00f3w wydm Khongor po duchowy spok\u00f3j klasztoru Ongii, ka\u017cdy dzie\u0144 otwiera nowy rozdzia\u0142 odkry\u0107.<\/p>","protected":false},"excerpt":{"rendered":"<p>Odkryj dzikie pi\u0119kno Mongolii podczas 15-dniowej wyprawy terenowej ze step\u00f3w na pustyni\u0119 Gobi.<\/p>","protected":false},"featured_media":5360,"comment_status":"open","ping_status":"closed","template":"","meta":{"_acf_changed":false,"iawp_total_views":1321},"product_brand":[],"product_cat":[17],"product_tag":[],"class_list":{"0":"post-413","1":"product","2":"type-product","3":"status-publish","4":"has-post-thumbnail","6":"product_cat-tours","8":"first","9":"instock","10":"virtual","11":"sold-individually","12":"purchasable","13":"product-type-booking"},"acf":[],"_links":{"self":[{"href":"https:\/\/mongolia.com.co\/pl\/wp-json\/wp\/v2\/product\/413","targetHints":{"allow":["GET"]}}],"collection":[{"href":"https:\/\/mongolia.com.co\/pl\/wp-json\/wp\/v2\/product"}],"about":[{"href":"https:\/\/mongolia.com.co\/pl\/wp-json\/wp\/v2\/types\/product"}],"replies":[{"embeddable":true,"href":"https:\/\/mongolia.com.co\/pl\/wp-json\/wp\/v2\/comments?post=413"}],"version-history":[{"count":6,"href":"https:\/\/mongolia.com.co\/pl\/wp-json\/wp\/v2\/product\/413\/revisions"}],"predecessor-version":[{"id":5361,"href":"https:\/\/mongolia.com.co\/pl\/wp-json\/wp\/v2\/product\/413\/revisions\/5361"}],"wp:featuredmedia":[{"embeddable":true,"href":"https:\/\/mongolia.com.co\/pl\/wp-json\/wp\/v2\/media\/5360"}],"wp:attachment":[{"href":"https:\/\/mongolia.com.co\/pl\/wp-json\/wp\/v2\/media?parent=413"}],"wp:term":[{"taxonomy":"product_brand","embeddable":true,"href":"https:\/\/mongolia.com.co\/pl\/wp-json\/wp\/v2\/product_brand?post=413"},{"taxonomy":"product_cat","embeddable":true,"href":"https:\/\/mongolia.com.co\/pl\/wp-json\/wp\/v2\/product_cat?post=413"},{"taxonomy":"product_tag","embeddable":true,"href":"https:\/\/mongolia.com.co\/pl\/wp-json\/wp\/v2\/product_tag?post=413"}],"curies":[{"name":"wp","href":"https:\/\/api.w.org\/{rel}","templated":true}]}}