{"id":4301,"date":"2024-06-18T16:53:43","date_gmt":"2024-06-18T16:53:43","guid":{"rendered":"https:\/\/mongolia.com.co\/?post_type=product&#038;p=4301"},"modified":"2024-10-04T02:22:42","modified_gmt":"2024-10-03T18:22:42","slug":"wycieczka-po-parku-terelj","status":"publish","type":"product","link":"https:\/\/mongolia.com.co\/pl\/wycieczki\/wycieczka-po-parku-terelj\/","title":{"rendered":"Wycieczka po parku Terelj"},"content":{"rendered":"<p>Odkryj nieokie\u0142znane pi\u0119kno Mongolii podczas ekscytuj\u0105cej wycieczki offroadowej, kt\u00f3ra zabierze Ci\u0119 z t\u0119tni\u0105cych \u017cyciem ulic U\u0142an Bator do spokojnych krajobraz\u00f3w Terelj i nie tylko. Ta podr\u00f3\u017c \u0142\u0105czy w sobie zabytki kultury, zapieraj\u0105ce dech w piersiach naturalne krajobrazy i ekscytuj\u0105ce zaj\u0119cia, oferuj\u0105c idealne po\u0142\u0105czenie przygody i relaksu. Od jazdy konnej i pikniku nad rzek\u0105 Tuul po zwiedzanie staro\u017cytnych \u015bwi\u0105ty\u0144 i kultowych pos\u0105g\u00f3w, ka\u017cda chwila tej wycieczki obiecuje niezapomniane wra\u017cenia. Niezale\u017cnie od tego, czy podziwiasz pos\u0105g Chinggis Khaan, czy obserwujesz dzik\u0105 przyrod\u0119 w Gun Galuut, ta przygoda pozostawi trwa\u0142e wspomnienia z r\u00f3\u017cnorodnych cud\u00f3w Mongolii.<\/p>","protected":false},"excerpt":{"rendered":"<p>Do\u0142\u0105cz do Terelj Park Tour, aby odby\u0107 ekscytuj\u0105c\u0105 podr\u00f3\u017c przez osza\u0142amiaj\u0105ce krajobrazy i bogate dziedzictwo kulturowe Mongolii!<\/p>","protected":false},"featured_media":4323,"comment_status":"open","ping_status":"closed","template":"","meta":{"_acf_changed":false,"iawp_total_views":1371},"product_brand":[],"product_cat":[17],"product_tag":[35],"class_list":{"0":"post-4301","1":"product","2":"type-product","3":"status-publish","4":"has-post-thumbnail","6":"product_cat-tours","7":"product_tag-terelj-park-tour","9":"first","10":"instock","11":"virtual","12":"sold-individually","13":"purchasable","14":"product-type-booking"},"acf":[],"_links":{"self":[{"href":"https:\/\/mongolia.com.co\/pl\/wp-json\/wp\/v2\/product\/4301","targetHints":{"allow":["GET"]}}],"collection":[{"href":"https:\/\/mongolia.com.co\/pl\/wp-json\/wp\/v2\/product"}],"about":[{"href":"https:\/\/mongolia.com.co\/pl\/wp-json\/wp\/v2\/types\/product"}],"replies":[{"embeddable":true,"href":"https:\/\/mongolia.com.co\/pl\/wp-json\/wp\/v2\/comments?post=4301"}],"version-history":[{"count":0,"href":"https:\/\/mongolia.com.co\/pl\/wp-json\/wp\/v2\/product\/4301\/revisions"}],"wp:featuredmedia":[{"embeddable":true,"href":"https:\/\/mongolia.com.co\/pl\/wp-json\/wp\/v2\/media\/4323"}],"wp:attachment":[{"href":"https:\/\/mongolia.com.co\/pl\/wp-json\/wp\/v2\/media?parent=4301"}],"wp:term":[{"taxonomy":"product_brand","embeddable":true,"href":"https:\/\/mongolia.com.co\/pl\/wp-json\/wp\/v2\/product_brand?post=4301"},{"taxonomy":"product_cat","embeddable":true,"href":"https:\/\/mongolia.com.co\/pl\/wp-json\/wp\/v2\/product_cat?post=4301"},{"taxonomy":"product_tag","embeddable":true,"href":"https:\/\/mongolia.com.co\/pl\/wp-json\/wp\/v2\/product_tag?post=4301"}],"curies":[{"name":"wp","href":"https:\/\/api.w.org\/{rel}","templated":true}]}}