{"id":4842,"date":"2024-09-26T17:34:05","date_gmt":"2024-09-26T09:34:05","guid":{"rendered":"https:\/\/mongolia.com.co\/?post_type=product&#038;p=4842"},"modified":"2024-10-04T02:22:42","modified_gmt":"2024-10-03T18:22:42","slug":"mongolia-zimowa-wycieczka","status":"publish","type":"product","link":"https:\/\/mongolia.com.co\/pl\/wycieczki\/mongolia-zimowa-wycieczka\/","title":{"rendered":"Zimowa kraina czar\u00f3w"},"content":{"rendered":"<p>Do\u015bwiadcz magii zimowych krajobraz\u00f3w podczas tej wci\u0105gaj\u0105cej 12-dniowej zimowej wycieczki offroadowej po Mongolii. Od t\u0119tni\u0105cych \u017cyciem ulic U\u0142an Bator po spokojne brzegi jeziora Khuvsgul, odkryjesz ukryte klejnoty Mongolii pod warstw\u0105 \u015bniegu. Przeja\u017cd\u017cka konna przez dziewicze lasy, w\u0119dr\u00f3wka po u\u015bpionych wulkanach i relaks w cieple naturalnych gor\u0105cych \u017ar\u00f3de\u0142. Ta podr\u00f3\u017c oferuje niezr\u00f3wnane po\u0142\u0105czenie przygody, relaksu i odkrywania kultury. Niezale\u017cnie od tego, czy \u0142owisz ryby pod lodem na zamarzni\u0119tych jeziorach, czy spacerujesz po staro\u017cytnych schodach Kharkorin, ka\u017cdy dzie\u0144 obiecuje wyj\u0105tkowe spotkania z zapieraj\u0105c\u0105 dech w piersiach zimow\u0105 dzicz\u0105 Mongolii.<\/p>","protected":false},"excerpt":{"rendered":"<p>Prze\u017cyj magiczn\u0105 zim\u0119 w Mongolii dzi\u0119ki niezapomnianym przygodom, malowniczym domkom i historycznym eksploracjom.<\/p>","protected":false},"featured_media":4865,"comment_status":"open","ping_status":"closed","template":"","meta":{"_acf_changed":false,"iawp_total_views":1172},"product_brand":[],"product_cat":[17],"product_tag":[],"class_list":{"0":"post-4842","1":"product","2":"type-product","3":"status-publish","4":"has-post-thumbnail","6":"product_cat-tours","8":"first","9":"instock","10":"virtual","11":"sold-individually","12":"purchasable","13":"product-type-booking"},"acf":[],"_links":{"self":[{"href":"https:\/\/mongolia.com.co\/pl\/wp-json\/wp\/v2\/product\/4842","targetHints":{"allow":["GET"]}}],"collection":[{"href":"https:\/\/mongolia.com.co\/pl\/wp-json\/wp\/v2\/product"}],"about":[{"href":"https:\/\/mongolia.com.co\/pl\/wp-json\/wp\/v2\/types\/product"}],"replies":[{"embeddable":true,"href":"https:\/\/mongolia.com.co\/pl\/wp-json\/wp\/v2\/comments?post=4842"}],"version-history":[{"count":0,"href":"https:\/\/mongolia.com.co\/pl\/wp-json\/wp\/v2\/product\/4842\/revisions"}],"wp:featuredmedia":[{"embeddable":true,"href":"https:\/\/mongolia.com.co\/pl\/wp-json\/wp\/v2\/media\/4865"}],"wp:attachment":[{"href":"https:\/\/mongolia.com.co\/pl\/wp-json\/wp\/v2\/media?parent=4842"}],"wp:term":[{"taxonomy":"product_brand","embeddable":true,"href":"https:\/\/mongolia.com.co\/pl\/wp-json\/wp\/v2\/product_brand?post=4842"},{"taxonomy":"product_cat","embeddable":true,"href":"https:\/\/mongolia.com.co\/pl\/wp-json\/wp\/v2\/product_cat?post=4842"},{"taxonomy":"product_tag","embeddable":true,"href":"https:\/\/mongolia.com.co\/pl\/wp-json\/wp\/v2\/product_tag?post=4842"}],"curies":[{"name":"wp","href":"https:\/\/api.w.org\/{rel}","templated":true}]}}