{"id":5532,"date":"2025-12-02T19:09:11","date_gmt":"2025-12-02T11:09:11","guid":{"rendered":"https:\/\/mongolia.com.co\/?post_type=product&#038;p=5532"},"modified":"2025-12-08T17:32:33","modified_gmt":"2025-12-08T09:32:33","slug":"mongolia-overland-tour-gobi-eagle-hunters","status":"publish","type":"product","link":"https:\/\/mongolia.com.co\/pl\/wycieczki\/mongolia-overland-tour-gobi-eagle-hunters\/","title":{"rendered":"P\u0119tla mongolska do Khuvsgul, A\u0142taju i p\u00f3\u0142nocnej Gobi"},"content":{"rendered":"<p>Rozpocznij ostateczn\u0105 <a href=\"https:\/\/mongolia.com.co\/pl\/\">Przygoda 4\u00d74 w Mongolii<\/a> z <strong>SIXT Offroad<\/strong> i poznaj jedn\u0105 z najbardziej kompletnych tras l\u0105dowych w Mongolii dost\u0119pnych obecnie na rynku. Ta 18-dniowa samodzielna wyprawa z opcjonalnymi rozszerzeniami zosta\u0142a stworzona dla podr\u00f3\u017cnik\u00f3w, kt\u00f3rzy chc\u0105 prawdziwej samodzielnej podr\u00f3\u017cy do Mongolii - odleg\u0142ej, autentycznej i pe\u0142nej niepowtarzalnych scenerii. Od g\u0142\u0119bokich las\u00f3w i szybko p\u0142yn\u0105cych rzek p\u00f3\u0142nocnej Mongolii po rozleg\u0142e wydmy, krystaliczne jeziora i wysokie szczyty na dalekim zachodzie, jest to d\u0142uga wycieczka po Mongolii zaprojektowana tak, aby pokaza\u0107 pe\u0142n\u0105 r\u00f3\u017cnorodno\u015b\u0107 dzikiej przyrody tego kraju. Poruszaj\u0105c si\u0119 po tej p\u0119tli Mongolii w pe\u0142ni wyposa\u017conej Toyocie Land Cruiser <a href=\"https:\/\/mongolia.com.co\/pl\/mongolia-wypozyczalnia-samochodow-flota-samochodow-wycieczka-z-wlasnym-kierowca\/\">Samoch\u00f3d do wynaj\u0119cia 4\u00d74 Mongolia<\/a>, Przemierzysz nietkni\u0119ty step, przejedziesz przez ukryte doliny i dotrzesz do \u0142owc\u00f3w or\u0142\u00f3w, koczowniczych rodzin i krajobraz\u00f3w, kt\u00f3re niewielu podr\u00f3\u017cnik\u00f3w kiedykolwiek widzia\u0142o.<\/p>\n<p>Obozuj pod nieskazitelnym nocnym niebem, pod\u0105\u017caj surowymi szlakami l\u0105dowymi Mongolii i ciesz si\u0119 wolno\u015bci\u0105, jak\u0105 daje tylko <a href=\"https:\/\/mongolia.com.co\/pl\/\">Mongolia z dojazdem w\u0142asnym<\/a> wyprawa mo\u017ce zaoferowa\u0107. Niezale\u017cnie od tego, czy marzysz o trzytygodniowej wyprawie do Mongolii, czy chcesz j\u0105 rozszerzy\u0107 do miesi\u0119cznej wyprawy l\u0105dowej do Mongolii, ta trasa zapewnia maksymaln\u0105 przygod\u0119, zanurzenie w kulturze i prawdziwego ducha odleg\u0142ej eksploracji terenowej.<\/p>\n<h3>Co mo\u017cna zobaczy\u0107 na du\u017cej p\u0119tli mongolskiej do Khuvsgul, A\u0142taju i Gobi?<\/h3>\n<p>Ta trasa l\u0105dowa w Mongolii \u0142\u0105czy wiele z najbardziej niezwyk\u0142ych cud\u00f3w natury i kultury tego kraju. Na p\u00f3\u0142nocy dotrzesz do regionu jeziora Khuvsgul - cz\u0119\u015bci jednego z najczystszych i najd\u0142u\u017cszych po\u0142\u0105czonych system\u00f3w s\u0142odkowodnych na \u015bwiecie, przep\u0142ywaj\u0105cego przez rzeki Eg, Selenge i Orkhon. Te legendarne wody s\u0105 domem dla najwi\u0119kszego na \u015bwiecie gatunku pstr\u0105ga, taimena, co czyni ten obszar klejnotem koronnym ka\u017cdej d\u0142ugiej wycieczki po Mongolii.<\/p>\n<p>Gdy twoja przygoda 4 \u00d7 4 w Mongolii b\u0119dzie kontynuowana na zach\u00f3d, przekroczysz Altan Els, najbardziej wysuni\u0119te na p\u00f3\u0142noc wydmy w Mongolii i jedyne miejsce na Ziemi, gdzie wielb\u0142\u0105dy baktryjskie i kud\u0142ate jaki pas\u0105 si\u0119 obok siebie.<\/p>\n<p>Nast\u0119pnie podr\u00f3\u017c wznosi si\u0119 w dramatyczne g\u00f3ry A\u0142taj, odleg\u0142\u0105 granic\u0119 lodowc\u00f3w, najwy\u017cszych szczyt\u00f3w Mongolii, rozleg\u0142ych basen\u00f3w i kultowych dzikich zwierz\u0105t, takich jak najwi\u0119ksze na \u015bwiecie dzikie owce, argali a\u0142tajskie i masywne kozioro\u017cce a\u0142tajskie. Region ten jest tak\u017ce ojczyzn\u0105 kazachskich my\u015bliwych poluj\u0105cych na or\u0142y, kt\u00f3rych wielowiekowa tradycja jest jedn\u0105 z najwa\u017cniejszych atrakcji kulturowych ka\u017cdej p\u0119tli po Mongolii.<\/p>\n<p>Na po\u0142udniu wyprawa do Mongolii zabierze Ci\u0119 na zr\u00f3\u017cnicowan\u0105 pustyni\u0119 Gobi - siedlisko dzikich wielb\u0142\u0105d\u00f3w, lampart\u00f3w \u015bnie\u017cnych, nied\u017awiedzi, antylop i niezliczonych gatunk\u00f3w przystosowanych do pustyni. Te dramatyczne kontrasty sprawiaj\u0105, \u017ce ta wyprawa l\u0105dowa do Mongolii jest jedn\u0105 z najbogatszych i najbardziej zr\u00f3\u017cnicowanych podr\u00f3\u017cy 4 \u00d7 4 w Azji.<\/p>","protected":false},"excerpt":{"rendered":"<p>Odkryj najbardziej osza\u0142amiaj\u0105ce krajobrazy Mongolii z dala od utartych szlak\u00f3w!<\/p>","protected":false},"featured_media":5583,"comment_status":"open","ping_status":"closed","template":"","meta":{"_acf_changed":false,"iawp_total_views":276},"product_brand":[],"product_cat":[17],"product_tag":[],"class_list":{"0":"post-5532","1":"product","2":"type-product","3":"status-publish","4":"has-post-thumbnail","6":"product_cat-tours","8":"first","9":"instock","10":"virtual","11":"sold-individually","12":"purchasable","13":"product-type-booking"},"acf":[],"_links":{"self":[{"href":"https:\/\/mongolia.com.co\/pl\/wp-json\/wp\/v2\/product\/5532","targetHints":{"allow":["GET"]}}],"collection":[{"href":"https:\/\/mongolia.com.co\/pl\/wp-json\/wp\/v2\/product"}],"about":[{"href":"https:\/\/mongolia.com.co\/pl\/wp-json\/wp\/v2\/types\/product"}],"replies":[{"embeddable":true,"href":"https:\/\/mongolia.com.co\/pl\/wp-json\/wp\/v2\/comments?post=5532"}],"version-history":[{"count":36,"href":"https:\/\/mongolia.com.co\/pl\/wp-json\/wp\/v2\/product\/5532\/revisions"}],"predecessor-version":[{"id":5635,"href":"https:\/\/mongolia.com.co\/pl\/wp-json\/wp\/v2\/product\/5532\/revisions\/5635"}],"wp:featuredmedia":[{"embeddable":true,"href":"https:\/\/mongolia.com.co\/pl\/wp-json\/wp\/v2\/media\/5583"}],"wp:attachment":[{"href":"https:\/\/mongolia.com.co\/pl\/wp-json\/wp\/v2\/media?parent=5532"}],"wp:term":[{"taxonomy":"product_brand","embeddable":true,"href":"https:\/\/mongolia.com.co\/pl\/wp-json\/wp\/v2\/product_brand?post=5532"},{"taxonomy":"product_cat","embeddable":true,"href":"https:\/\/mongolia.com.co\/pl\/wp-json\/wp\/v2\/product_cat?post=5532"},{"taxonomy":"product_tag","embeddable":true,"href":"https:\/\/mongolia.com.co\/pl\/wp-json\/wp\/v2\/product_tag?post=5532"}],"curies":[{"name":"wp","href":"https:\/\/api.w.org\/{rel}","templated":true}]}}