{"id":5616,"date":"2025-12-04T19:29:23","date_gmt":"2025-12-04T11:29:23","guid":{"rendered":"https:\/\/mongolia.com.co\/?post_type=product&#038;p=5616"},"modified":"2026-03-13T13:17:28","modified_gmt":"2026-03-13T05:17:28","slug":"mongolia-petla-do-khuvsgul-altaj-i-poludniowa-gobi","status":"publish","type":"product","link":"https:\/\/mongolia.com.co\/pl\/wycieczki\/mongolia-petla-do-khuvsgul-altaj-i-poludniowa-gobi\/","title":{"rendered":"P\u0119tla mongolska do Khuvsgul, A\u0142taju i po\u0142udniowej Gobi"},"content":{"rendered":"<h2 data-start=\"239\" data-end=\"322\"><strong data-start=\"241\" data-end=\"322\">3 tygodnie w Mongolii - najlepsza wyprawa l\u0105dowa przez p\u00f3\u0142noc, zach\u00f3d i Gobi<\/strong><\/h2>\n<p data-start=\"324\" data-end=\"747\">Rozpocznij ostateczn\u0105 podr\u00f3\u017c <strong data-start=\"349\" data-end=\"379\">3-tygodniowa wycieczka przygodowa do Mongolii<\/strong> i odkryj jedn\u0105 z najbardziej kompletnych tras l\u0105dowych, jakie kiedykolwiek stworzono. Ta 21-dniowa wyprawa, zaprojektowana z my\u015bl\u0105 o podr\u00f3\u017cnikach poszukuj\u0105cych surowych krajobraz\u00f3w, autentycznych spotka\u0144 i prawdziwej wolno\u015bci w dziczy, zabierze Ci\u0119 przez najbardziej kultowe regiony Mongolii - od zalesionej p\u00f3\u0142nocy i legendarnego jeziora Khuvsgul po wysokie g\u00f3ry A\u0142taj i rozleg\u0142\u0105, filmow\u0105 pustyni\u0119 Gobi.<\/p>\n<p data-start=\"749\" data-end=\"1129\">Niezale\u017cnie od tego, czy podr\u00f3\u017cujesz z w pe\u0142ni wyposa\u017conym <a href=\"https:\/\/mongolia.com.co\/pl\/mongolia-wypozyczalnia-samochodow-flota-samochodow-wycieczka-z-wlasnym-kierowca\/\">Samoch\u00f3d do wynaj\u0119cia 4\u00d74<\/a> lub do\u0142\u0105czenie do <a href=\"https:\/\/themongoliatour.com\/tours\/altai-tracks-to-eagle-hunters\/\" target=\"_blank\" rel=\"noopener\">Wycieczka z przewodnikiem po Mongolii do A\u0142taju<\/a>, to <strong data-start=\"846\" data-end=\"880\">Trzytygodniowy plan podr\u00f3\u017cy po Mongolii<\/strong> prezentuje kraj w jego najdzikszym wydaniu. B\u0119dziesz pod\u0105\u017ca\u0107 odleg\u0142ymi szlakami przez doliny rzek, spa\u0107 pod wspania\u0142ym nocnym niebem, spotyka\u0107 rodziny nomad\u00f3w, odwiedza\u0107 kazachskich \u0142owc\u00f3w or\u0142\u00f3w i przekracza\u0107 \u015brodowiska tak r\u00f3\u017cnorodne, \u017ce ka\u017cdego dnia poczujesz si\u0119 jak w nowym \u015bwiecie.<\/p>\n<p data-start=\"1131\" data-end=\"1530\">Trasa ta \u0142\u0105czy najczystsze systemy s\u0142odkowodne Mongolii na p\u00f3\u0142nocy, z\u0142ote wydmy na p\u00f3\u0142nocnym zachodzie i po\u0142udniu, wulkaniczne p\u0142askowy\u017ce, alpejskie szczyty w A\u0142taju, staro\u017cytne regiony kulturowe oraz dramatyczne kaniony i klify Gobi. Je\u015bli chcesz do\u015bwiadczy\u0107 Mongolii w pe\u0142nej skali - z p\u00f3\u0142nocy na zach\u00f3d i z zachodu na po\u0142udnie - ta <strong data-start=\"1429\" data-end=\"1453\">3-tygodniowa wycieczka do Mongolii<\/strong> zapewnia idealn\u0105 r\u00f3wnowag\u0119 mi\u0119dzy przygod\u0105, kultur\u0105 i zapieraj\u0105c\u0105 dech w piersiach przyrod\u0105.<\/p>\n<h3 data-start=\"1537\" data-end=\"1598\"><strong data-start=\"1539\" data-end=\"1598\">Czego do\u015bwiadczysz na tej 3-tygodniowej trasie po Mongolii<\/strong><\/h3>\n<h4 data-start=\"1600\" data-end=\"1648\"><strong data-start=\"1604\" data-end=\"1648\">P\u00f3\u0142nocne drogi wodne i le\u015bne pustkowia<\/strong><\/h4>\n<p data-start=\"1649\" data-end=\"2034\">Podr\u00f3\u017c rozpoczyna si\u0119 od pod\u0105\u017cania historycznymi systemami rzecznymi Selenge, Orkhon i Eg-part jednej z najczystszych sieci s\u0142odkowodnych na \u015bwiecie. Droga na p\u00f3\u0142noc prowadzi do nietkni\u0119tej tajgi, spokojnych oboz\u00f3w nad rzek\u0105 i wreszcie do klejnotu p\u00f3\u0142nocnej Mongolii: <strong data-start=\"1924\" data-end=\"1941\">Jezioro Khuvsgul<\/strong>, To dziewicze alpejskie jezioro s\u0142ynie z g\u0142\u0119bi, przejrzysto\u015bci i dramatycznych otaczaj\u0105cych je g\u00f3r.<\/p>\n<h4 data-start=\"2036\" data-end=\"2090\"><strong data-start=\"2040\" data-end=\"2090\">Altan Els i ukryta zachodnia granica Mongolii<\/strong><\/h4>\n<p data-start=\"2091\" data-end=\"2434\">Przechodz\u0105c na zach\u00f3d, dotrzesz do <strong data-start=\"2128\" data-end=\"2141\">Altan Els<\/strong>, Jest to najbardziej wysuni\u0119ty na p\u00f3\u0142noc system wydm w Mongolii i surrealistyczna strefa przej\u015bciowa, w kt\u00f3rej wielb\u0142\u0105dy, jaki i koczowniczy pasterze dziel\u0105 ten sam krajobraz. Nast\u0119pnie trasa wspina si\u0119 do pot\u0119\u017cnego <strong data-start=\"2313\" data-end=\"2332\">G\u00f3ry A\u0142taj<\/strong>, dom dzikich owiec argali, kozioro\u017cc\u00f3w, lodowc\u00f3w i rozleg\u0142ych dolin ukszta\u0142towanych przez tysi\u0105clecia wiatru i lodu.<\/p>\n<p data-start=\"2436\" data-end=\"2602\">Najwa\u017cniejszym punktem ka\u017cdej d\u0142ugiej wycieczki po Mongolii jest spotkanie z <strong data-start=\"2489\" data-end=\"2513\">Kazachscy \u0142owcy or\u0142\u00f3w<\/strong> Bayan-Ulgii - stra\u017cnik\u00f3w jednej z ostatnich zachowanych staro\u017cytnych tradycji \u0142owieckich na Ziemi.<\/p>\n<h4 data-start=\"2604\" data-end=\"2663\"><strong data-start=\"2608\" data-end=\"2663\">Uvs &amp; Uureg: Wysoko po\u0142o\u017cone jeziora Wielkiej Kotliny<\/strong><\/h4>\n<p data-start=\"2664\" data-end=\"2927\">Od Ulaangom i <strong data-start=\"2682\" data-end=\"2694\">Jezioro Uvs<\/strong>, najwi\u0119ksze jezioro w Mongolii, do odleg\u0142ych b\u0142\u0119kitnych w\u00f3d <strong data-start=\"2755\" data-end=\"2769\">Jezioro Uureg<\/strong>, Ta cz\u0119\u015b\u0107 trasy oferuje jedne z najbardziej fotogenicznych alpejskich krajobraz\u00f3w w kraju. Tutaj Mongolia wydaje si\u0119 nie mie\u0107 ko\u0144ca - wzruszaj\u0105ca, pusta i niemo\u017cliwie pi\u0119kna.<\/p>\n<h4 data-start=\"2929\" data-end=\"2991\"><strong data-start=\"2933\" data-end=\"2991\">Pustynia Gobi: Wydmy, kaniony i ciche kamienne \u015bwi\u0105tynie<\/strong><\/h4>\n<p data-start=\"2992\" data-end=\"3169\">Nast\u0119pnie trzytygodniowa wyprawa do Mongolii kieruje si\u0119 na po\u0142udnie do Gobi, wkraczaj\u0105c w \u015bwiat wysokich wydm, ukrytych dolin, dzikiej przyrody i prehistorycznych krajobraz\u00f3w. Najwa\u017cniejsze atrakcje obejmuj\u0105:<\/p>\n<ul data-start=\"3171\" data-end=\"3383\">\n<li data-start=\"3171\" data-end=\"3216\">\n<p data-start=\"3173\" data-end=\"3216\"><strong data-start=\"3173\" data-end=\"3187\">Barunbayan<\/strong> oraz <strong data-start=\"3192\" data-end=\"3214\">Wydmy piaskowe Khongor<\/strong><\/p>\n<\/li>\n<li data-start=\"3217\" data-end=\"3258\">\n<p data-start=\"3219\" data-end=\"3258\">G\u0142\u0119boki, ch\u0142odny kanion <strong data-start=\"3244\" data-end=\"3256\">Yolin Am<\/strong><\/p>\n<\/li>\n<li data-start=\"3259\" data-end=\"3322\">\n<p data-start=\"3261\" data-end=\"3322\">\u017bywe, bia\u0142e klify <strong data-start=\"3287\" data-end=\"3320\">Tsagaan Suvarga (Bia\u0142a Stupa)<\/strong><\/p>\n<\/li>\n<li data-start=\"3323\" data-end=\"3383\">\n<p data-start=\"3325\" data-end=\"3383\">Staro\u017cytne formacje granitowe <strong data-start=\"3359\" data-end=\"3383\">Bagaa Gazriin Chuluu<\/strong><\/p>\n<\/li>\n<\/ul>\n<p data-start=\"3385\" data-end=\"3564\">Zako\u0144czenie podr\u00f3\u017cy w <strong data-start=\"3407\" data-end=\"3431\">Park Narodowy Terelj<\/strong>, Powr\u00f3cisz do las\u00f3w, formacji skalnych i szeroko otwartego stepu - idealny rozdzia\u0142 zamykaj\u0105cy trzy niezapomniane tygodnie w Mongolii.<\/p>","protected":false},"excerpt":{"rendered":"<p>Odkryj najbardziej osza\u0142amiaj\u0105ce krajobrazy Mongolii z dala od utartych szlak\u00f3w!<\/p>","protected":false},"featured_media":5627,"comment_status":"open","ping_status":"closed","template":"","meta":{"_acf_changed":false,"iawp_total_views":168},"product_brand":[],"product_cat":[17],"product_tag":[],"class_list":{"0":"post-5616","1":"product","2":"type-product","3":"status-publish","4":"has-post-thumbnail","6":"product_cat-tours","8":"first","9":"instock","10":"virtual","11":"sold-individually","12":"purchasable","13":"product-type-booking"},"acf":[],"_links":{"self":[{"href":"https:\/\/mongolia.com.co\/pl\/wp-json\/wp\/v2\/product\/5616","targetHints":{"allow":["GET"]}}],"collection":[{"href":"https:\/\/mongolia.com.co\/pl\/wp-json\/wp\/v2\/product"}],"about":[{"href":"https:\/\/mongolia.com.co\/pl\/wp-json\/wp\/v2\/types\/product"}],"replies":[{"embeddable":true,"href":"https:\/\/mongolia.com.co\/pl\/wp-json\/wp\/v2\/comments?post=5616"}],"version-history":[{"count":12,"href":"https:\/\/mongolia.com.co\/pl\/wp-json\/wp\/v2\/product\/5616\/revisions"}],"predecessor-version":[{"id":5660,"href":"https:\/\/mongolia.com.co\/pl\/wp-json\/wp\/v2\/product\/5616\/revisions\/5660"}],"wp:featuredmedia":[{"embeddable":true,"href":"https:\/\/mongolia.com.co\/pl\/wp-json\/wp\/v2\/media\/5627"}],"wp:attachment":[{"href":"https:\/\/mongolia.com.co\/pl\/wp-json\/wp\/v2\/media?parent=5616"}],"wp:term":[{"taxonomy":"product_brand","embeddable":true,"href":"https:\/\/mongolia.com.co\/pl\/wp-json\/wp\/v2\/product_brand?post=5616"},{"taxonomy":"product_cat","embeddable":true,"href":"https:\/\/mongolia.com.co\/pl\/wp-json\/wp\/v2\/product_cat?post=5616"},{"taxonomy":"product_tag","embeddable":true,"href":"https:\/\/mongolia.com.co\/pl\/wp-json\/wp\/v2\/product_tag?post=5616"}],"curies":[{"name":"wp","href":"https:\/\/api.w.org\/{rel}","templated":true}]}}