{"id":5744,"date":"2026-03-13T12:58:24","date_gmt":"2026-03-13T04:58:24","guid":{"rendered":"https:\/\/mongolia.com.co\/?post_type=product&#038;p=5744"},"modified":"2026-03-17T21:24:45","modified_gmt":"2026-03-17T13:24:45","slug":"najwazniejsze-informacje-o-mongolii","status":"publish","type":"product","link":"https:\/\/mongolia.com.co\/pl\/wycieczki\/najwazniejsze-informacje-o-mongolii\/","title":{"rendered":"Najwa\u017cniejsze wydarzenia w Mongolii"},"content":{"rendered":"<p>To <a href=\"https:\/\/mongolia.com.co\/pl\/?page_id=953\">Wycieczka do Mongolii z w\u0142asnym kierowc\u0105<\/a> prowadzi przez najbardziej imponuj\u0105ce krajobrazy \u015brodkowej Mongolii w ci\u0105gu dziesi\u0119ciu dni - od rozleg\u0142ych step\u00f3w wok\u00f3\u0142 U\u0142an Bator po zielon\u0105 dolin\u0119 Orkhon i spokojne jeziora regionu Arkhangai.<\/p>\n<p>Wkr\u00f3tce po przyje\u017adzie do\u015bwiadczysz pierwszych spektakularnych wra\u017ce\u0144 z granitowych formacji, otwartych dolin i kultury nomad\u00f3w z monumentalnym pos\u0105giem Chinggis Khana i Parkiem Narodowym Gorkhi Terelj.<br \/>\nKontynuuj\u0105c podr\u00f3\u017c, odkryjesz zr\u00f3\u017cnicowan\u0105 geologi\u0119 kraju: uderzaj\u0105ce formacje skalne Baga Gazriin Chuluu, \u0142agodne wydmy Elsen Tasarkhai i rozleg\u0142e krajobrazy rzeczne chronionej przez UNESCO doliny Orkhon. Po drodze spotkasz rodziny nomad\u00f3w, do\u015bwiadczysz tradycyjnych sposob\u00f3w \u017cycia i b\u0119dziesz cieszy\u0107 si\u0119 wyj\u0105tkow\u0105 cisz\u0105 i ogromem mongolskiej przyrody.<br \/>\nWycieczka \u0142\u0105czy aktywne do\u015bwiadczenia przyrodnicze z atrakcjami kulturalnymi: w\u0119dr\u00f3wkami przez wulkaniczne krajobrazy, relaksem w gor\u0105cych \u017ar\u00f3d\u0142ach Tsenkher, wizyt\u0105 w historycznej stolicy Karakorum i klasztorze Erdene Zuu. Nad jeziorem Ugii mo\u017cna podziwia\u0107 spokojne zachody s\u0142o\u0144ca i doskona\u0142e mo\u017cliwo\u015bci obserwacji ptak\u00f3w, a nast\u0119pnie zobaczy\u0107 rzadkie konie Przewalskiego na wolno\u015bci w Parku Narodowym Khustai.<\/p>\n<p>Ta wycieczka jest idealna dla podr\u00f3\u017cnik\u00f3w, kt\u00f3rzy chc\u0105 odkry\u0107 s\u0142ynne atrakcje Mongolii w elastyczny i intensywny spos\u00f3b. Podr\u00f3\u017cujesz samodzielnie, ale towarzyszy Ci szczeg\u00f3\u0142owa odprawa i zdalne wsparcie, i podr\u00f3\u017cujesz przez stale zmieniaj\u0105ce si\u0119 krajobrazy - od step\u00f3w i piasku po doliny rzeczne i alpejskie p\u0142askowy\u017ce. Podr\u00f3\u017c pe\u0142na kontrast\u00f3w, do\u015bwiadcze\u0144 przyrodniczych i autentycznych spotka\u0144, kt\u00f3ra zapewnia g\u0142\u0119boki wgl\u0105d w oryginalne serce Mongolii.<\/p>","protected":false},"excerpt":{"rendered":"<p>Poznaj najwa\u017cniejsze atrakcje Mongolii podczas fascynuj\u0105cej wycieczki z w\u0142asnym kierowc\u0105!<\/p>","protected":false},"featured_media":4069,"comment_status":"open","ping_status":"closed","template":"","meta":{"_acf_changed":false,"iawp_total_views":138},"product_brand":[],"product_cat":[17],"product_tag":[],"class_list":{"0":"post-5744","1":"product","2":"type-product","3":"status-publish","4":"has-post-thumbnail","6":"product_cat-tours","8":"first","9":"instock","10":"virtual","11":"sold-individually","12":"purchasable","13":"product-type-booking"},"acf":[],"_links":{"self":[{"href":"https:\/\/mongolia.com.co\/pl\/wp-json\/wp\/v2\/product\/5744","targetHints":{"allow":["GET"]}}],"collection":[{"href":"https:\/\/mongolia.com.co\/pl\/wp-json\/wp\/v2\/product"}],"about":[{"href":"https:\/\/mongolia.com.co\/pl\/wp-json\/wp\/v2\/types\/product"}],"replies":[{"embeddable":true,"href":"https:\/\/mongolia.com.co\/pl\/wp-json\/wp\/v2\/comments?post=5744"}],"version-history":[{"count":17,"href":"https:\/\/mongolia.com.co\/pl\/wp-json\/wp\/v2\/product\/5744\/revisions"}],"predecessor-version":[{"id":5819,"href":"https:\/\/mongolia.com.co\/pl\/wp-json\/wp\/v2\/product\/5744\/revisions\/5819"}],"wp:featuredmedia":[{"embeddable":true,"href":"https:\/\/mongolia.com.co\/pl\/wp-json\/wp\/v2\/media\/4069"}],"wp:attachment":[{"href":"https:\/\/mongolia.com.co\/pl\/wp-json\/wp\/v2\/media?parent=5744"}],"wp:term":[{"taxonomy":"product_brand","embeddable":true,"href":"https:\/\/mongolia.com.co\/pl\/wp-json\/wp\/v2\/product_brand?post=5744"},{"taxonomy":"product_cat","embeddable":true,"href":"https:\/\/mongolia.com.co\/pl\/wp-json\/wp\/v2\/product_cat?post=5744"},{"taxonomy":"product_tag","embeddable":true,"href":"https:\/\/mongolia.com.co\/pl\/wp-json\/wp\/v2\/product_tag?post=5744"}],"curies":[{"name":"wp","href":"https:\/\/api.w.org\/{rel}","templated":true}]}}