{"id":5908,"date":"2026-04-12T21:28:03","date_gmt":"2026-04-12T13:28:03","guid":{"rendered":"https:\/\/mongolia.com.co\/?post_type=product&#038;p=5908"},"modified":"2026-04-12T22:39:59","modified_gmt":"2026-04-12T14:39:59","slug":"rekolekcje-w-naturze","status":"publish","type":"product","link":"https:\/\/mongolia.com.co\/pl\/wycieczki\/rekolekcje-w-naturze\/","title":{"rendered":"Odpoczynek na \u0142onie natury"},"content":{"rendered":"<p class=\"section-body\">Elsen Taserkhai \u2014 znany r\u00f3wnie\u017c jako \u201cMini Gobi\u201d \u2014 to rozleg\u0142y \u0142uk wydm piaskowych schowany mi\u0119dzy g\u00f3rami a stepem, zaledwie kilka godzin od U\u0142an Bator. Ten 6-dniowy retreat jest przeznaczony dla podr\u00f3\u017cnych, kt\u00f3rzy chc\u0105 zwolni\u0107: bez intensywnego zwiedzania jeden po drugim, bez narzuconych harmonogram\u00f3w. Wasze dni s\u0105 do w\u0142asnego wype\u0142nienia: przeja\u017cd\u017ckami wielb\u0142\u0105dami o wschodzie s\u0142o\u0144ca, d\u0142ugimi spacerami po wydmach, wieczorami w towarzystwie nomad\u00f3w lub po prostu nicnierobieniem. Dla tych, kt\u00f3rzy pragn\u0105 czego\u015b wi\u0119cej, dost\u0119pna jest zawsze lista specjalnych do\u015bwiadcze\u0144 do rezerwacji \u2014 od kolacji przy \u015bwiecach z jagni\u0119cin\u0105 po fotografowanie kot\u00f3w Pallas\u00f3w pod okiem przewodnika.<\/p>\n<p>&nbsp;<\/p>\n<p class=\"section-body\">Pakiet jest dost\u0119pny do rezerwacji jako ca\u0142kowicie prywatne do\u015bwiadczenie, lub raz w roku jako wyjazd w ma\u0142ej grupie, podczas kt\u00f3rego organizowane i wliczone s\u0105 dwie wybrane aktywno\u015bci dziennie.<\/p>","protected":false},"excerpt":{"rendered":"<p>Ciesz si\u0119 tygodniem obcowania z natur\u0105, przestronnymi przestrzeniami, cisz\u0105 i energetyzuj\u0105cymi aktywno\u015bciami.<\/p>","protected":false},"featured_media":5911,"comment_status":"open","ping_status":"closed","template":"","meta":{"_acf_changed":false,"iawp_total_views":54},"product_brand":[],"product_cat":[17],"product_tag":[],"class_list":{"0":"post-5908","1":"product","2":"type-product","3":"status-publish","4":"has-post-thumbnail","6":"product_cat-tours","8":"first","9":"instock","10":"virtual","11":"sold-individually","12":"purchasable","13":"product-type-booking"},"acf":[],"_links":{"self":[{"href":"https:\/\/mongolia.com.co\/pl\/wp-json\/wp\/v2\/product\/5908","targetHints":{"allow":["GET"]}}],"collection":[{"href":"https:\/\/mongolia.com.co\/pl\/wp-json\/wp\/v2\/product"}],"about":[{"href":"https:\/\/mongolia.com.co\/pl\/wp-json\/wp\/v2\/types\/product"}],"replies":[{"embeddable":true,"href":"https:\/\/mongolia.com.co\/pl\/wp-json\/wp\/v2\/comments?post=5908"}],"version-history":[{"count":18,"href":"https:\/\/mongolia.com.co\/pl\/wp-json\/wp\/v2\/product\/5908\/revisions"}],"predecessor-version":[{"id":5967,"href":"https:\/\/mongolia.com.co\/pl\/wp-json\/wp\/v2\/product\/5908\/revisions\/5967"}],"wp:featuredmedia":[{"embeddable":true,"href":"https:\/\/mongolia.com.co\/pl\/wp-json\/wp\/v2\/media\/5911"}],"wp:attachment":[{"href":"https:\/\/mongolia.com.co\/pl\/wp-json\/wp\/v2\/media?parent=5908"}],"wp:term":[{"taxonomy":"product_brand","embeddable":true,"href":"https:\/\/mongolia.com.co\/pl\/wp-json\/wp\/v2\/product_brand?post=5908"},{"taxonomy":"product_cat","embeddable":true,"href":"https:\/\/mongolia.com.co\/pl\/wp-json\/wp\/v2\/product_cat?post=5908"},{"taxonomy":"product_tag","embeddable":true,"href":"https:\/\/mongolia.com.co\/pl\/wp-json\/wp\/v2\/product_tag?post=5908"}],"curies":[{"name":"wp","href":"https:\/\/api.w.org\/{rel}","templated":true}]}}