{"id":5868,"date":"2026-04-01T23:57:27","date_gmt":"2026-04-01T15:57:27","guid":{"rendered":"https:\/\/mongolia.com.co\/?page_id=5868"},"modified":"2026-04-01T23:57:32","modified_gmt":"2026-04-01T15:57:32","slug":"gobi-colu-turu","status":"publish","type":"page","link":"https:\/\/mongolia.com.co\/tr\/gobi-colu-turu\/","title":{"rendered":"Gobi \u00c7\u00f6l\u00fc turu"},"content":{"rendered":"","protected":false},"excerpt":{"rendered":"<p>Offroad Mo\u011folistan turlar\u0131n\u0131n heyecan\u0131n\u0131 ke\u015ffedin. Uzman rehberli\u011findeki 4\u00d74 gezilerimizle u\u00e7suz bucaks\u0131z manzaralar aras\u0131nda gezinin, g\u00f6\u00e7ebelerle tan\u0131\u015f\u0131n ve antik yerleri ortaya \u00e7\u0131kar\u0131n.<\/p>","protected":false},"author":2,"featured_media":527,"parent":0,"menu_order":0,"comment_status":"closed","ping_status":"closed","template":"","meta":{"_acf_changed":false,"iawp_total_views":12,"footnotes":""},"class_list":["post-5868","page","type-page","status-publish","has-post-thumbnail","hentry"],"acf":[],"_links":{"self":[{"href":"https:\/\/mongolia.com.co\/tr\/wp-json\/wp\/v2\/pages\/5868","targetHints":{"allow":["GET"]}}],"collection":[{"href":"https:\/\/mongolia.com.co\/tr\/wp-json\/wp\/v2\/pages"}],"about":[{"href":"https:\/\/mongolia.com.co\/tr\/wp-json\/wp\/v2\/types\/page"}],"author":[{"embeddable":true,"href":"https:\/\/mongolia.com.co\/tr\/wp-json\/wp\/v2\/users\/2"}],"replies":[{"embeddable":true,"href":"https:\/\/mongolia.com.co\/tr\/wp-json\/wp\/v2\/comments?post=5868"}],"version-history":[{"count":3,"href":"https:\/\/mongolia.com.co\/tr\/wp-json\/wp\/v2\/pages\/5868\/revisions"}],"predecessor-version":[{"id":5871,"href":"https:\/\/mongolia.com.co\/tr\/wp-json\/wp\/v2\/pages\/5868\/revisions\/5871"}],"wp:featuredmedia":[{"embeddable":true,"href":"https:\/\/mongolia.com.co\/tr\/wp-json\/wp\/v2\/media\/527"}],"wp:attachment":[{"href":"https:\/\/mongolia.com.co\/tr\/wp-json\/wp\/v2\/media?parent=5868"}],"curies":[{"name":"wp","href":"https:\/\/api.w.org\/{rel}","templated":true}]}}