{"id":1032,"date":"2024-02-08T15:43:15","date_gmt":"2024-02-08T15:43:15","guid":{"rendered":"https:\/\/mongolia.com.co\/?post_type=product&#038;p=1032"},"modified":"2024-10-04T02:22:43","modified_gmt":"2024-10-03T18:22:43","slug":"gobi%cc%87-kumlari","status":"publish","type":"product","link":"https:\/\/mongolia.com.co\/tr\/turlar\/gobi%cc%87-kumlari\/","title":{"rendered":"Gobi Kumlar\u0131"},"content":{"rendered":"<p>Sizi Ulan Batur'un hareketli sokaklar\u0131ndan Gobi \u00c7\u00f6l\u00fc'n\u00fcn g\u00f6rkemli kum tepelerine g\u00f6t\u00fcren 6 g\u00fcnl\u00fck bir offroad maceras\u0131 olan Gobi Sands turunda Mo\u011folistan'\u0131n kalbini ke\u015ffedin. Zorlu s\u00fcr\u00fc\u015fler, k\u00fclt\u00fcrel dald\u0131rma ve nefes kesici do\u011fa harikalar\u0131n\u0131n bir kar\u0131\u015f\u0131m\u0131 olan bu yolculuk, Mo\u011folistan'\u0131n evcille\u015fmemi\u015f g\u00fczelli\u011finde unutulmaz bir deneyim vaat ediyor.<\/p>","protected":false},"excerpt":{"rendered":"<p>Ulan Batur'dan Gobi \u00c7\u00f6l\u00fc'ne kadar Mo\u011folistan'\u0131n vah\u015fi manzaralar\u0131 aras\u0131nda 6 g\u00fcnl\u00fck bir macera.<\/p>","protected":false},"featured_media":1033,"comment_status":"open","ping_status":"closed","template":"","meta":{"_acf_changed":false,"iawp_total_views":2626},"product_brand":[],"product_cat":[17],"product_tag":[],"class_list":{"0":"post-1032","1":"product","2":"type-product","3":"status-publish","4":"has-post-thumbnail","6":"product_cat-tours","8":"first","9":"instock","10":"virtual","11":"sold-individually","12":"purchasable","13":"product-type-booking"},"acf":[],"_links":{"self":[{"href":"https:\/\/mongolia.com.co\/tr\/wp-json\/wp\/v2\/product\/1032","targetHints":{"allow":["GET"]}}],"collection":[{"href":"https:\/\/mongolia.com.co\/tr\/wp-json\/wp\/v2\/product"}],"about":[{"href":"https:\/\/mongolia.com.co\/tr\/wp-json\/wp\/v2\/types\/product"}],"replies":[{"embeddable":true,"href":"https:\/\/mongolia.com.co\/tr\/wp-json\/wp\/v2\/comments?post=1032"}],"version-history":[{"count":0,"href":"https:\/\/mongolia.com.co\/tr\/wp-json\/wp\/v2\/product\/1032\/revisions"}],"wp:featuredmedia":[{"embeddable":true,"href":"https:\/\/mongolia.com.co\/tr\/wp-json\/wp\/v2\/media\/1033"}],"wp:attachment":[{"href":"https:\/\/mongolia.com.co\/tr\/wp-json\/wp\/v2\/media?parent=1032"}],"wp:term":[{"taxonomy":"product_brand","embeddable":true,"href":"https:\/\/mongolia.com.co\/tr\/wp-json\/wp\/v2\/product_brand?post=1032"},{"taxonomy":"product_cat","embeddable":true,"href":"https:\/\/mongolia.com.co\/tr\/wp-json\/wp\/v2\/product_cat?post=1032"},{"taxonomy":"product_tag","embeddable":true,"href":"https:\/\/mongolia.com.co\/tr\/wp-json\/wp\/v2\/product_tag?post=1032"}],"curies":[{"name":"wp","href":"https:\/\/api.w.org\/{rel}","templated":true}]}}