{"id":1433,"date":"2024-02-21T18:07:32","date_gmt":"2024-02-21T18:07:32","guid":{"rendered":"https:\/\/mongolia.com.co\/?post_type=product&#038;p=1433"},"modified":"2024-10-04T02:22:42","modified_gmt":"2024-10-03T18:22:42","slug":"vahsi%cc%87-mogoli%cc%87stan","status":"publish","type":"product","link":"https:\/\/mongolia.com.co\/tr\/turlar\/vahsi%cc%87-mogoli%cc%87stan\/","title":{"rendered":"Vah\u015fi Mo\u011folistan"},"content":{"rendered":"<p>Sizi Ulan Batur'un hareketli sokaklar\u0131ndan Gobi \u00c7\u00f6l\u00fc'n\u00fcn u\u00e7suz bucaks\u0131z geni\u015fli\u011fine g\u00f6t\u00fcrecek bir macerada vah\u015fi Mo\u011folistan'\u0131n kalbini ke\u015ffedin. Khongorin Els kumullar\u0131n\u0131n heyecan\u0131n\u0131, Alevli Kayal\u0131klar\u0131n gizemini ve Khar Nuur G\u00f6l\u00fc'n\u00fcn dinginli\u011fini ya\u015fay\u0131n. Geleneksel Ger kamplar\u0131nda konaklay\u0131n, g\u00f6\u00e7ebe ailelerle an\u0131lar\u0131n\u0131z\u0131 payla\u015f\u0131n ve kendinizi Mo\u011folistan'\u0131n zengin k\u00fclt\u00fcr\u00fcne ve \u00e7arp\u0131c\u0131 manzaralar\u0131na b\u0131rak\u0131n. Bu yolculuk, d\u00fcnyan\u0131n en s\u0131ra d\u0131\u015f\u0131 destinasyonlar\u0131ndan birinde macera, do\u011fa ve k\u00fclt\u00fcr\u00fcn benzersiz bir kar\u0131\u015f\u0131m\u0131n\u0131 sunuyor.<\/p>\n<p>Herhangi bir sorunuz varsa <a href=\"#contact-us\">buradan bi\u0307ze ula\u015fin<\/a> veya bize e-posta g\u00f6nderin<br \/>\n<a href=\"mailto:contact@mongolia.com.co\">contact@mongolia.com.co<\/a><\/p>","protected":false},"excerpt":{"rendered":"<p>K\u00fclt\u00fcrel yo\u011funlu\u011fun ve nefes kesici manzaralar\u0131n unutulmaz bir yolculuk yaratmak i\u00e7in birle\u015fti\u011fi 20 g\u00fcnl\u00fck bir Mo\u011folistan maceras\u0131<\/p>","protected":false},"featured_media":1434,"comment_status":"open","ping_status":"closed","template":"","meta":{"_acf_changed":false,"iawp_total_views":1017},"product_brand":[],"product_cat":[17],"product_tag":[],"class_list":{"0":"post-1433","1":"product","2":"type-product","3":"status-publish","4":"has-post-thumbnail","6":"product_cat-tours","8":"first","9":"instock","10":"virtual","11":"sold-individually","12":"purchasable","13":"product-type-booking"},"acf":[],"_links":{"self":[{"href":"https:\/\/mongolia.com.co\/tr\/wp-json\/wp\/v2\/product\/1433","targetHints":{"allow":["GET"]}}],"collection":[{"href":"https:\/\/mongolia.com.co\/tr\/wp-json\/wp\/v2\/product"}],"about":[{"href":"https:\/\/mongolia.com.co\/tr\/wp-json\/wp\/v2\/types\/product"}],"replies":[{"embeddable":true,"href":"https:\/\/mongolia.com.co\/tr\/wp-json\/wp\/v2\/comments?post=1433"}],"version-history":[{"count":0,"href":"https:\/\/mongolia.com.co\/tr\/wp-json\/wp\/v2\/product\/1433\/revisions"}],"wp:featuredmedia":[{"embeddable":true,"href":"https:\/\/mongolia.com.co\/tr\/wp-json\/wp\/v2\/media\/1434"}],"wp:attachment":[{"href":"https:\/\/mongolia.com.co\/tr\/wp-json\/wp\/v2\/media?parent=1433"}],"wp:term":[{"taxonomy":"product_brand","embeddable":true,"href":"https:\/\/mongolia.com.co\/tr\/wp-json\/wp\/v2\/product_brand?post=1433"},{"taxonomy":"product_cat","embeddable":true,"href":"https:\/\/mongolia.com.co\/tr\/wp-json\/wp\/v2\/product_cat?post=1433"},{"taxonomy":"product_tag","embeddable":true,"href":"https:\/\/mongolia.com.co\/tr\/wp-json\/wp\/v2\/product_tag?post=1433"}],"curies":[{"name":"wp","href":"https:\/\/api.w.org\/{rel}","templated":true}]}}