{"id":2387,"date":"2024-03-16T13:37:13","date_gmt":"2024-03-16T13:37:13","guid":{"rendered":"https:\/\/mongolia.com.co\/?post_type=product&#038;p=2387"},"modified":"2024-10-04T02:22:42","modified_gmt":"2024-10-03T18:22:42","slug":"kartallar-i%cc%87mparatorlugu","status":"publish","type":"product","link":"https:\/\/mongolia.com.co\/tr\/turlar\/kartallar-i%cc%87mparatorlugu\/","title":{"rendered":"Kartal Avc\u0131lar\u0131 ve \u0130mparatorluklar"},"content":{"rendered":"<p>G\u00f6\u00e7ebe kartal avc\u0131lar\u0131n\u0131 ziyaret etmek i\u00e7in Mo\u011folistan'\u0131n kalbinde 14 g\u00fcnl\u00fck destans\u0131 bir maceraya at\u0131l\u0131n. Antik olanla evcille\u015fmemi\u015f olan\u0131, dingin olanla muhte\u015fem olan\u0131 harmanlayan bir yolculuk. Ulan Batur'un kalabal\u0131k sokaklar\u0131ndan Elsen Taserkhai'nin f\u0131s\u0131ldayan kumlar\u0131na kadar, bu tur Mo\u011folistan'\u0131n derin g\u00fczelli\u011fine ve zengin k\u00fclt\u00fcrel dokusuna dalmay\u0131 vaat ediyor. Khustai Ulusal Park\u0131'n\u0131n g\u00f6lgesinde vah\u015fi atlarla gezintiye \u00e7\u0131k\u0131n, ruhani Erdene Zu Manast\u0131r\u0131'nda hu\u015fu i\u00e7inde durun ve g\u00f6\u00e7ebe ailelerle y\u0131ld\u0131zlar\u0131n alt\u0131nda hikayeler payla\u015f\u0131n. Her g\u00fcn bir macerac\u0131n\u0131n g\u00fcnl\u00fc\u011f\u00fcnden bir b\u00f6l\u00fcm olarak ortaya \u00e7\u0131k\u0131yor ve sizi Mo\u011folistan'\u0131n u\u00e7suz bucaks\u0131z g\u00f6ky\u00fcz\u00fc ve b\u00fcy\u00fcleyici manzaralar\u0131 aras\u0131nda kendi hikayenizi yazmaya davet ediyor.<\/p>","protected":false},"excerpt":{"rendered":"<p>Kadim manzaralar\u0131n zamans\u0131z geleneklerle bulu\u015ftu\u011fu 14 g\u00fcnl\u00fck bir Mo\u011folistan maceras\u0131<\/p>","protected":false},"featured_media":2554,"comment_status":"open","ping_status":"closed","template":"","meta":{"_acf_changed":false,"iawp_total_views":1687},"product_brand":[],"product_cat":[17],"product_tag":[],"class_list":{"0":"post-2387","1":"product","2":"type-product","3":"status-publish","4":"has-post-thumbnail","6":"product_cat-tours","8":"first","9":"instock","10":"virtual","11":"sold-individually","12":"purchasable","13":"product-type-booking"},"acf":[],"_links":{"self":[{"href":"https:\/\/mongolia.com.co\/tr\/wp-json\/wp\/v2\/product\/2387","targetHints":{"allow":["GET"]}}],"collection":[{"href":"https:\/\/mongolia.com.co\/tr\/wp-json\/wp\/v2\/product"}],"about":[{"href":"https:\/\/mongolia.com.co\/tr\/wp-json\/wp\/v2\/types\/product"}],"replies":[{"embeddable":true,"href":"https:\/\/mongolia.com.co\/tr\/wp-json\/wp\/v2\/comments?post=2387"}],"version-history":[{"count":1,"href":"https:\/\/mongolia.com.co\/tr\/wp-json\/wp\/v2\/product\/2387\/revisions"}],"predecessor-version":[{"id":5719,"href":"https:\/\/mongolia.com.co\/tr\/wp-json\/wp\/v2\/product\/2387\/revisions\/5719"}],"wp:featuredmedia":[{"embeddable":true,"href":"https:\/\/mongolia.com.co\/tr\/wp-json\/wp\/v2\/media\/2554"}],"wp:attachment":[{"href":"https:\/\/mongolia.com.co\/tr\/wp-json\/wp\/v2\/media?parent=2387"}],"wp:term":[{"taxonomy":"product_brand","embeddable":true,"href":"https:\/\/mongolia.com.co\/tr\/wp-json\/wp\/v2\/product_brand?post=2387"},{"taxonomy":"product_cat","embeddable":true,"href":"https:\/\/mongolia.com.co\/tr\/wp-json\/wp\/v2\/product_cat?post=2387"},{"taxonomy":"product_tag","embeddable":true,"href":"https:\/\/mongolia.com.co\/tr\/wp-json\/wp\/v2\/product_tag?post=2387"}],"curies":[{"name":"wp","href":"https:\/\/api.w.org\/{rel}","templated":true}]}}