{"id":3607,"date":"2026-03-16T13:20:51","date_gmt":"2026-03-16T05:20:51","guid":{"rendered":"https:\/\/mongolia.com.co\/?post_type=product&#038;p=3607"},"modified":"2026-03-17T22:26:24","modified_gmt":"2026-03-17T14:26:24","slug":"gobiden-kuzey-mogolistana","status":"publish","type":"product","link":"https:\/\/mongolia.com.co\/tr\/turlar\/gobiden-kuzey-mogolistana\/","title":{"rendered":"Maceraperestler i\u00e7in Mo\u011folistan \u2013 Gobi, Bozk\u0131rlar ve Kuzey"},"content":{"rendered":"<p>Kendi arac\u0131n\u0131zla yapaca\u011f\u0131n\u0131z bu Mo\u011folistan gezisi, sizi \u00fclkenin en muhte\u015fem ve uzak manzaralar\u0131ndan baz\u0131lar\u0131nda al\u0131\u015f\u0131lm\u0131\u015f\u0131n \u00e7ok d\u0131\u015f\u0131na \u00e7\u0131kar\u0131yor. \u0130ki unutulmaz hafta boyunca, Ulan Batur yak\u0131nlar\u0131ndaki u\u00e7suz bucaks\u0131z bozk\u0131rlardan Gobi'nin ini\u015fli \u00e7\u0131k\u0131\u015fl\u0131 kum tepelerine, Mo\u011fol \u0130mparatorlu\u011fu'nun tarihi kalpgahlar\u0131na ve vah\u015fi kuzey ormanlar\u0131na yolculuk yapacak ve yol boyunca Mo\u011folistan'\u0131n en iyi pansiyonlar\u0131ndan baz\u0131lar\u0131nda konaklayacaks\u0131n\u0131z.<\/p>\n<p>Var\u0131\u015ftan k\u0131sa bir s\u00fcre sonra, maceran\u0131z Mo\u011folistan'\u0131n en ikonik simgeleriyle ba\u015flar: an\u0131tsal Cengiz Han Heykeli ve Terelj Ulusal Park\u0131'n\u0131n dramatik granit olu\u015fumlar\u0131. Asfalt arkan\u0131zda kaybolurken, ger\u00e7ek ke\u015fif ba\u015fl\u0131yor. 4\u00d74 rotan\u0131z, g\u00f6\u00e7ebe \u00e7obanlar\u0131n hala eski gelenekleri takip etti\u011fi ve vah\u015fi ya\u015fam\u0131n \u00f6zg\u00fcrce dola\u015ft\u0131\u011f\u0131 gizli vadiler, kayal\u0131k \u00e7\u0131k\u0131nt\u0131lar ve a\u00e7\u0131k bozk\u0131r boyunca ilerliyor.<\/p>\n<p>\u00dclkenin derinliklerine do\u011fru seyahat ederken Mo\u011folistan'\u0131n \u00e7arp\u0131c\u0131 z\u0131tl\u0131klar\u0131yla kar\u015f\u0131la\u015facaks\u0131n\u0131z: Baga Gazriin Chuluu'nun ger\u00e7ek\u00fcst\u00fc kaya olu\u015fumlar\u0131, \u201cMini Gobi \u201ddeki Elsen Tasarkhai'nin alt\u0131n kumullar\u0131 ve Karakurum ve Erdene Zuu Manast\u0131r\u0131'n\u0131 \u00e7evreleyen tarihi manzaralar. Yol boyunca g\u00f6\u00e7ebe ailelerle tan\u0131\u015facak, geleneksel \u00e7obanl\u0131k hayat\u0131n\u0131 deneyimleyecek ve Mo\u011folistan'\u0131 d\u00fcnyan\u0131n son b\u00fcy\u00fck vah\u015fi do\u011fa destinasyonlar\u0131ndan biri yapan derin sessizli\u011fi ve u\u00e7suz bucaks\u0131zl\u0131\u011f\u0131 ke\u015ffedeceksiniz.<\/p>\n<p>Daha kuzeyde, manzara yemye\u015fil nehir vadilerine, ormanl\u0131k da\u011flara ve kristal berrakl\u0131\u011f\u0131nda su yollar\u0131na d\u00f6n\u00fc\u015f\u00fcr. Uzak Bulgan b\u00f6lgesinde, yaban hayat\u0131, bozulmam\u0131\u015f do\u011fas\u0131 ve efsanevi taimen bal\u0131klar\u0131yla \u00fcnl\u00fc el de\u011fmemi\u015f bir cennet olan Eg Nehri boyunca g\u00fczel bir nehir kenar\u0131 pansiyonunda kalacaks\u0131n\u0131z. Burada rafting gezileri, do\u011fal y\u00fcr\u00fcy\u00fc\u015fler ve kamp ate\u015fi ba\u015f\u0131nda ge\u00e7irilen ak\u015famlar Mo\u011folistan'\u0131n daha sessiz ve nadiren ziyaret edilen bir y\u00f6n\u00fcn\u00fc ortaya \u00e7\u0131kar\u0131yor.<\/p>\n<p>Bu tur, maceral\u0131 arazi s\u00fcr\u00fc\u015f\u00fcn\u00fc k\u00fclt\u00fcrel ke\u015fif ve saf rahatlama anlar\u0131yla harmanl\u0131yor. \u00d6zenle se\u00e7ilmi\u015f kamplar, geleneksel ger konaklamalar\u0131 ve Mo\u011folistan'\u0131n en iyi pansiyonlar\u0131ndan baz\u0131lar\u0131, do\u011fayla i\u00e7 i\u00e7e kal\u0131rken konfor sa\u011flar. Yolculuk boyunca ayr\u0131nt\u0131l\u0131 rota rehberli\u011fi ve destek ile Mo\u011folistan'\u0131 ba\u011f\u0131ms\u0131z olarak ke\u015ffederken en otantik ve nefes kesici b\u00f6lgelerini deneyimleyeceksiniz. Macera, \u00f6zg\u00fcrl\u00fck ve Mo\u011folistan'\u0131n vah\u015fi manzaralar\u0131 ve zamans\u0131z g\u00f6\u00e7ebe k\u00fclt\u00fcr\u00fcyle derin bir ba\u011f kurmak isteyen gezginler i\u00e7in tasarlanm\u0131\u015f bir yolculuk.<\/p>","protected":false},"excerpt":{"rendered":"<p>Mo\u011folistan'\u0131n en iyi pansiyonlar\u0131nda konaklayarak Gobi kum tepelerinden vah\u015fi nehir vadilerine kadar Mo\u011folistan'da al\u0131\u015f\u0131lm\u0131\u015f\u0131n d\u0131\u015f\u0131nda bir yolculu\u011fa \u00e7\u0131k\u0131n.<\/p>","protected":false},"featured_media":5788,"comment_status":"open","ping_status":"closed","template":"","meta":{"_acf_changed":false,"iawp_total_views":60},"product_brand":[],"product_cat":[17],"product_tag":[],"class_list":{"0":"post-3607","1":"product","2":"type-product","3":"status-publish","4":"has-post-thumbnail","6":"product_cat-tours","8":"first","9":"instock","10":"virtual","11":"sold-individually","12":"purchasable","13":"product-type-booking"},"acf":[],"_links":{"self":[{"href":"https:\/\/mongolia.com.co\/tr\/wp-json\/wp\/v2\/product\/3607","targetHints":{"allow":["GET"]}}],"collection":[{"href":"https:\/\/mongolia.com.co\/tr\/wp-json\/wp\/v2\/product"}],"about":[{"href":"https:\/\/mongolia.com.co\/tr\/wp-json\/wp\/v2\/types\/product"}],"replies":[{"embeddable":true,"href":"https:\/\/mongolia.com.co\/tr\/wp-json\/wp\/v2\/comments?post=3607"}],"version-history":[{"count":41,"href":"https:\/\/mongolia.com.co\/tr\/wp-json\/wp\/v2\/product\/3607\/revisions"}],"predecessor-version":[{"id":5830,"href":"https:\/\/mongolia.com.co\/tr\/wp-json\/wp\/v2\/product\/3607\/revisions\/5830"}],"wp:featuredmedia":[{"embeddable":true,"href":"https:\/\/mongolia.com.co\/tr\/wp-json\/wp\/v2\/media\/5788"}],"wp:attachment":[{"href":"https:\/\/mongolia.com.co\/tr\/wp-json\/wp\/v2\/media?parent=3607"}],"wp:term":[{"taxonomy":"product_brand","embeddable":true,"href":"https:\/\/mongolia.com.co\/tr\/wp-json\/wp\/v2\/product_brand?post=3607"},{"taxonomy":"product_cat","embeddable":true,"href":"https:\/\/mongolia.com.co\/tr\/wp-json\/wp\/v2\/product_cat?post=3607"},{"taxonomy":"product_tag","embeddable":true,"href":"https:\/\/mongolia.com.co\/tr\/wp-json\/wp\/v2\/product_tag?post=3607"}],"curies":[{"name":"wp","href":"https:\/\/api.w.org\/{rel}","templated":true}]}}