{"id":3816,"date":"2024-03-28T07:03:53","date_gmt":"2024-03-28T07:03:53","guid":{"rendered":"https:\/\/mongolia.com.co\/?post_type=product&#038;p=3816"},"modified":"2024-10-04T02:22:42","modified_gmt":"2024-10-03T18:22:42","slug":"kuzey-golleri%cc%87nden-guney-kumlarina","status":"publish","type":"product","link":"https:\/\/mongolia.com.co\/tr\/turlar\/kuzey-golleri%cc%87nden-guney-kumlarina\/","title":{"rendered":"Kuzey G\u00f6llerinden G\u00fcney Kumlar\u0131na"},"content":{"rendered":"<p>Ulan Batur'un hareketli sokaklar\u0131ndan Gobi \u00c7\u00f6l\u00fc'n\u00fcn huzurlu geni\u015fliklerine kadar \u00fclkenin kalbinde 19 g\u00fcnl\u00fck unutulmaz bir Mo\u011folistan macera turuna \u00e7\u0131k\u0131n. Engebeli manzaralar\u0131 ge\u00e7in, antik volkanlar\u0131 ke\u015ffedin ve maceran\u0131n s\u0131n\u0131r tan\u0131mad\u0131\u011f\u0131 bir d\u00fcnyaya dalarken kristal berrakl\u0131\u011f\u0131ndaki g\u00f6llerin kenar\u0131nda gev\u015feyin. Her g\u00fcn yeni bir macera vaat ediyor; ister s\u00f6nm\u00fc\u015f volkanlara t\u0131rman\u0131n, ister el de\u011fmemi\u015f sularda kano yap\u0131n ya da Alevli Kayal\u0131klarda deve gezintisinin heyecan\u0131n\u0131 ya\u015fay\u0131n. Kendinizi g\u00f6\u00e7ebe ya\u015fam tarz\u0131na b\u0131rak\u0131n, y\u0131ld\u0131zlar\u0131n ayd\u0131nlatt\u0131\u011f\u0131 g\u00f6ky\u00fcz\u00fcn\u00fcn alt\u0131nda kapl\u0131calara dal\u0131n ve u\u00e7suz bucaks\u0131z kum tepelerinin \u00fczerinde nefes kesici g\u00fcn do\u011fumlar\u0131na uyan\u0131n. Bu tur sadece Mo\u011folistan'da bir yolculuk de\u011fil; manzaralar\u0131n\u0131n, k\u00fclt\u00fcr\u00fcn\u00fcn ve s\u0131n\u0131rs\u0131z maceralar\u0131n\u0131n kalbine bir yolculuktur.<\/p>","protected":false},"excerpt":{"rendered":"<p>Antik manzaralar\u0131n ve g\u00f6\u00e7ebe k\u00fclt\u00fcrlerin unutulmaz yolculu\u011funda kuzeyden g\u00fcneye bir macera.<\/p>","protected":false},"featured_media":3844,"comment_status":"open","ping_status":"closed","template":"","meta":{"_acf_changed":false,"iawp_total_views":1029},"product_brand":[],"product_cat":[17],"product_tag":[37],"class_list":{"0":"post-3816","1":"product","2":"type-product","3":"status-publish","4":"has-post-thumbnail","6":"product_cat-tours","7":"product_tag-northern-lakes-to-southern-sands","9":"first","10":"instock","11":"virtual","12":"sold-individually","13":"purchasable","14":"product-type-booking"},"acf":[],"_links":{"self":[{"href":"https:\/\/mongolia.com.co\/tr\/wp-json\/wp\/v2\/product\/3816","targetHints":{"allow":["GET"]}}],"collection":[{"href":"https:\/\/mongolia.com.co\/tr\/wp-json\/wp\/v2\/product"}],"about":[{"href":"https:\/\/mongolia.com.co\/tr\/wp-json\/wp\/v2\/types\/product"}],"replies":[{"embeddable":true,"href":"https:\/\/mongolia.com.co\/tr\/wp-json\/wp\/v2\/comments?post=3816"}],"version-history":[{"count":0,"href":"https:\/\/mongolia.com.co\/tr\/wp-json\/wp\/v2\/product\/3816\/revisions"}],"wp:featuredmedia":[{"embeddable":true,"href":"https:\/\/mongolia.com.co\/tr\/wp-json\/wp\/v2\/media\/3844"}],"wp:attachment":[{"href":"https:\/\/mongolia.com.co\/tr\/wp-json\/wp\/v2\/media?parent=3816"}],"wp:term":[{"taxonomy":"product_brand","embeddable":true,"href":"https:\/\/mongolia.com.co\/tr\/wp-json\/wp\/v2\/product_brand?post=3816"},{"taxonomy":"product_cat","embeddable":true,"href":"https:\/\/mongolia.com.co\/tr\/wp-json\/wp\/v2\/product_cat?post=3816"},{"taxonomy":"product_tag","embeddable":true,"href":"https:\/\/mongolia.com.co\/tr\/wp-json\/wp\/v2\/product_tag?post=3816"}],"curies":[{"name":"wp","href":"https:\/\/api.w.org\/{rel}","templated":true}]}}