{"id":39,"date":"2024-01-23T17:22:25","date_gmt":"2024-01-23T17:22:25","guid":{"rendered":"https:\/\/mongolia.com.co\/?post_type=product&#038;p=39"},"modified":"2024-10-04T02:22:43","modified_gmt":"2024-10-03T18:22:43","slug":"kharakorum-gorev","status":"publish","type":"product","link":"https:\/\/mongolia.com.co\/tr\/turlar\/kharakorum-gorev\/","title":{"rendered":"Kharakorum G\u00f6revi"},"content":{"rendered":"<p>Macera ruhunuzu uyand\u0131rmaya ve kendinizi Orta Mo\u011folistan'\u0131n el de\u011fmemi\u015f g\u00fczelli\u011fine b\u0131rakmaya haz\u0131r m\u0131s\u0131n\u0131z? SIXT Ara\u00e7 Kiralama sizi 5 g\u00fcnl\u00fck bir ke\u015fif gezisine davet ediyor - bu bir s\u00fcr\u00fc\u015ften daha fazlas\u0131 - zaman ve arazide bir yolculuk. G\u00f6rkemli Przewalski at\u0131na ev sahipli\u011fi yapan Khustai Ulusal Park\u0131'n\u0131n f\u0131s\u0131ldayan otlaklar\u0131ndan, antik Mo\u011fol ba\u015fkenti Kharakorum'un mistik kal\u0131nt\u0131lar\u0131na kadar her mil bir hikaye ortaya \u00e7\u0131kar\u0131yor. Bu sadece bir tur de\u011fil; bir deneyim.<\/p>","protected":false},"excerpt":{"rendered":"<p>Orta Mo\u011folistan'\u0131n B\u00fcy\u00fcs\u00fcn\u00fc Ya\u015fay\u0131n: SIXT ile 5 G\u00fcnl\u00fck Kendi Kendine S\u00fcr\u00fc\u015f Turu<\/p>","protected":false},"featured_media":94,"comment_status":"open","ping_status":"closed","template":"","meta":{"_acf_changed":false,"iawp_total_views":1931},"product_brand":[],"product_cat":[17],"product_tag":[],"class_list":{"0":"post-39","1":"product","2":"type-product","3":"status-publish","4":"has-post-thumbnail","6":"product_cat-tours","8":"first","9":"instock","10":"virtual","11":"sold-individually","12":"purchasable","13":"product-type-booking"},"acf":[],"_links":{"self":[{"href":"https:\/\/mongolia.com.co\/tr\/wp-json\/wp\/v2\/product\/39","targetHints":{"allow":["GET"]}}],"collection":[{"href":"https:\/\/mongolia.com.co\/tr\/wp-json\/wp\/v2\/product"}],"about":[{"href":"https:\/\/mongolia.com.co\/tr\/wp-json\/wp\/v2\/types\/product"}],"replies":[{"embeddable":true,"href":"https:\/\/mongolia.com.co\/tr\/wp-json\/wp\/v2\/comments?post=39"}],"version-history":[{"count":0,"href":"https:\/\/mongolia.com.co\/tr\/wp-json\/wp\/v2\/product\/39\/revisions"}],"wp:featuredmedia":[{"embeddable":true,"href":"https:\/\/mongolia.com.co\/tr\/wp-json\/wp\/v2\/media\/94"}],"wp:attachment":[{"href":"https:\/\/mongolia.com.co\/tr\/wp-json\/wp\/v2\/media?parent=39"}],"wp:term":[{"taxonomy":"product_brand","embeddable":true,"href":"https:\/\/mongolia.com.co\/tr\/wp-json\/wp\/v2\/product_brand?post=39"},{"taxonomy":"product_cat","embeddable":true,"href":"https:\/\/mongolia.com.co\/tr\/wp-json\/wp\/v2\/product_cat?post=39"},{"taxonomy":"product_tag","embeddable":true,"href":"https:\/\/mongolia.com.co\/tr\/wp-json\/wp\/v2\/product_tag?post=39"}],"curies":[{"name":"wp","href":"https:\/\/api.w.org\/{rel}","templated":true}]}}