{"id":3914,"date":"2024-05-23T14:52:48","date_gmt":"2024-05-23T14:52:48","guid":{"rendered":"https:\/\/mongolia.com.co\/?post_type=product&#038;p=3914"},"modified":"2024-10-04T12:22:37","modified_gmt":"2024-10-04T04:22:37","slug":"kuzey-mogoli%cc%87stan-dongusu","status":"publish","type":"product","link":"https:\/\/mongolia.com.co\/tr\/turlar\/kuzey-mogoli%cc%87stan-dongusu\/","title":{"rendered":"Kuzey Mo\u011folistan D\u00f6ng\u00fcs\u00fc"},"content":{"rendered":"<p>Kuzey Mo\u011folistan'\u0131n manzaralar\u0131 aras\u0131nda 14 g\u00fcnl\u00fck heyecan verici bir offroad maceras\u0131na \u00e7\u0131k\u0131n. Sakin g\u00f6ller ve antik manast\u0131rlardan geni\u015f kum tepelerine ve g\u00f6rkemli volkanlara kadar \u00e7e\u015fitli arazileri ge\u00e7menin heyecan\u0131n\u0131 ya\u015fay\u0131n. Bu tur, ger\u00e7ek bir Mo\u011fol ka\u00e7ama\u011f\u0131 arayanlar i\u00e7in m\u00fckemmel olan k\u00fclt\u00fcrel dald\u0131rma ve a\u00e7\u0131k hava maceras\u0131n\u0131n e\u015fsiz bir kar\u0131\u015f\u0131m\u0131n\u0131 sunuyor.<\/p>","protected":false},"excerpt":{"rendered":"<p>Kuzey Mo\u011folistan'\u0131n nefes kesici manzaralar\u0131, zengin k\u00fclt\u00fcr\u00fc ve geleneksel ger kamplar\u0131 aras\u0131nda 14 g\u00fcnl\u00fck bir offroad yolculu\u011funa \u00e7\u0131k\u0131n.<\/p>","protected":false},"featured_media":3988,"comment_status":"open","ping_status":"closed","template":"","meta":{"_acf_changed":false,"iawp_total_views":1203},"product_brand":[],"product_cat":[17],"product_tag":[36],"class_list":{"0":"post-3914","1":"product","2":"type-product","3":"status-publish","4":"has-post-thumbnail","6":"product_cat-tours","7":"product_tag-northern-mongolia-loop","9":"first","10":"instock","11":"virtual","12":"sold-individually","13":"purchasable","14":"product-type-booking"},"acf":[],"_links":{"self":[{"href":"https:\/\/mongolia.com.co\/tr\/wp-json\/wp\/v2\/product\/3914","targetHints":{"allow":["GET"]}}],"collection":[{"href":"https:\/\/mongolia.com.co\/tr\/wp-json\/wp\/v2\/product"}],"about":[{"href":"https:\/\/mongolia.com.co\/tr\/wp-json\/wp\/v2\/types\/product"}],"replies":[{"embeddable":true,"href":"https:\/\/mongolia.com.co\/tr\/wp-json\/wp\/v2\/comments?post=3914"}],"version-history":[{"count":0,"href":"https:\/\/mongolia.com.co\/tr\/wp-json\/wp\/v2\/product\/3914\/revisions"}],"wp:featuredmedia":[{"embeddable":true,"href":"https:\/\/mongolia.com.co\/tr\/wp-json\/wp\/v2\/media\/3988"}],"wp:attachment":[{"href":"https:\/\/mongolia.com.co\/tr\/wp-json\/wp\/v2\/media?parent=3914"}],"wp:term":[{"taxonomy":"product_brand","embeddable":true,"href":"https:\/\/mongolia.com.co\/tr\/wp-json\/wp\/v2\/product_brand?post=3914"},{"taxonomy":"product_cat","embeddable":true,"href":"https:\/\/mongolia.com.co\/tr\/wp-json\/wp\/v2\/product_cat?post=3914"},{"taxonomy":"product_tag","embeddable":true,"href":"https:\/\/mongolia.com.co\/tr\/wp-json\/wp\/v2\/product_tag?post=3914"}],"curies":[{"name":"wp","href":"https:\/\/api.w.org\/{rel}","templated":true}]}}