{"id":413,"date":"2024-01-26T11:15:18","date_gmt":"2024-01-26T11:15:18","guid":{"rendered":"https:\/\/mongolia.com.co\/?post_type=product&#038;p=413"},"modified":"2025-08-21T19:35:58","modified_gmt":"2025-08-21T11:35:58","slug":"mongolias-stepleri%cc%87nden-gobi%cc%87ye","status":"publish","type":"product","link":"https:\/\/mongolia.com.co\/tr\/turlar\/mongolias-stepleri%cc%87nden-gobi%cc%87ye\/","title":{"rendered":"Gobi'ye Do\u011fru Stepler"},"content":{"rendered":"<p>Orta Mo\u011folistan ve Gobi \u00c7\u00f6l\u00fc'nden ge\u00e7en bu 15 g\u00fcnl\u00fck yolculukta Mo\u011folistan'\u0131n bozk\u0131rlar\u0131n\u0131n ve kumullar\u0131n\u0131n b\u00fcy\u00fcs\u00fcn\u00fc ya\u015fay\u0131n. Khustai Ulusal Park\u0131'nda vah\u015fi atlarla kar\u015f\u0131la\u015f\u0131n ve u\u00e7suz bucaks\u0131z, evcille\u015fmemi\u015f manzaralarda off-road heyecan\u0131n\u0131 hissedin. Antik manast\u0131rlar\u0131n ve tarihi yerlerin k\u00fclt\u00fcrel zenginli\u011finin tad\u0131n\u0131 \u00e7\u0131kar\u0131n. Khongor Kumullar\u0131'n\u0131n f\u0131s\u0131ldayan kumlar\u0131ndan Ongii Manast\u0131r\u0131'n\u0131n ruhani huzuruna kadar her g\u00fcn yeni bir ke\u015fif b\u00f6l\u00fcm\u00fc a\u00e7\u0131l\u0131yor.<\/p>","protected":false},"excerpt":{"rendered":"<p>Mo\u011folistan'\u0131n vah\u015fi g\u00fczelli\u011fini 15 g\u00fcnl\u00fck Steplerden Gobi \u00c7\u00f6l\u00fc'ne off-road s\u00fcr\u00fcc\u00fcs\u00fcz ke\u015fif gezisiyle ke\u015ffedin<\/p>","protected":false},"featured_media":5360,"comment_status":"open","ping_status":"closed","template":"","meta":{"_acf_changed":false,"iawp_total_views":1396},"product_brand":[],"product_cat":[17],"product_tag":[],"class_list":{"0":"post-413","1":"product","2":"type-product","3":"status-publish","4":"has-post-thumbnail","6":"product_cat-tours","8":"first","9":"instock","10":"virtual","11":"sold-individually","12":"purchasable","13":"product-type-booking"},"acf":[],"_links":{"self":[{"href":"https:\/\/mongolia.com.co\/tr\/wp-json\/wp\/v2\/product\/413","targetHints":{"allow":["GET"]}}],"collection":[{"href":"https:\/\/mongolia.com.co\/tr\/wp-json\/wp\/v2\/product"}],"about":[{"href":"https:\/\/mongolia.com.co\/tr\/wp-json\/wp\/v2\/types\/product"}],"replies":[{"embeddable":true,"href":"https:\/\/mongolia.com.co\/tr\/wp-json\/wp\/v2\/comments?post=413"}],"version-history":[{"count":6,"href":"https:\/\/mongolia.com.co\/tr\/wp-json\/wp\/v2\/product\/413\/revisions"}],"predecessor-version":[{"id":5361,"href":"https:\/\/mongolia.com.co\/tr\/wp-json\/wp\/v2\/product\/413\/revisions\/5361"}],"wp:featuredmedia":[{"embeddable":true,"href":"https:\/\/mongolia.com.co\/tr\/wp-json\/wp\/v2\/media\/5360"}],"wp:attachment":[{"href":"https:\/\/mongolia.com.co\/tr\/wp-json\/wp\/v2\/media?parent=413"}],"wp:term":[{"taxonomy":"product_brand","embeddable":true,"href":"https:\/\/mongolia.com.co\/tr\/wp-json\/wp\/v2\/product_brand?post=413"},{"taxonomy":"product_cat","embeddable":true,"href":"https:\/\/mongolia.com.co\/tr\/wp-json\/wp\/v2\/product_cat?post=413"},{"taxonomy":"product_tag","embeddable":true,"href":"https:\/\/mongolia.com.co\/tr\/wp-json\/wp\/v2\/product_tag?post=413"}],"curies":[{"name":"wp","href":"https:\/\/api.w.org\/{rel}","templated":true}]}}