{"id":4301,"date":"2024-06-18T16:53:43","date_gmt":"2024-06-18T16:53:43","guid":{"rendered":"https:\/\/mongolia.com.co\/?post_type=product&#038;p=4301"},"modified":"2024-10-04T02:22:42","modified_gmt":"2024-10-03T18:22:42","slug":"terelj-park-turu","status":"publish","type":"product","link":"https:\/\/mongolia.com.co\/tr\/turlar\/terelj-park-turu\/","title":{"rendered":"Terelj Park Turu"},"content":{"rendered":"<p>Sizi Ulan Batur'un kalabal\u0131k sokaklar\u0131ndan Terelj'in sakin manzaralar\u0131na ve \u00f6tesine g\u00f6t\u00fcren heyecan verici bir offroad turunda Mo\u011folistan'\u0131n evcille\u015fmemi\u015f g\u00fczelli\u011fini ke\u015ffedin. Bu yolculuk k\u00fclt\u00fcrel simge yap\u0131lar\u0131, nefes kesici do\u011fal manzaralar\u0131 ve heyecan verici aktiviteleri bir araya getirerek macera ve dinlenmenin m\u00fckemmel bir kar\u0131\u015f\u0131m\u0131n\u0131 sunuyor. Ata binmekten Tuul Nehri kenar\u0131nda piknik yapmaya, antik tap\u0131naklar\u0131 ve ikonik heykelleri ke\u015ffetmeye kadar bu turun her an\u0131 unutulmaz deneyimler vaat ediyor. \u0130ster Chinggis Khaan Heykeli'ne hayran olun, ister Gun Galuut'ta vah\u015fi ya\u015fam\u0131 g\u00f6zlemleyin, bu macera sizi Mo\u011folistan'\u0131n \u00e7e\u015fitli harikalar\u0131na dair kal\u0131c\u0131 an\u0131larla ba\u015f ba\u015fa b\u0131rakacak.<\/p>","protected":false},"excerpt":{"rendered":"<p>Mo\u011folistan'\u0131n \u00e7arp\u0131c\u0131 manzaralar\u0131 ve zengin k\u00fclt\u00fcrel miras\u0131 aras\u0131nda heyecan verici bir yolculuk i\u00e7in Terelj Park Turu'na kat\u0131l\u0131n!<\/p>","protected":false},"featured_media":4323,"comment_status":"open","ping_status":"closed","template":"","meta":{"_acf_changed":false,"iawp_total_views":1371},"product_brand":[],"product_cat":[17],"product_tag":[35],"class_list":{"0":"post-4301","1":"product","2":"type-product","3":"status-publish","4":"has-post-thumbnail","6":"product_cat-tours","7":"product_tag-terelj-park-tour","9":"first","10":"instock","11":"virtual","12":"sold-individually","13":"purchasable","14":"product-type-booking"},"acf":[],"_links":{"self":[{"href":"https:\/\/mongolia.com.co\/tr\/wp-json\/wp\/v2\/product\/4301","targetHints":{"allow":["GET"]}}],"collection":[{"href":"https:\/\/mongolia.com.co\/tr\/wp-json\/wp\/v2\/product"}],"about":[{"href":"https:\/\/mongolia.com.co\/tr\/wp-json\/wp\/v2\/types\/product"}],"replies":[{"embeddable":true,"href":"https:\/\/mongolia.com.co\/tr\/wp-json\/wp\/v2\/comments?post=4301"}],"version-history":[{"count":0,"href":"https:\/\/mongolia.com.co\/tr\/wp-json\/wp\/v2\/product\/4301\/revisions"}],"wp:featuredmedia":[{"embeddable":true,"href":"https:\/\/mongolia.com.co\/tr\/wp-json\/wp\/v2\/media\/4323"}],"wp:attachment":[{"href":"https:\/\/mongolia.com.co\/tr\/wp-json\/wp\/v2\/media?parent=4301"}],"wp:term":[{"taxonomy":"product_brand","embeddable":true,"href":"https:\/\/mongolia.com.co\/tr\/wp-json\/wp\/v2\/product_brand?post=4301"},{"taxonomy":"product_cat","embeddable":true,"href":"https:\/\/mongolia.com.co\/tr\/wp-json\/wp\/v2\/product_cat?post=4301"},{"taxonomy":"product_tag","embeddable":true,"href":"https:\/\/mongolia.com.co\/tr\/wp-json\/wp\/v2\/product_tag?post=4301"}],"curies":[{"name":"wp","href":"https:\/\/api.w.org\/{rel}","templated":true}]}}