{"id":4842,"date":"2024-09-26T17:34:05","date_gmt":"2024-09-26T09:34:05","guid":{"rendered":"https:\/\/mongolia.com.co\/?post_type=product&#038;p=4842"},"modified":"2024-10-04T02:22:42","modified_gmt":"2024-10-03T18:22:42","slug":"mogoli%cc%87stan-kis-turu","status":"publish","type":"product","link":"https:\/\/mongolia.com.co\/tr\/turlar\/mogoli%cc%87stan-kis-turu\/","title":{"rendered":"K\u0131\u015f Harikalar Diyar\u0131"},"content":{"rendered":"<p>Bu s\u00fcr\u00fckleyici 12 g\u00fcnl\u00fck offroad Mo\u011folistan k\u0131\u015f turunda k\u0131\u015f manzaralar\u0131n\u0131n b\u00fcy\u00fcs\u00fcn\u00fc ya\u015fay\u0131n. Ulan Batur'un kalabal\u0131k sokaklar\u0131ndan Khuvsgul G\u00f6l\u00fc'n\u00fcn sakin k\u0131y\u0131lar\u0131na kadar, Mo\u011folistan'\u0131n gizli m\u00fccevherlerini kar \u00f6rt\u00fcs\u00fc alt\u0131nda ke\u015ffedeceksiniz. El de\u011fmemi\u015f ormanlarda ata binin, s\u00f6nm\u00fc\u015f volkanlarda y\u00fcr\u00fcy\u00fc\u015f yap\u0131n ve do\u011fal kapl\u0131calar\u0131n s\u0131cakl\u0131\u011f\u0131nda rahatlay\u0131n. Bu yolculuk macera, rahatlama ve k\u00fclt\u00fcrel ke\u015fiflerin e\u015fsiz bir kar\u0131\u015f\u0131m\u0131n\u0131 sunuyor. \u0130ster donmu\u015f g\u00f6llerde buzda bal\u0131k tutun ister Kharkorin'in antik basamaklar\u0131nda y\u00fcr\u00fcy\u00fcn, her g\u00fcn Mo\u011folistan'\u0131n nefes kesici k\u0131\u015f vah\u015fi do\u011fas\u0131yla benzersiz kar\u015f\u0131la\u015fmalar vaat ediyor.<\/p>","protected":false},"excerpt":{"rendered":"<p>Unutulmaz maceralar, manzaral\u0131 pansiyonlar ve tarihi ke\u015fiflerle Mo\u011folistan'\u0131n b\u00fcy\u00fcl\u00fc k\u0131\u015f\u0131n\u0131 deneyimleyin<\/p>","protected":false},"featured_media":4865,"comment_status":"open","ping_status":"closed","template":"","meta":{"_acf_changed":false,"iawp_total_views":1172},"product_brand":[],"product_cat":[17],"product_tag":[],"class_list":{"0":"post-4842","1":"product","2":"type-product","3":"status-publish","4":"has-post-thumbnail","6":"product_cat-tours","8":"first","9":"instock","10":"virtual","11":"sold-individually","12":"purchasable","13":"product-type-booking"},"acf":[],"_links":{"self":[{"href":"https:\/\/mongolia.com.co\/tr\/wp-json\/wp\/v2\/product\/4842","targetHints":{"allow":["GET"]}}],"collection":[{"href":"https:\/\/mongolia.com.co\/tr\/wp-json\/wp\/v2\/product"}],"about":[{"href":"https:\/\/mongolia.com.co\/tr\/wp-json\/wp\/v2\/types\/product"}],"replies":[{"embeddable":true,"href":"https:\/\/mongolia.com.co\/tr\/wp-json\/wp\/v2\/comments?post=4842"}],"version-history":[{"count":0,"href":"https:\/\/mongolia.com.co\/tr\/wp-json\/wp\/v2\/product\/4842\/revisions"}],"wp:featuredmedia":[{"embeddable":true,"href":"https:\/\/mongolia.com.co\/tr\/wp-json\/wp\/v2\/media\/4865"}],"wp:attachment":[{"href":"https:\/\/mongolia.com.co\/tr\/wp-json\/wp\/v2\/media?parent=4842"}],"wp:term":[{"taxonomy":"product_brand","embeddable":true,"href":"https:\/\/mongolia.com.co\/tr\/wp-json\/wp\/v2\/product_brand?post=4842"},{"taxonomy":"product_cat","embeddable":true,"href":"https:\/\/mongolia.com.co\/tr\/wp-json\/wp\/v2\/product_cat?post=4842"},{"taxonomy":"product_tag","embeddable":true,"href":"https:\/\/mongolia.com.co\/tr\/wp-json\/wp\/v2\/product_tag?post=4842"}],"curies":[{"name":"wp","href":"https:\/\/api.w.org\/{rel}","templated":true}]}}