{"id":5532,"date":"2025-12-02T19:09:11","date_gmt":"2025-12-02T11:09:11","guid":{"rendered":"https:\/\/mongolia.com.co\/?post_type=product&#038;p=5532"},"modified":"2025-12-08T17:32:33","modified_gmt":"2025-12-08T09:32:33","slug":"mogoli%cc%87stan-kara-turu-gobi%cc%87-kartal-avcilari","status":"publish","type":"product","link":"https:\/\/mongolia.com.co\/tr\/turlar\/mogoli%cc%87stan-kara-turu-gobi%cc%87-kartal-avcilari\/","title":{"rendered":"Khuvsgul, Altay ve Kuzey Gobi'ye Mo\u011folistan D\u00f6ng\u00fcs\u00fc"},"content":{"rendered":"<p>Nihai yolculu\u011fa \u00e7\u0131k\u0131n <a href=\"https:\/\/mongolia.com.co\/tr\/\">Mo\u011folistan 4\u00d74 maceras\u0131<\/a> ile <strong>SIXT Offroad<\/strong> ve bug\u00fcn mevcut olan en eksiksiz Mo\u011folistan kara rotalar\u0131ndan birini deneyimleyin. \u0130ste\u011fe ba\u011fl\u0131 uzant\u0131lara sahip bu 18 g\u00fcnl\u00fck kendi kendine s\u00fcr\u00fc\u015f seferi, ger\u00e7ek bir Mo\u011folistan kendi kendine s\u00fcr\u00fc\u015f yolculu\u011fu isteyen gezginler i\u00e7in haz\u0131rlanm\u0131\u015ft\u0131r - uzak, otantik ve hayatta bir kez g\u00f6r\u00fclebilecek manzaralarla doludur. Kuzey Mo\u011folistan'\u0131n derin ormanlar\u0131 ve h\u0131zl\u0131 akan nehirlerinden uzak bat\u0131n\u0131n u\u00e7suz bucaks\u0131z kum tepelerine, kristal g\u00f6llerine ve y\u00fcksek rak\u0131ml\u0131 zirvelerine kadar, bu, \u00fclkenin vah\u015fi do\u011fas\u0131n\u0131n t\u00fcm \u00e7e\u015fitlili\u011fini sergilemek i\u00e7in tasarlanm\u0131\u015f uzun bir Mo\u011folistan turudur. Tam donan\u0131ml\u0131 Toyota Land Cruiser'\u0131n\u0131zda bu Mo\u011folistan d\u00f6ng\u00fcs\u00fcnde gezinirken <a href=\"https:\/\/mongolia.com.co\/tr\/mogoli%cc%87stan-arac-ki%cc%87ralama-arac-fi%cc%87losu-selfdrive-tur\/\">4\u00d74 Mo\u011folistan kiral\u0131k ara\u00e7<\/a>, el de\u011fmemi\u015f bozk\u0131rlar\u0131 ge\u00e7ecek, gizli vadilerden ge\u00e7ecek ve kartal avc\u0131lar\u0131na, g\u00f6\u00e7ebe ailelere ve \u00e7ok az gezginin g\u00f6rd\u00fc\u011f\u00fc manzaralara ula\u015facaks\u0131n\u0131z.<\/p>\n<p>Bozulmam\u0131\u015f gece g\u00f6ky\u00fcz\u00fcn\u00fcn alt\u0131nda kamp yap\u0131n, engebeli Mo\u011folistan kara yollar\u0131n\u0131 takip edin ve yaln\u0131zca bir <a href=\"https:\/\/mongolia.com.co\/tr\/\">kendi kendine s\u00fcr\u00fc\u015f Mo\u011folistan<\/a> ke\u015fif gezisi sunabilir. \u0130ster \u00fc\u00e7 haftal\u0131k bir Mo\u011folistan g\u00fczergah\u0131 hayal ediyor olun, ister bunu bir ayl\u0131k bir Mo\u011folistan kara gezisine d\u00f6n\u00fc\u015ft\u00fcrmek isteyin, bu rota maksimum macera, k\u00fclt\u00fcrel dald\u0131rma ve uzak arazi ke\u015ffinin ger\u00e7ek ruhunu sunar.<\/p>\n<h3>Khuvsgul, Altay ve Gobi'ye uzanan b\u00fcy\u00fck Mo\u011folistan turunda g\u00f6recekleriniz<\/h3>\n<p>Bu Mo\u011folistan karayolu rotas\u0131, \u00fclkenin en ola\u011fan\u00fcst\u00fc do\u011fal ve k\u00fclt\u00fcrel harikalar\u0131n\u0131n \u00e7o\u011funu birbirine ba\u011flamaktad\u0131r. Kuzeyde, Eg, Selenge ve Orkhon nehirlerinden akan, d\u00fcnyan\u0131n en temiz ve en uzun ba\u011flant\u0131l\u0131 tatl\u0131 su sistemlerinden birinin par\u00e7as\u0131 olan Khuvsgul G\u00f6l\u00fc b\u00f6lgesine ula\u015facaks\u0131n\u0131z. Bu efsanevi sular d\u00fcnyan\u0131n en b\u00fcy\u00fck alabal\u0131k t\u00fcr\u00fc olan taimenlere ev sahipli\u011fi yapmaktad\u0131r ve bu b\u00f6lgeyi uzun Mo\u011folistan turlar\u0131n\u0131n ba\u015f tac\u0131 haline getirmektedir.<\/p>\n<p>Mo\u011folistan 4\u00d74 maceran\u0131z bat\u0131ya do\u011fru devam ederken, Mo\u011folistan'\u0131n en kuzeyindeki kum tepeleri ve Bactrian develeri ile t\u00fcyl\u00fc yaklar\u0131n yan yana otlad\u0131\u011f\u0131 d\u00fcnyadaki tek yer olan Altan Els'i ge\u00e7eceksiniz.<\/p>\n<p>Yolculuk daha sonra buzullar\u0131n, Mo\u011folistan'\u0131n en y\u00fcksek zirvelerinin, geni\u015f havzalar\u0131n ve d\u00fcnyan\u0131n en b\u00fcy\u00fck yaban koyunu Altay argali ve devasa Altay da\u011f ke\u00e7isi gibi ikonik vah\u015fi ya\u015fam\u0131n uzak bir s\u0131n\u0131r\u0131 olan dramatik Altay Da\u011flar\u0131'na y\u00fckselir. Bu b\u00f6lge ayn\u0131 zamanda, as\u0131rl\u0131k gelenekleri Mo\u011folistan turlar\u0131n\u0131n en g\u00fc\u00e7l\u00fc k\u00fclt\u00fcrel \u00f6zelliklerinden biri olan Kazak kartal avc\u0131lar\u0131n\u0131n da anavatan\u0131d\u0131r.<\/p>\n<p>G\u00fcneyde, Mo\u011folistan kendi kendine s\u00fcr\u00fc\u015f seferiniz sizi vah\u015fi develerin, kar leoparlar\u0131n\u0131n, ay\u0131lar\u0131n, antiloplar\u0131n ve \u00e7\u00f6le adapte olmu\u015f say\u0131s\u0131z t\u00fcr\u00fcn ya\u015fad\u0131\u011f\u0131 \u00e7e\u015fitli Gobi \u00c7\u00f6l\u00fc'ne g\u00f6t\u00fcr\u00fcr. Bu dramatik z\u0131tl\u0131klar, bu Mo\u011folistan kara gezisini Asya'daki en zengin ve en \u00e7e\u015fitli 4\u00d74 yolculuklar\u0131ndan biri haline getiriyor.<\/p>","protected":false},"excerpt":{"rendered":"<p>Mo\u011folistan'\u0131n al\u0131\u015f\u0131lm\u0131\u015f\u0131n d\u0131\u015f\u0131ndaki en \u00e7arp\u0131c\u0131 manzaralar\u0131n\u0131 ke\u015ffedin!<\/p>","protected":false},"featured_media":5583,"comment_status":"open","ping_status":"closed","template":"","meta":{"_acf_changed":false,"iawp_total_views":271},"product_brand":[],"product_cat":[17],"product_tag":[],"class_list":{"0":"post-5532","1":"product","2":"type-product","3":"status-publish","4":"has-post-thumbnail","6":"product_cat-tours","8":"first","9":"instock","10":"virtual","11":"sold-individually","12":"purchasable","13":"product-type-booking"},"acf":[],"_links":{"self":[{"href":"https:\/\/mongolia.com.co\/tr\/wp-json\/wp\/v2\/product\/5532","targetHints":{"allow":["GET"]}}],"collection":[{"href":"https:\/\/mongolia.com.co\/tr\/wp-json\/wp\/v2\/product"}],"about":[{"href":"https:\/\/mongolia.com.co\/tr\/wp-json\/wp\/v2\/types\/product"}],"replies":[{"embeddable":true,"href":"https:\/\/mongolia.com.co\/tr\/wp-json\/wp\/v2\/comments?post=5532"}],"version-history":[{"count":36,"href":"https:\/\/mongolia.com.co\/tr\/wp-json\/wp\/v2\/product\/5532\/revisions"}],"predecessor-version":[{"id":5635,"href":"https:\/\/mongolia.com.co\/tr\/wp-json\/wp\/v2\/product\/5532\/revisions\/5635"}],"wp:featuredmedia":[{"embeddable":true,"href":"https:\/\/mongolia.com.co\/tr\/wp-json\/wp\/v2\/media\/5583"}],"wp:attachment":[{"href":"https:\/\/mongolia.com.co\/tr\/wp-json\/wp\/v2\/media?parent=5532"}],"wp:term":[{"taxonomy":"product_brand","embeddable":true,"href":"https:\/\/mongolia.com.co\/tr\/wp-json\/wp\/v2\/product_brand?post=5532"},{"taxonomy":"product_cat","embeddable":true,"href":"https:\/\/mongolia.com.co\/tr\/wp-json\/wp\/v2\/product_cat?post=5532"},{"taxonomy":"product_tag","embeddable":true,"href":"https:\/\/mongolia.com.co\/tr\/wp-json\/wp\/v2\/product_tag?post=5532"}],"curies":[{"name":"wp","href":"https:\/\/api.w.org\/{rel}","templated":true}]}}