{"id":5616,"date":"2025-12-04T19:29:23","date_gmt":"2025-12-04T11:29:23","guid":{"rendered":"https:\/\/mongolia.com.co\/?post_type=product&#038;p=5616"},"modified":"2026-03-13T13:17:28","modified_gmt":"2026-03-13T05:17:28","slug":"khuvsgul-altayi-ve-guney-gobi%cc%87ye-mogoli%cc%87stan-dongusu","status":"publish","type":"product","link":"https:\/\/mongolia.com.co\/tr\/turlar\/khuvsgul-altayi-ve-guney-gobi%cc%87ye-mogoli%cc%87stan-dongusu\/","title":{"rendered":"Khuvsgul, Altay ve G\u00fcney Gobi'ye Mo\u011folistan D\u00f6ng\u00fcs\u00fc"},"content":{"rendered":"<h2 data-start=\"239\" data-end=\"322\"><strong data-start=\"241\" data-end=\"322\">3 Hafta Mo\u011folistan - Kuzey, Bat\u0131 ve Gobi Boyunca Nihai Karayolu Ke\u015fif Gezisi<\/strong><\/h2>\n<p data-start=\"324\" data-end=\"747\">Kesin yolculu\u011fa \u00e7\u0131k\u0131n <strong data-start=\"349\" data-end=\"379\">3 haftal\u0131k Mo\u011folistan macera turu<\/strong> ve \u015fimdiye kadar olu\u015fturulmu\u015f en eksiksiz kara rotalar\u0131ndan birini ke\u015ffedin. Ham manzaralar, otantik kar\u015f\u0131la\u015fmalar ve ger\u00e7ek vah\u015fi do\u011fa \u00f6zg\u00fcrl\u00fc\u011f\u00fc arayan gezginler i\u00e7in tasarlanan bu 21 g\u00fcnl\u00fck ke\u015fif gezisi, sizi ormanl\u0131k kuzeyden ve efsanevi Khuvsgul G\u00f6l\u00fc'nden y\u00fcksek rak\u0131ml\u0131 Altay Da\u011flar\u0131'na ve u\u00e7suz bucaks\u0131z, sinematik Gobi \u00c7\u00f6l\u00fc'ne kadar Mo\u011folistan'\u0131n en ikonik b\u00f6lgelerine g\u00f6t\u00fcr\u00fcyor.<\/p>\n<p data-start=\"749\" data-end=\"1129\">\u0130ster tam donan\u0131ml\u0131 bir ara\u00e7la seyahat ediyor olun <a href=\"https:\/\/mongolia.com.co\/tr\/mogoli%cc%87stan-arac-ki%cc%87ralama-arac-fi%cc%87losu-selfdrive-tur\/\">4\u00d74 kiral\u0131k ara\u00e7<\/a> ya da bir <a href=\"https:\/\/themongoliatour.com\/tours\/altai-tracks-to-eagle-hunters\/\" target=\"_blank\" rel=\"noopener\">Altay'a rehberli Mo\u011folistan kendi kendine s\u00fcr\u00fc\u015f turu<\/a>, bu <strong data-start=\"846\" data-end=\"880\">\u00fc\u00e7 haftal\u0131k Mo\u011folistan gezi program\u0131<\/strong> \u00fclkeyi en vah\u015fi haliyle g\u00f6zler \u00f6n\u00fcne seriyor. Nehir vadileri boyunca uzak yollar\u0131 takip edecek, parlak gece g\u00f6ky\u00fcz\u00fcn\u00fcn alt\u0131nda uyuyacak, g\u00f6\u00e7ebe ailelerle tan\u0131\u015facak, Kazak kartal avc\u0131lar\u0131n\u0131 ziyaret edecek ve her g\u00fcn yeni bir d\u00fcnya gibi hissettirecek kadar \u00e7e\u015fitli ortamlardan ge\u00e7eceksiniz.<\/p>\n<p data-start=\"1131\" data-end=\"1530\">Bu rota, Mo\u011folistan'\u0131n kuzeydeki en saf tatl\u0131 su sistemlerini, kuzeybat\u0131 ve g\u00fcneydeki alt\u0131n kum tepelerini, volkanik platolar\u0131, Altay'daki da\u011f zirvelerini, antik k\u00fclt\u00fcr b\u00f6lgelerini ve Gobi'nin dramatik kanyonlar\u0131n\u0131 ve u\u00e7urumlar\u0131n\u0131 birbirine ba\u011flamaktad\u0131r. Mo\u011folistan'\u0131 kuzeyden bat\u0131ya ve g\u00fcneye tam \u00f6l\u00e7ekte deneyimlemek istiyorsan\u0131z bu <strong data-start=\"1429\" data-end=\"1453\">3 haftal\u0131k Mo\u011folistan turu<\/strong> macera, k\u00fclt\u00fcr ve nefes kesici do\u011fan\u0131n m\u00fckemmel dengesini sunar.<\/p>\n<h3 data-start=\"1537\" data-end=\"1598\"><strong data-start=\"1539\" data-end=\"1598\">Bu 3 Haftal\u0131k Mo\u011folistan Rotas\u0131nda Neler Ya\u015fayacaks\u0131n\u0131z?<\/strong><\/h3>\n<h4 data-start=\"1600\" data-end=\"1648\"><strong data-start=\"1604\" data-end=\"1648\">Kuzey Su Yollar\u0131 ve Ormanl\u0131k Vah\u015fi Do\u011fa<\/strong><\/h4>\n<p data-start=\"1649\" data-end=\"2034\">Yolculu\u011funuz, d\u00fcnyan\u0131n en temiz tatl\u0131 su a\u011flar\u0131ndan biri olan Selenge, Orkhon ve Eg-part'\u0131n tarihi nehir sistemlerini takip ederek ba\u015fl\u0131yor. Kuzeye giden yol sizi el de\u011fmemi\u015f taygalara, huzurlu nehir kenar\u0131 kamplar\u0131na ve nihayet kuzey Mo\u011folistan'\u0131n m\u00fccevherine g\u00f6t\u00fcr\u00fcr: <strong data-start=\"1924\" data-end=\"1941\">Khuvsgul G\u00f6l\u00fc<\/strong>, derinli\u011fi, berrakl\u0131\u011f\u0131 ve \u00e7evresindeki dramatik da\u011flarla \u00fcnl\u00fc bozulmam\u0131\u015f bir da\u011f g\u00f6l\u00fcd\u00fcr.<\/p>\n<h4 data-start=\"2036\" data-end=\"2090\"><strong data-start=\"2040\" data-end=\"2090\">Altan Els &amp; Mo\u011folistan'\u0131n Gizli Bat\u0131 S\u0131n\u0131r\u0131<\/strong><\/h4>\n<p data-start=\"2091\" data-end=\"2434\">Bat\u0131ya ge\u00e7ti\u011finizde <strong data-start=\"2128\" data-end=\"2141\">Altan Els<\/strong>, Mo\u011folistan'\u0131n en kuzeyindeki kumul sistemi ve develerin, yaklar\u0131n ve g\u00f6\u00e7ebe \u00e7obanlar\u0131n ayn\u0131 manzaray\u0131 payla\u015ft\u0131\u011f\u0131 ger\u00e7ek\u00fcst\u00fc bir ge\u00e7i\u015f b\u00f6lgesi. Rota daha sonra Mo\u011folistan'\u0131n <strong data-start=\"2313\" data-end=\"2332\">Altay Da\u011flar\u0131<\/strong>, vah\u015fi argali koyunlar\u0131na, da\u011f ke\u00e7ilerine, buzullara ve binlerce y\u0131ll\u0131k r\u00fczgar ve buzun \u015fekillendirdi\u011fi geni\u015f vadilere ev sahipli\u011fi yapmaktad\u0131r.<\/p>\n<p data-start=\"2436\" data-end=\"2602\">Herhangi bir uzun Mo\u011folistan turunun en \u00f6nemli \u00f6zelli\u011fi <strong data-start=\"2489\" data-end=\"2513\">Kazak kartal avc\u0131lar\u0131<\/strong> Bayan-Ulgii-D\u00fcnya'da hayatta kalan son eski av geleneklerinden birinin koruyucular\u0131.<\/p>\n<h4 data-start=\"2604\" data-end=\"2663\"><strong data-start=\"2608\" data-end=\"2663\">Uvs &amp; Uureg: B\u00fcy\u00fck Havzan\u0131n Y\u00fcksek \u0130rtifa G\u00f6lleri<\/strong><\/h4>\n<p data-start=\"2664\" data-end=\"2927\">Ulaangom'dan ve <strong data-start=\"2682\" data-end=\"2694\">Uvs G\u00f6l\u00fc<\/strong>, 'nin uzak mavi sular\u0131na, Mo\u011folistan'\u0131n en b\u00fcy\u00fck g\u00f6l\u00fc olan <strong data-start=\"2755\" data-end=\"2769\">Uureg G\u00f6l\u00fc<\/strong>, Rotan\u0131n bu k\u0131sm\u0131 \u00fclkenin en fotojenik da\u011f manzaralar\u0131ndan baz\u0131lar\u0131n\u0131 sunuyor. Burada Mo\u011folistan sonsuz, engebesiz, bo\u015f ve inan\u0131lmaz derecede g\u00fczel hissettiriyor.<\/p>\n<h4 data-start=\"2929\" data-end=\"2991\"><strong data-start=\"2933\" data-end=\"2991\">Gobi \u00c7\u00f6l\u00fc: Kumullar, Kanyonlar ve Sessiz Ta\u015f Tap\u0131naklar<\/strong><\/h4>\n<p data-start=\"2992\" data-end=\"3169\">\u00dc\u00e7 haftal\u0131k Mo\u011folistan geziniz daha sonra g\u00fcneye, Gobi'ye d\u00f6nerek y\u00fckselen kum tepeleri, gizli vadiler, vah\u015fi ya\u015fam ve tarih \u00f6ncesi manzaralarla dolu bir d\u00fcnyaya giriyor. \u00d6nemli noktalar \u015funlard\u0131r:<\/p>\n<ul data-start=\"3171\" data-end=\"3383\">\n<li data-start=\"3171\" data-end=\"3216\">\n<p data-start=\"3173\" data-end=\"3216\"><strong data-start=\"3173\" data-end=\"3187\">Barunbayan<\/strong> ve <strong data-start=\"3192\" data-end=\"3214\">Khongor Kum Tepeleri<\/strong><\/p>\n<\/li>\n<li data-start=\"3217\" data-end=\"3258\">\n<p data-start=\"3219\" data-end=\"3258\">Derin, serin kanyon <strong data-start=\"3244\" data-end=\"3256\">Yolin Am<\/strong><\/p>\n<\/li>\n<li data-start=\"3259\" data-end=\"3322\">\n<p data-start=\"3261\" data-end=\"3322\">Canl\u0131 beyaz kayal\u0131klar <strong data-start=\"3287\" data-end=\"3320\">Tsagaan Suvarga (Beyaz Stupa)<\/strong><\/p>\n<\/li>\n<li data-start=\"3323\" data-end=\"3383\">\n<p data-start=\"3325\" data-end=\"3383\">Antik granit olu\u015fumlar\u0131 <strong data-start=\"3359\" data-end=\"3383\">Bagaa Gazriin Chuluu<\/strong><\/p>\n<\/li>\n<\/ul>\n<p data-start=\"3385\" data-end=\"3564\">Yolculu\u011fu bitirmek <strong data-start=\"3407\" data-end=\"3431\">Terelj Ulusal Park\u0131<\/strong>, ormanlara, kaya olu\u015fumlar\u0131na ve geni\u015f a\u00e7\u0131k bozk\u0131rlara geri d\u00f6n\u00fcyorsunuz - Mo\u011folistan'da unutulmaz \u00fc\u00e7 hafta i\u00e7in ideal bir kapan\u0131\u015f b\u00f6l\u00fcm\u00fc.<\/p>","protected":false},"excerpt":{"rendered":"<p>Mo\u011folistan'\u0131n al\u0131\u015f\u0131lm\u0131\u015f\u0131n d\u0131\u015f\u0131ndaki en \u00e7arp\u0131c\u0131 manzaralar\u0131n\u0131 ke\u015ffedin!<\/p>","protected":false},"featured_media":5627,"comment_status":"open","ping_status":"closed","template":"","meta":{"_acf_changed":false,"iawp_total_views":171},"product_brand":[],"product_cat":[17],"product_tag":[],"class_list":{"0":"post-5616","1":"product","2":"type-product","3":"status-publish","4":"has-post-thumbnail","6":"product_cat-tours","8":"first","9":"instock","10":"virtual","11":"sold-individually","12":"purchasable","13":"product-type-booking"},"acf":[],"_links":{"self":[{"href":"https:\/\/mongolia.com.co\/tr\/wp-json\/wp\/v2\/product\/5616","targetHints":{"allow":["GET"]}}],"collection":[{"href":"https:\/\/mongolia.com.co\/tr\/wp-json\/wp\/v2\/product"}],"about":[{"href":"https:\/\/mongolia.com.co\/tr\/wp-json\/wp\/v2\/types\/product"}],"replies":[{"embeddable":true,"href":"https:\/\/mongolia.com.co\/tr\/wp-json\/wp\/v2\/comments?post=5616"}],"version-history":[{"count":12,"href":"https:\/\/mongolia.com.co\/tr\/wp-json\/wp\/v2\/product\/5616\/revisions"}],"predecessor-version":[{"id":5660,"href":"https:\/\/mongolia.com.co\/tr\/wp-json\/wp\/v2\/product\/5616\/revisions\/5660"}],"wp:featuredmedia":[{"embeddable":true,"href":"https:\/\/mongolia.com.co\/tr\/wp-json\/wp\/v2\/media\/5627"}],"wp:attachment":[{"href":"https:\/\/mongolia.com.co\/tr\/wp-json\/wp\/v2\/media?parent=5616"}],"wp:term":[{"taxonomy":"product_brand","embeddable":true,"href":"https:\/\/mongolia.com.co\/tr\/wp-json\/wp\/v2\/product_brand?post=5616"},{"taxonomy":"product_cat","embeddable":true,"href":"https:\/\/mongolia.com.co\/tr\/wp-json\/wp\/v2\/product_cat?post=5616"},{"taxonomy":"product_tag","embeddable":true,"href":"https:\/\/mongolia.com.co\/tr\/wp-json\/wp\/v2\/product_tag?post=5616"}],"curies":[{"name":"wp","href":"https:\/\/api.w.org\/{rel}","templated":true}]}}